{"id":2417,"date":"2024-07-05T05:54:23","date_gmt":"2024-07-05T05:54:23","guid":{"rendered":"https:\/\/zbz.lu\/root2disease\/"},"modified":"2024-08-29T11:55:24","modified_gmt":"2024-08-29T11:55:24","slug":"root2disease","status":"publish","type":"page","link":"https:\/\/zbz.lu\/sv\/root2disease\/","title":{"rendered":"Root2Disease"},"content":{"rendered":"\t\t<div data-elementor-type=\"wp-page\" data-elementor-id=\"2417\" class=\"elementor elementor-2417 elementor-109\" data-elementor-settings=\"{&quot;ha_cmc_init_switcher&quot;:&quot;no&quot;}\">\n\t\t\t\t\t\t<section class=\"elementor-section elementor-top-section elementor-element elementor-element-7d670214 elementor-section-boxed elementor-section-height-default elementor-section-height-default\" data-id=\"7d670214\" data-element_type=\"section\" data-e-type=\"section\" data-settings=\"{&quot;background_background&quot;:&quot;classic&quot;,&quot;shape_divider_bottom&quot;:&quot;waves&quot;,&quot;_ha_eqh_enable&quot;:false}\">\n\t\t\t\t\t\t\t<div class=\"elementor-background-overlay\"><\/div>\n\t\t\t\t\t\t<div class=\"elementor-shape elementor-shape-bottom\" aria-hidden=\"true\" data-negative=\"false\">\n\t\t\t<svg xmlns=\"http:\/\/www.w3.org\/2000\/svg\" viewBox=\"0 0 1000 100\" preserveAspectRatio=\"none\">\n\t<path class=\"elementor-shape-fill\" d=\"M421.9,6.5c22.6-2.5,51.5,0.4,75.5,5.3c23.6,4.9,70.9,23.5,100.5,35.7c75.8,32.2,133.7,44.5,192.6,49.7\n\tc23.6,2.1,48.7,3.5,103.4-2.5c54.7-6,106.2-25.6,106.2-25.6V0H0v30.3c0,0,72,32.6,158.4,30.5c39.2-0.7,92.8-6.7,134-22.4\n\tc21.2-8.1,52.2-18.2,79.7-24.2C399.3,7.9,411.6,7.5,421.9,6.5z\"\/>\n<\/svg>\t\t<\/div>\n\t\t\t\t\t<div class=\"elementor-container elementor-column-gap-default\">\n\t\t\t\t\t<div class=\"elementor-column elementor-col-100 elementor-top-column elementor-element elementor-element-752fc5f4\" data-id=\"752fc5f4\" data-element_type=\"column\" data-e-type=\"column\">\n\t\t\t<div class=\"elementor-widget-wrap elementor-element-populated\">\n\t\t\t\t\t\t<div class=\"elementor-element elementor-element-e729411 lesmarg elementor-widget elementor-widget-heading\" data-id=\"e729411\" data-element_type=\"widget\" data-e-type=\"widget\" data-widget_type=\"heading.default\">\n\t\t\t\t<div class=\"elementor-widget-container\">\n\t\t\t\t\t<h1 class=\"elementor-heading-title elementor-size-default\">Root2Disease<\/h1>\t\t\t\t<\/div>\n\t\t\t\t<\/div>\n\t\t\t\t<div class=\"elementor-element elementor-element-61292e0e elementor-widget-divider--view-line elementor-widget elementor-widget-divider\" data-id=\"61292e0e\" data-element_type=\"widget\" data-e-type=\"widget\" data-widget_type=\"divider.default\">\n\t\t\t\t<div class=\"elementor-widget-container\">\n\t\t\t\t\t\t\t<div class=\"elementor-divider\">\n\t\t\t<span class=\"elementor-divider-separator\">\n\t\t\t\t\t\t<\/span>\n\t\t<\/div>\n\t\t\t\t\t\t<\/div>\n\t\t\t\t<\/div>\n\t\t\t\t\t<\/div>\n\t\t<\/div>\n\t\t\t\t\t<\/div>\n\t\t<\/section>\n\t\t\t\t<section class=\"elementor-section elementor-top-section elementor-element elementor-element-6dbab02a elementor-section-boxed elementor-section-height-default elementor-section-height-default\" data-id=\"6dbab02a\" data-element_type=\"section\" data-e-type=\"section\" data-settings=\"{&quot;_ha_eqh_enable&quot;:false}\">\n\t\t\t\t\t\t<div class=\"elementor-container elementor-column-gap-default\">\n\t\t\t\t\t<div class=\"elementor-column elementor-col-50 elementor-top-column elementor-element elementor-element-35d85a09\" data-id=\"35d85a09\" data-element_type=\"column\" data-e-type=\"column\">\n\t\t\t<div class=\"elementor-widget-wrap elementor-element-populated\">\n\t\t\t\t\t\t<div class=\"elementor-element elementor-element-d1cbd22 elementor-widget elementor-widget-image\" data-id=\"d1cbd22\" data-element_type=\"widget\" data-e-type=\"widget\" data-widget_type=\"image.default\">\n\t\t\t\t<div class=\"elementor-widget-container\">\n\t\t\t\t\t\t\t\t\t\t\t\t\t\t\t<img fetchpriority=\"high\" decoding=\"async\" width=\"700\" height=\"487\" src=\"https:\/\/zbz.lu\/wp-content\/uploads\/2020\/11\/dfgfdf.jpg\" class=\"attachment-full size-full wp-image-2409\" alt=\"\" srcset=\"https:\/\/zbz.lu\/wp-content\/uploads\/2020\/11\/dfgfdf.jpg 700w, https:\/\/zbz.lu\/wp-content\/uploads\/2020\/11\/dfgfdf-300x209.jpg 300w\" sizes=\"(max-width: 700px) 100vw, 700px\" \/>\t\t\t\t\t\t\t\t\t\t\t\t\t\t\t<\/div>\n\t\t\t\t<\/div>\n\t\t\t\t\t<\/div>\n\t\t<\/div>\n\t\t\t\t<div class=\"elementor-column elementor-col-50 elementor-top-column elementor-element elementor-element-4b681d69\" data-id=\"4b681d69\" data-element_type=\"column\" data-e-type=\"column\">\n\t\t\t<div class=\"elementor-widget-wrap elementor-element-populated\">\n\t\t\t\t\t\t<div class=\"elementor-element elementor-element-3377eb35 lesmarg elementor-widget elementor-widget-heading\" data-id=\"3377eb35\" data-element_type=\"widget\" data-e-type=\"widget\" data-widget_type=\"heading.default\">\n\t\t\t\t<div class=\"elementor-widget-container\">\n\t\t\t\t\t<h3 class=\"elementor-heading-title elementor-size-default\">Vad \u00e4r det som ligger bakom Root2Disease-principen?<\/h3>\t\t\t\t<\/div>\n\t\t\t\t<\/div>\n\t\t\t\t<div class=\"elementor-element elementor-element-6ca13002 elementor-widget-divider--view-line elementor-widget elementor-widget-divider\" data-id=\"6ca13002\" data-element_type=\"widget\" data-e-type=\"widget\" data-widget_type=\"divider.default\">\n\t\t\t\t<div class=\"elementor-widget-container\">\n\t\t\t\t\t\t\t<div class=\"elementor-divider\">\n\t\t\t<span class=\"elementor-divider-separator\">\n\t\t\t\t\t\t<\/span>\n\t\t<\/div>\n\t\t\t\t\t\t<\/div>\n\t\t\t\t<\/div>\n\t\t\t\t<div class=\"elementor-element elementor-element-c86ad15 elementor-widget elementor-widget-text-editor\" data-id=\"c86ad15\" data-element_type=\"widget\" data-e-type=\"widget\" data-widget_type=\"text-editor.default\">\n\t\t\t\t<div class=\"elementor-widget-container\">\n\t\t\t\t\t\t\t\t\t<p style=\"text-align: left; margin-bottom: 10px;\">Varje d\u00f6d (\u00e4ven rotbehandlad) tand \u00e4r f\u00f6rknippad med h\u00e4lsoproblem. Detta \u00e4r i enlighet med Root2Disease-konceptet, som spelar en central roll inom biologisk tandv\u00e5rd. Mer exakt bygger detta p\u00e5 kunskapen om att rotbehandlade t\u00e4nder ofta leder till h\u00e4lsorisker. \u00c4ven med st\u00f6rsta f\u00f6rsiktighet under rotbehandlingen \u00e4r det n\u00e4stan om\u00f6jligt att \u00e5stadkomma en bakteries\u00e4ker f\u00f6rsegling av rotfyllningen. Tanden koloniseras av sjukdomsframkallande bakterier som bryter ner v\u00e4vnaden och producerar giftiga toxiner. Dessa kan i sin tur h\u00e4mma livsviktiga enzymer som till exempel kr\u00e4vs f\u00f6r andningskedjan.<\/p>\n<p style=\"text-align: left; margin-bottom: 0px;\">L\u00f6sningen: Rotbehandlade t\u00e4nder som orsakar problem m\u00e5ste tas bort. Detta \u00e4r det h\u00e4lsosammare alternativet f\u00f6r de flesta patienter och kan leda till en betydligt b\u00e4ttre livskvalitet med ett mindre ingrepp.<\/p>\t\t\t\t\t\t\t\t<\/div>\n\t\t\t\t<\/div>\n\t\t\t\t\t<\/div>\n\t\t<\/div>\n\t\t\t\t\t<\/div>\n\t\t<\/section>\n\t\t\t\t<section class=\"elementor-section elementor-top-section elementor-element elementor-element-4990f5aa elementor-reverse-mobile elementor-section-boxed elementor-section-height-default elementor-section-height-default\" data-id=\"4990f5aa\" data-element_type=\"section\" data-e-type=\"section\" data-settings=\"{&quot;background_background&quot;:&quot;gradient&quot;,&quot;shape_divider_top&quot;:&quot;waves&quot;,&quot;_ha_eqh_enable&quot;:false}\">\n\t\t\t\t\t<div class=\"elementor-shape elementor-shape-top\" aria-hidden=\"true\" data-negative=\"false\">\n\t\t\t<svg xmlns=\"http:\/\/www.w3.org\/2000\/svg\" viewBox=\"0 0 1000 100\" preserveAspectRatio=\"none\">\n\t<path class=\"elementor-shape-fill\" d=\"M421.9,6.5c22.6-2.5,51.5,0.4,75.5,5.3c23.6,4.9,70.9,23.5,100.5,35.7c75.8,32.2,133.7,44.5,192.6,49.7\n\tc23.6,2.1,48.7,3.5,103.4-2.5c54.7-6,106.2-25.6,106.2-25.6V0H0v30.3c0,0,72,32.6,158.4,30.5c39.2-0.7,92.8-6.7,134-22.4\n\tc21.2-8.1,52.2-18.2,79.7-24.2C399.3,7.9,411.6,7.5,421.9,6.5z\"\/>\n<\/svg>\t\t<\/div>\n\t\t\t\t\t<div class=\"elementor-container elementor-column-gap-default\">\n\t\t\t\t\t<div class=\"elementor-column elementor-col-50 elementor-top-column elementor-element elementor-element-4438706d\" data-id=\"4438706d\" data-element_type=\"column\" data-e-type=\"column\">\n\t\t\t<div class=\"elementor-widget-wrap elementor-element-populated\">\n\t\t\t\t\t\t<div class=\"elementor-element elementor-element-7ea9a142 lesmarg elementor-widget elementor-widget-heading\" data-id=\"7ea9a142\" data-element_type=\"widget\" data-e-type=\"widget\" data-widget_type=\"heading.default\">\n\t\t\t\t<div class=\"elementor-widget-container\">\n\t\t\t\t\t<h3 class=\"elementor-heading-title elementor-size-default\">Hur biotandv\u00e5rd<br>  Uppt\u00e4cker och eliminerar st\u00f6rningsf\u00e4lt<\/h3>\t\t\t\t<\/div>\n\t\t\t\t<\/div>\n\t\t\t\t<div class=\"elementor-element elementor-element-250fecd7 elementor-widget-divider--view-line elementor-widget elementor-widget-divider\" data-id=\"250fecd7\" data-element_type=\"widget\" data-e-type=\"widget\" data-widget_type=\"divider.default\">\n\t\t\t\t<div class=\"elementor-widget-container\">\n\t\t\t\t\t\t\t<div class=\"elementor-divider\">\n\t\t\t<span class=\"elementor-divider-separator\">\n\t\t\t\t\t\t<\/span>\n\t\t<\/div>\n\t\t\t\t\t\t<\/div>\n\t\t\t\t<\/div>\n\t\t\t\t<div class=\"elementor-element elementor-element-1ec5a165 elementor-widget elementor-widget-text-editor\" data-id=\"1ec5a165\" data-element_type=\"widget\" data-e-type=\"widget\" data-widget_type=\"text-editor.default\">\n\t\t\t\t<div class=\"elementor-widget-container\">\n\t\t\t\t\t\t\t\t\t<p style=\"text-align: left; margin-bottom: 10px;\">Rotbehandlade t\u00e4nder betraktas d\u00e4rf\u00f6r som st\u00f6rningsf\u00e4lt enligt Root2Disease-principen. Men hur tar tandl\u00e4karen reda p\u00e5 om en tand \u00e4r roten till en sjukdom?<\/p>\n<p style=\"text-align: left; margin-bottom: 10px;\">R\u00f6ntgendiagnostik \u00e4r en l\u00e4mplig metod f\u00f6r att detektera dessa st\u00f6rningsf\u00e4lt. Det \u00e4r h\u00e4r som biotandl\u00e4karen uppt\u00e4cker om det har bildats en inflammation runt den behandlade roten. Dessutom kan ett litet v\u00e4vnadsprov unders\u00f6kas i laboratoriet med avseende p\u00e5 metaboliska slutprodukter fr\u00e5n de tandkoloniserande bakterierna. Sist men inte minst \u00e4r den s\u00e5 kallade testinjektionen med prokain en diagnostisk \u00e5tg\u00e4rd f\u00f6r att uppt\u00e4cka st\u00f6rningsf\u00e4lt p\u00e5 parodontiet. F\u00f6r att g\u00f6ra detta injicerar tandl\u00e4karen en liten m\u00e4ngd prokain i den misst\u00e4nkta tanden, varp\u00e5 det bryts ned enzymatiskt. Om tanden i fr\u00e5ga \u00e4r ett st\u00f6rningsf\u00e4lt i den mening som avses i Root2Disease-konceptet, m\u00e4rker patienten vanligtvis f\u00f6r\u00e4ndringar i de fysiska besv\u00e4r som \u00e4r f\u00f6rknippade med detta st\u00f6rningsf\u00e4lt. F\u00f6r att lindra h\u00e4lsoproblemen \u00e4r det oftast bara m\u00f6jligt att ta bort den d\u00f6da tanden. \u00c5tg\u00e4rden \u00e4r dock v\u00e4rdefull f\u00f6r patienten: den bel\u00f6nas vanligtvis med symtomfrihet och en nyfunnen inst\u00e4llning till livet.<\/p>\t\t\t\t\t\t\t\t<\/div>\n\t\t\t\t<\/div>\n\t\t\t\t\t<\/div>\n\t\t<\/div>\n\t\t\t\t<div class=\"elementor-column elementor-col-50 elementor-top-column elementor-element elementor-element-2c2a232e\" data-id=\"2c2a232e\" data-element_type=\"column\" data-e-type=\"column\">\n\t\t\t<div class=\"elementor-widget-wrap elementor-element-populated\">\n\t\t\t\t\t\t<div class=\"elementor-element elementor-element-d5fc035 elementor-widget elementor-widget-image\" data-id=\"d5fc035\" data-element_type=\"widget\" data-e-type=\"widget\" data-widget_type=\"image.default\">\n\t\t\t\t<div class=\"elementor-widget-container\">\n\t\t\t\t\t\t\t\t\t\t\t\t\t\t\t<img decoding=\"async\" width=\"700\" height=\"712\" src=\"https:\/\/zbz.lu\/wp-content\/uploads\/2020\/11\/happy-young-caucasian-female-wearing-blue-long-sleeved-shirt-making-thumb-up-sign.jpg\" class=\"attachment-full size-full wp-image-2418\" alt=\"\" srcset=\"https:\/\/zbz.lu\/wp-content\/uploads\/2020\/11\/happy-young-caucasian-female-wearing-blue-long-sleeved-shirt-making-thumb-up-sign.jpg 700w, https:\/\/zbz.lu\/wp-content\/uploads\/2020\/11\/happy-young-caucasian-female-wearing-blue-long-sleeved-shirt-making-thumb-up-sign-295x300.jpg 295w\" sizes=\"(max-width: 700px) 100vw, 700px\" \/>\t\t\t\t\t\t\t\t\t\t\t\t\t\t\t<\/div>\n\t\t\t\t<\/div>\n\t\t\t\t\t<\/div>\n\t\t<\/div>\n\t\t\t\t\t<\/div>\n\t\t<\/section>\n\t\t\t\t<\/div>\n\t\t","protected":false},"excerpt":{"rendered":"<p>Root2Disease Vad \u00e4r det som ligger bakom Root2Disease-principen? Varje d\u00f6d (\u00e4ven rotbehandlad) tand \u00e4r f\u00f6rknippad med h\u00e4lsoproblem. Detta \u00e4r i enlighet med Root2Disease-konceptet, som spelar en central roll inom biologisk tandv\u00e5rd. Mer exakt bygger detta p\u00e5 kunskapen om att rotbehandlade t\u00e4nder ofta leder till h\u00e4lsorisker. \u00c4ven med st\u00f6rsta f\u00f6rsiktighet under rotbehandlingen \u00e4r det n\u00e4stan om\u00f6jligt [&hellip;]<\/p>\n","protected":false},"author":1,"featured_media":0,"parent":0,"menu_order":0,"comment_status":"closed","ping_status":"closed","template":"elementor_header_footer","meta":{"ocean_post_layout":"","ocean_both_sidebars_style":"","ocean_both_sidebars_content_width":0,"ocean_both_sidebars_sidebars_width":0,"ocean_sidebar":"","ocean_second_sidebar":"","ocean_disable_margins":"enable","ocean_add_body_class":"","ocean_shortcode_before_top_bar":"","ocean_shortcode_after_top_bar":"","ocean_shortcode_before_header":"","ocean_shortcode_after_header":"","ocean_has_shortcode":"","ocean_shortcode_after_title":"","ocean_shortcode_before_footer_widgets":"","ocean_shortcode_after_footer_widgets":"","ocean_shortcode_before_footer_bottom":"","ocean_shortcode_after_footer_bottom":"","ocean_display_top_bar":"default","ocean_display_header":"default","ocean_header_style":"","ocean_center_header_left_menu":"","ocean_custom_header_template":"","ocean_custom_logo":0,"ocean_custom_retina_logo":0,"ocean_custom_logo_max_width":0,"ocean_custom_logo_tablet_max_width":0,"ocean_custom_logo_mobile_max_width":0,"ocean_custom_logo_max_height":0,"ocean_custom_logo_tablet_max_height":0,"ocean_custom_logo_mobile_max_height":0,"ocean_header_custom_menu":"","ocean_menu_typo_font_family":"","ocean_menu_typo_font_subset":"","ocean_menu_typo_font_size":0,"ocean_menu_typo_font_size_tablet":0,"ocean_menu_typo_font_size_mobile":0,"ocean_menu_typo_font_size_unit":"px","ocean_menu_typo_font_weight":"","ocean_menu_typo_font_weight_tablet":"","ocean_menu_typo_font_weight_mobile":"","ocean_menu_typo_transform":"","ocean_menu_typo_transform_tablet":"","ocean_menu_typo_transform_mobile":"","ocean_menu_typo_line_height":0,"ocean_menu_typo_line_height_tablet":0,"ocean_menu_typo_line_height_mobile":0,"ocean_menu_typo_line_height_unit":"","ocean_menu_typo_spacing":0,"ocean_menu_typo_spacing_tablet":0,"ocean_menu_typo_spacing_mobile":0,"ocean_menu_typo_spacing_unit":"","ocean_menu_link_color":"","ocean_menu_link_color_hover":"","ocean_menu_link_color_active":"","ocean_menu_link_background":"","ocean_menu_link_hover_background":"","ocean_menu_link_active_background":"","ocean_menu_social_links_bg":"","ocean_menu_social_hover_links_bg":"","ocean_menu_social_links_color":"","ocean_menu_social_hover_links_color":"","ocean_disable_title":"default","ocean_disable_heading":"default","ocean_post_title":"","ocean_post_subheading":"","ocean_post_title_style":"","ocean_post_title_background_color":"","ocean_post_title_background":0,"ocean_post_title_bg_image_position":"","ocean_post_title_bg_image_attachment":"","ocean_post_title_bg_image_repeat":"","ocean_post_title_bg_image_size":"","ocean_post_title_height":0,"ocean_post_title_bg_overlay":0.5,"ocean_post_title_bg_overlay_color":"","ocean_disable_breadcrumbs":"default","ocean_breadcrumbs_color":"","ocean_breadcrumbs_separator_color":"","ocean_breadcrumbs_links_color":"","ocean_breadcrumbs_links_hover_color":"","ocean_display_footer_widgets":"default","ocean_display_footer_bottom":"default","ocean_custom_footer_template":"","footnotes":""},"class_list":["post-2417","page","type-page","status-publish","hentry","entry"],"yoast_head":"<!-- This site is optimized with the Yoast SEO plugin v27.5 - https:\/\/yoast.com\/product\/yoast-seo-wordpress\/ -->\n<title>Root2Disease: Spelar en central roll i bio-tandv\u00e5rd - Lux Biohealth<\/title>\n<meta name=\"description\" content=\"Root2Disease utg\u00e5r fr\u00e5n att rotbehandlade t\u00e4nder ofta inneb\u00e4r h\u00e4lsorisker. \u00c4r din tand roten till en sjukdom?\" \/>\n<meta name=\"robots\" content=\"index, follow, max-snippet:-1, max-image-preview:large, max-video-preview:-1\" \/>\n<link rel=\"canonical\" href=\"https:\/\/zbz.lu\/sv\/root2disease\/\" \/>\n<meta property=\"og:locale\" content=\"sv_SE\" \/>\n<meta property=\"og:type\" content=\"article\" \/>\n<meta property=\"og:title\" content=\"Root2Disease: Spelar en central roll i bio-tandv\u00e5rd - Lux Biohealth\" \/>\n<meta property=\"og:description\" content=\"Root2Disease utg\u00e5r fr\u00e5n att rotbehandlade t\u00e4nder ofta inneb\u00e4r h\u00e4lsorisker. \u00c4r din tand roten till en sjukdom?\" \/>\n<meta property=\"og:url\" content=\"https:\/\/zbz.lu\/sv\/root2disease\/\" \/>\n<meta property=\"og:site_name\" content=\"Lux Biohealth\" \/>\n<meta property=\"article:modified_time\" content=\"2024-08-29T11:55:24+00:00\" \/>\n<meta property=\"og:image\" content=\"https:\/\/zbz.lu\/wp-content\/uploads\/2020\/11\/dfgfdf.jpg\" \/>\n<meta name=\"twitter:card\" content=\"summary_large_image\" \/>\n<meta name=\"twitter:label1\" content=\"Ber\u00e4knad l\u00e4stid\" \/>\n\t<meta name=\"twitter:data1\" content=\"2 minuter\" \/>\n<script type=\"application\/ld+json\" class=\"yoast-schema-graph\">{\"@context\":\"https:\\\/\\\/schema.org\",\"@graph\":[{\"@type\":\"WebPage\",\"@id\":\"https:\\\/\\\/zbz.lu\\\/sv\\\/root2disease\\\/\",\"url\":\"https:\\\/\\\/zbz.lu\\\/sv\\\/root2disease\\\/\",\"name\":\"Root2Disease: Spelar en central roll i bio-tandv\u00e5rd - Lux Biohealth\",\"isPartOf\":{\"@id\":\"https:\\\/\\\/zbz.lu\\\/sv\\\/#website\"},\"primaryImageOfPage\":{\"@id\":\"https:\\\/\\\/zbz.lu\\\/sv\\\/root2disease\\\/#primaryimage\"},\"image\":{\"@id\":\"https:\\\/\\\/zbz.lu\\\/sv\\\/root2disease\\\/#primaryimage\"},\"thumbnailUrl\":\"https:\\\/\\\/zbz.lu\\\/wp-content\\\/uploads\\\/2020\\\/11\\\/dfgfdf.jpg\",\"datePublished\":\"2024-07-05T05:54:23+00:00\",\"dateModified\":\"2024-08-29T11:55:24+00:00\",\"description\":\"Root2Disease utg\u00e5r fr\u00e5n att rotbehandlade t\u00e4nder ofta inneb\u00e4r h\u00e4lsorisker. \u00c4r din tand roten till en sjukdom?\",\"breadcrumb\":{\"@id\":\"https:\\\/\\\/zbz.lu\\\/sv\\\/root2disease\\\/#breadcrumb\"},\"inLanguage\":\"sv-SE\",\"potentialAction\":[{\"@type\":\"ReadAction\",\"target\":[\"https:\\\/\\\/zbz.lu\\\/sv\\\/root2disease\\\/\"]}]},{\"@type\":\"ImageObject\",\"inLanguage\":\"sv-SE\",\"@id\":\"https:\\\/\\\/zbz.lu\\\/sv\\\/root2disease\\\/#primaryimage\",\"url\":\"https:\\\/\\\/zbz.lu\\\/wp-content\\\/uploads\\\/2020\\\/11\\\/dfgfdf.jpg\",\"contentUrl\":\"https:\\\/\\\/zbz.lu\\\/wp-content\\\/uploads\\\/2020\\\/11\\\/dfgfdf.jpg\"},{\"@type\":\"BreadcrumbList\",\"@id\":\"https:\\\/\\\/zbz.lu\\\/sv\\\/root2disease\\\/#breadcrumb\",\"itemListElement\":[{\"@type\":\"ListItem\",\"position\":1,\"name\":\"Startseite\",\"item\":\"https:\\\/\\\/zbz.lu\\\/sv\\\/hemsida\\\/\"},{\"@type\":\"ListItem\",\"position\":2,\"name\":\"Root2Disease\"}]},{\"@type\":\"WebSite\",\"@id\":\"https:\\\/\\\/zbz.lu\\\/sv\\\/#website\",\"url\":\"https:\\\/\\\/zbz.lu\\\/sv\\\/\",\"name\":\"Lux Biohealth\",\"description\":\"Zentrum f\u00fcr biologische Zahnmedizin\",\"publisher\":{\"@id\":\"https:\\\/\\\/zbz.lu\\\/sv\\\/#organization\"},\"potentialAction\":[{\"@type\":\"SearchAction\",\"target\":{\"@type\":\"EntryPoint\",\"urlTemplate\":\"https:\\\/\\\/zbz.lu\\\/sv\\\/?s={search_term_string}\"},\"query-input\":{\"@type\":\"PropertyValueSpecification\",\"valueRequired\":true,\"valueName\":\"search_term_string\"}}],\"inLanguage\":\"sv-SE\"},{\"@type\":\"Organization\",\"@id\":\"https:\\\/\\\/zbz.lu\\\/sv\\\/#organization\",\"name\":\"Lux Biohealth\",\"url\":\"https:\\\/\\\/zbz.lu\\\/sv\\\/\",\"logo\":{\"@type\":\"ImageObject\",\"inLanguage\":\"sv-SE\",\"@id\":\"https:\\\/\\\/zbz.lu\\\/sv\\\/#\\\/schema\\\/logo\\\/image\\\/\",\"url\":\"https:\\\/\\\/zbz.lu\\\/wp-content\\\/uploads\\\/2025\\\/11\\\/LuxBioHealth4.png\",\"contentUrl\":\"https:\\\/\\\/zbz.lu\\\/wp-content\\\/uploads\\\/2025\\\/11\\\/LuxBioHealth4.png\",\"width\":1432,\"height\":374,\"caption\":\"Lux Biohealth\"},\"image\":{\"@id\":\"https:\\\/\\\/zbz.lu\\\/sv\\\/#\\\/schema\\\/logo\\\/image\\\/\"}}]}<\/script>\n<!-- \/ Yoast SEO plugin. -->","yoast_head_json":{"title":"Root2Disease: Spelar en central roll i bio-tandv\u00e5rd - Lux Biohealth","description":"Root2Disease utg\u00e5r fr\u00e5n att rotbehandlade t\u00e4nder ofta inneb\u00e4r h\u00e4lsorisker. \u00c4r din tand roten till en sjukdom?","robots":{"index":"index","follow":"follow","max-snippet":"max-snippet:-1","max-image-preview":"max-image-preview:large","max-video-preview":"max-video-preview:-1"},"canonical":"https:\/\/zbz.lu\/sv\/root2disease\/","og_locale":"sv_SE","og_type":"article","og_title":"Root2Disease: Spelar en central roll i bio-tandv\u00e5rd - Lux Biohealth","og_description":"Root2Disease utg\u00e5r fr\u00e5n att rotbehandlade t\u00e4nder ofta inneb\u00e4r h\u00e4lsorisker. \u00c4r din tand roten till en sjukdom?","og_url":"https:\/\/zbz.lu\/sv\/root2disease\/","og_site_name":"Lux Biohealth","article_modified_time":"2024-08-29T11:55:24+00:00","og_image":[{"url":"https:\/\/zbz.lu\/wp-content\/uploads\/2020\/11\/dfgfdf.jpg","type":"","width":"","height":""}],"twitter_card":"summary_large_image","twitter_misc":{"Ber\u00e4knad l\u00e4stid":"2 minuter"},"schema":{"@context":"https:\/\/schema.org","@graph":[{"@type":"WebPage","@id":"https:\/\/zbz.lu\/sv\/root2disease\/","url":"https:\/\/zbz.lu\/sv\/root2disease\/","name":"Root2Disease: Spelar en central roll i bio-tandv\u00e5rd - Lux Biohealth","isPartOf":{"@id":"https:\/\/zbz.lu\/sv\/#website"},"primaryImageOfPage":{"@id":"https:\/\/zbz.lu\/sv\/root2disease\/#primaryimage"},"image":{"@id":"https:\/\/zbz.lu\/sv\/root2disease\/#primaryimage"},"thumbnailUrl":"https:\/\/zbz.lu\/wp-content\/uploads\/2020\/11\/dfgfdf.jpg","datePublished":"2024-07-05T05:54:23+00:00","dateModified":"2024-08-29T11:55:24+00:00","description":"Root2Disease utg\u00e5r fr\u00e5n att rotbehandlade t\u00e4nder ofta inneb\u00e4r h\u00e4lsorisker. \u00c4r din tand roten till en sjukdom?","breadcrumb":{"@id":"https:\/\/zbz.lu\/sv\/root2disease\/#breadcrumb"},"inLanguage":"sv-SE","potentialAction":[{"@type":"ReadAction","target":["https:\/\/zbz.lu\/sv\/root2disease\/"]}]},{"@type":"ImageObject","inLanguage":"sv-SE","@id":"https:\/\/zbz.lu\/sv\/root2disease\/#primaryimage","url":"https:\/\/zbz.lu\/wp-content\/uploads\/2020\/11\/dfgfdf.jpg","contentUrl":"https:\/\/zbz.lu\/wp-content\/uploads\/2020\/11\/dfgfdf.jpg"},{"@type":"BreadcrumbList","@id":"https:\/\/zbz.lu\/sv\/root2disease\/#breadcrumb","itemListElement":[{"@type":"ListItem","position":1,"name":"Startseite","item":"https:\/\/zbz.lu\/sv\/hemsida\/"},{"@type":"ListItem","position":2,"name":"Root2Disease"}]},{"@type":"WebSite","@id":"https:\/\/zbz.lu\/sv\/#website","url":"https:\/\/zbz.lu\/sv\/","name":"Lux Biohealth","description":"Zentrum f\u00fcr biologische Zahnmedizin","publisher":{"@id":"https:\/\/zbz.lu\/sv\/#organization"},"potentialAction":[{"@type":"SearchAction","target":{"@type":"EntryPoint","urlTemplate":"https:\/\/zbz.lu\/sv\/?s={search_term_string}"},"query-input":{"@type":"PropertyValueSpecification","valueRequired":true,"valueName":"search_term_string"}}],"inLanguage":"sv-SE"},{"@type":"Organization","@id":"https:\/\/zbz.lu\/sv\/#organization","name":"Lux Biohealth","url":"https:\/\/zbz.lu\/sv\/","logo":{"@type":"ImageObject","inLanguage":"sv-SE","@id":"https:\/\/zbz.lu\/sv\/#\/schema\/logo\/image\/","url":"https:\/\/zbz.lu\/wp-content\/uploads\/2025\/11\/LuxBioHealth4.png","contentUrl":"https:\/\/zbz.lu\/wp-content\/uploads\/2025\/11\/LuxBioHealth4.png","width":1432,"height":374,"caption":"Lux Biohealth"},"image":{"@id":"https:\/\/zbz.lu\/sv\/#\/schema\/logo\/image\/"}}]}},"_links":{"self":[{"href":"https:\/\/zbz.lu\/sv\/wp-json\/wp\/v2\/pages\/2417","targetHints":{"allow":["GET"]}}],"collection":[{"href":"https:\/\/zbz.lu\/sv\/wp-json\/wp\/v2\/pages"}],"about":[{"href":"https:\/\/zbz.lu\/sv\/wp-json\/wp\/v2\/types\/page"}],"author":[{"embeddable":true,"href":"https:\/\/zbz.lu\/sv\/wp-json\/wp\/v2\/users\/1"}],"replies":[{"embeddable":true,"href":"https:\/\/zbz.lu\/sv\/wp-json\/wp\/v2\/comments?post=2417"}],"version-history":[{"count":2,"href":"https:\/\/zbz.lu\/sv\/wp-json\/wp\/v2\/pages\/2417\/revisions"}],"predecessor-version":[{"id":3235,"href":"https:\/\/zbz.lu\/sv\/wp-json\/wp\/v2\/pages\/2417\/revisions\/3235"}],"wp:attachment":[{"href":"https:\/\/zbz.lu\/sv\/wp-json\/wp\/v2\/media?parent=2417"}],"curies":[{"name":"wp","href":"https:\/\/api.w.org\/{rel}","templated":true}]}}