{"id":1294,"date":"2020-10-21T09:19:38","date_gmt":"2020-10-21T09:19:38","guid":{"rendered":"https:\/\/zbz.lu\/root2disease\/"},"modified":"2021-06-07T08:30:28","modified_gmt":"2021-06-07T08:30:28","slug":"root2disease","status":"publish","type":"page","link":"https:\/\/zbz.lu\/lb\/root2disease\/","title":{"rendered":"Root2Disease"},"content":{"rendered":"\t\t<div data-elementor-type=\"wp-page\" data-elementor-id=\"1294\" class=\"elementor elementor-1294 elementor-109\" data-elementor-settings=\"{&quot;ha_cmc_init_switcher&quot;:&quot;no&quot;}\">\n\t\t\t\t\t\t<section class=\"elementor-section elementor-top-section elementor-element elementor-element-7d670214 elementor-section-boxed elementor-section-height-default elementor-section-height-default\" data-id=\"7d670214\" data-element_type=\"section\" data-e-type=\"section\" data-settings=\"{&quot;background_background&quot;:&quot;classic&quot;,&quot;shape_divider_bottom&quot;:&quot;waves&quot;,&quot;_ha_eqh_enable&quot;:false}\">\n\t\t\t\t\t\t\t<div class=\"elementor-background-overlay\"><\/div>\n\t\t\t\t\t\t<div class=\"elementor-shape elementor-shape-bottom\" aria-hidden=\"true\" data-negative=\"false\">\n\t\t\t<svg xmlns=\"http:\/\/www.w3.org\/2000\/svg\" viewBox=\"0 0 1000 100\" preserveAspectRatio=\"none\">\n\t<path class=\"elementor-shape-fill\" d=\"M421.9,6.5c22.6-2.5,51.5,0.4,75.5,5.3c23.6,4.9,70.9,23.5,100.5,35.7c75.8,32.2,133.7,44.5,192.6,49.7\n\tc23.6,2.1,48.7,3.5,103.4-2.5c54.7-6,106.2-25.6,106.2-25.6V0H0v30.3c0,0,72,32.6,158.4,30.5c39.2-0.7,92.8-6.7,134-22.4\n\tc21.2-8.1,52.2-18.2,79.7-24.2C399.3,7.9,411.6,7.5,421.9,6.5z\"\/>\n<\/svg>\t\t<\/div>\n\t\t\t\t\t<div class=\"elementor-container elementor-column-gap-default\">\n\t\t\t\t\t<div class=\"elementor-column elementor-col-100 elementor-top-column elementor-element elementor-element-752fc5f4\" data-id=\"752fc5f4\" data-element_type=\"column\" data-e-type=\"column\">\n\t\t\t<div class=\"elementor-widget-wrap elementor-element-populated\">\n\t\t\t\t\t\t<div class=\"elementor-element elementor-element-e729411 lesmarg elementor-widget elementor-widget-heading\" data-id=\"e729411\" data-element_type=\"widget\" data-e-type=\"widget\" data-widget_type=\"heading.default\">\n\t\t\t\t<div class=\"elementor-widget-container\">\n\t\t\t\t\t<h1 class=\"elementor-heading-title elementor-size-default\">Root2Disease<\/h1>\t\t\t\t<\/div>\n\t\t\t\t<\/div>\n\t\t\t\t<div class=\"elementor-element elementor-element-61292e0e elementor-widget-divider--view-line elementor-widget elementor-widget-divider\" data-id=\"61292e0e\" data-element_type=\"widget\" data-e-type=\"widget\" data-widget_type=\"divider.default\">\n\t\t\t\t<div class=\"elementor-widget-container\">\n\t\t\t\t\t\t\t<div class=\"elementor-divider\">\n\t\t\t<span class=\"elementor-divider-separator\">\n\t\t\t\t\t\t<\/span>\n\t\t<\/div>\n\t\t\t\t\t\t<\/div>\n\t\t\t\t<\/div>\n\t\t\t\t\t<\/div>\n\t\t<\/div>\n\t\t\t\t\t<\/div>\n\t\t<\/section>\n\t\t\t\t<section class=\"elementor-section elementor-top-section elementor-element elementor-element-6dbab02a elementor-section-boxed elementor-section-height-default elementor-section-height-default\" data-id=\"6dbab02a\" data-element_type=\"section\" data-e-type=\"section\" data-settings=\"{&quot;_ha_eqh_enable&quot;:false}\">\n\t\t\t\t\t\t<div class=\"elementor-container elementor-column-gap-default\">\n\t\t\t\t\t<div class=\"elementor-column elementor-col-50 elementor-top-column elementor-element elementor-element-35d85a09\" data-id=\"35d85a09\" data-element_type=\"column\" data-e-type=\"column\">\n\t\t\t<div class=\"elementor-widget-wrap elementor-element-populated\">\n\t\t\t\t\t\t<div class=\"elementor-element elementor-element-d1cbd22 elementor-widget elementor-widget-image\" data-id=\"d1cbd22\" data-element_type=\"widget\" data-e-type=\"widget\" data-widget_type=\"image.default\">\n\t\t\t\t<div class=\"elementor-widget-container\">\n\t\t\t\t\t\t\t\t\t\t\t\t\t\t\t<img fetchpriority=\"high\" decoding=\"async\" width=\"700\" height=\"487\" src=\"https:\/\/zbz.lu\/wp-content\/uploads\/2020\/11\/dfgfdf.jpg\" class=\"attachment-full size-full wp-image-1165\" alt=\"\" srcset=\"https:\/\/zbz.lu\/wp-content\/uploads\/2020\/11\/dfgfdf.jpg 700w, https:\/\/zbz.lu\/wp-content\/uploads\/2020\/11\/dfgfdf-300x209.jpg 300w\" sizes=\"(max-width: 700px) 100vw, 700px\" \/>\t\t\t\t\t\t\t\t\t\t\t\t\t\t\t<\/div>\n\t\t\t\t<\/div>\n\t\t\t\t\t<\/div>\n\t\t<\/div>\n\t\t\t\t<div class=\"elementor-column elementor-col-50 elementor-top-column elementor-element elementor-element-4b681d69\" data-id=\"4b681d69\" data-element_type=\"column\" data-e-type=\"column\">\n\t\t\t<div class=\"elementor-widget-wrap elementor-element-populated\">\n\t\t\t\t\t\t<div class=\"elementor-element elementor-element-3377eb35 lesmarg elementor-widget elementor-widget-heading\" data-id=\"3377eb35\" data-element_type=\"widget\" data-e-type=\"widget\" data-widget_type=\"heading.default\">\n\t\t\t\t<div class=\"elementor-widget-container\">\n\t\t\t\t\t<h3 class=\"elementor-heading-title elementor-size-default\">Wat st\u00e9cht hanner dem Root2Disease-Prinzip?\n<\/h3>\t\t\t\t<\/div>\n\t\t\t\t<\/div>\n\t\t\t\t<div class=\"elementor-element elementor-element-6ca13002 elementor-widget-divider--view-line elementor-widget elementor-widget-divider\" data-id=\"6ca13002\" data-element_type=\"widget\" data-e-type=\"widget\" data-widget_type=\"divider.default\">\n\t\t\t\t<div class=\"elementor-widget-container\">\n\t\t\t\t\t\t\t<div class=\"elementor-divider\">\n\t\t\t<span class=\"elementor-divider-separator\">\n\t\t\t\t\t\t<\/span>\n\t\t<\/div>\n\t\t\t\t\t\t<\/div>\n\t\t\t\t<\/div>\n\t\t\t\t<div class=\"elementor-element elementor-element-c86ad15 elementor-widget elementor-widget-text-editor\" data-id=\"c86ad15\" data-element_type=\"widget\" data-e-type=\"widget\" data-widget_type=\"text-editor.default\">\n\t\t\t\t<div class=\"elementor-widget-container\">\n\t\t\t\t\t\t\t\t\t<p>Jiddwer doudegen (och un der Wuerzel behandelten) Zant ass mat gesondheetleche Problemer verbonnen. D\u00ebst ass d\u2019Ausso hanner dem sougenannte Root2Disease-Konzept, dat an der biologescher Z\u00e4nnmedezin eng zentral Roll anh\u00eblt. M\u00e9i genau gesot st\u00e9cht dohanner d\u2019W\u00ebssen doriwwer, datt sech duerch Z\u00e4nn, d\u00e9i un der Wuerzel behandelt goufen, dacks gesondheetlech Risiken entw\u00e9ckelen. Well, egal ew\u00e9i gutt een oppasst, sou ass et bal net m\u00e9iglech w\u00e4rend enger Wuerzelbehandlung en Ofschloss ze maachen, deen absolut dicht g\u00e9int d\u2019Andr\u00e9nge vu Bakterien ass. Um Zant setzen sech Bakterie fest, d\u00e9i e krank maachen, d\u00e9i s\u00e4i Geweebe zersetzen an dob\u00e4i g\u00ebfteg Substanze produz\u00e9ieren. D\u00ebs toxesch Substanze sinn amstand liewenswichteg Enzymer ze hemmen, d\u00e9i n\u00e9ideg si fir d\u2019Funktion\u00e9iere vun der Ootmungsketten. <br \/>D\u2019L\u00e9isung heifir: Un der Wuerzel behandelt Z\u00e4nn, d\u00e9i Problemer schafen, mussen erausgeholl ginn. Fir d\u00e9i meescht Patienten ass d\u00ebs d\u2019Alternativ, d\u00e9i d\u2019Gesondheet am meeschte schount a si ka mat engem klengen Agr\u00ebff er\u00ebm zu d\u00e4itlech m\u00e9i Liewensqualit\u00e9it f\u00e9ieren.<\/p>\t\t\t\t\t\t\t\t<\/div>\n\t\t\t\t<\/div>\n\t\t\t\t\t<\/div>\n\t\t<\/div>\n\t\t\t\t\t<\/div>\n\t\t<\/section>\n\t\t\t\t<section class=\"elementor-section elementor-top-section elementor-element elementor-element-4990f5aa elementor-reverse-mobile elementor-section-boxed elementor-section-height-default elementor-section-height-default\" data-id=\"4990f5aa\" data-element_type=\"section\" data-e-type=\"section\" data-settings=\"{&quot;background_background&quot;:&quot;gradient&quot;,&quot;shape_divider_top&quot;:&quot;waves&quot;,&quot;_ha_eqh_enable&quot;:false}\">\n\t\t\t\t\t<div class=\"elementor-shape elementor-shape-top\" aria-hidden=\"true\" data-negative=\"false\">\n\t\t\t<svg xmlns=\"http:\/\/www.w3.org\/2000\/svg\" viewBox=\"0 0 1000 100\" preserveAspectRatio=\"none\">\n\t<path class=\"elementor-shape-fill\" d=\"M421.9,6.5c22.6-2.5,51.5,0.4,75.5,5.3c23.6,4.9,70.9,23.5,100.5,35.7c75.8,32.2,133.7,44.5,192.6,49.7\n\tc23.6,2.1,48.7,3.5,103.4-2.5c54.7-6,106.2-25.6,106.2-25.6V0H0v30.3c0,0,72,32.6,158.4,30.5c39.2-0.7,92.8-6.7,134-22.4\n\tc21.2-8.1,52.2-18.2,79.7-24.2C399.3,7.9,411.6,7.5,421.9,6.5z\"\/>\n<\/svg>\t\t<\/div>\n\t\t\t\t\t<div class=\"elementor-container elementor-column-gap-default\">\n\t\t\t\t\t<div class=\"elementor-column elementor-col-50 elementor-top-column elementor-element elementor-element-4438706d\" data-id=\"4438706d\" data-element_type=\"column\" data-e-type=\"column\">\n\t\t\t<div class=\"elementor-widget-wrap elementor-element-populated\">\n\t\t\t\t\t\t<div class=\"elementor-element elementor-element-7ea9a142 lesmarg elementor-widget elementor-widget-heading\" data-id=\"7ea9a142\" data-element_type=\"widget\" data-e-type=\"widget\" data-widget_type=\"heading.default\">\n\t\t\t\t<div class=\"elementor-widget-container\">\n\t\t\t\t\t<h3 class=\"elementor-heading-title elementor-size-default\">W\u00e9i d\u2019Bio-Z\u00e4nnmedezin\u2028<br>\nSt\u00e9ierfelder detekt\u00e9iert an elimin\u00e9iert<\/h3>\t\t\t\t<\/div>\n\t\t\t\t<\/div>\n\t\t\t\t<div class=\"elementor-element elementor-element-250fecd7 elementor-widget-divider--view-line elementor-widget elementor-widget-divider\" data-id=\"250fecd7\" data-element_type=\"widget\" data-e-type=\"widget\" data-widget_type=\"divider.default\">\n\t\t\t\t<div class=\"elementor-widget-container\">\n\t\t\t\t\t\t\t<div class=\"elementor-divider\">\n\t\t\t<span class=\"elementor-divider-separator\">\n\t\t\t\t\t\t<\/span>\n\t\t<\/div>\n\t\t\t\t\t\t<\/div>\n\t\t\t\t<\/div>\n\t\t\t\t<div class=\"elementor-element elementor-element-1ec5a165 elementor-widget elementor-widget-text-editor\" data-id=\"1ec5a165\" data-element_type=\"widget\" data-e-type=\"widget\" data-widget_type=\"text-editor.default\">\n\t\t\t\t<div class=\"elementor-widget-container\">\n\t\t\t\t\t\t\t\t\t<p>Un der Wuerzel behandelt Z\u00e4nn ginn nom Root2Disease-Prinzip deemno als St\u00e9ierfelder betruecht. Mee w\u00e9i kann den Z\u00e4nndokter erausfannen, ob esou een Zant d\u2019Wuerzel vun enger Erkrankung ass?<br \/>D\u2018R\u00ebntgendiagnostik ass eng g\u00ebeegent Method, fir d\u00ebs St\u00e9ierfelder ze detekt\u00e9ieren. Hei erkennt de Bio-Z\u00e4nnmedeziner, ob sech eng Entz\u00fcndung ronder\u00ebm d\u00e9i behandelt Wuerzel gebilt huet oder net. Doriwwer eraus l\u00e9isst sech och eng kleng Prouf vum Geweebe am Labo \u00ebnnersichen, fir d\u2019Diagnos k\u00ebnnen ze stellen, ob Stoffwiessel-Endprodukter vu Bakterien, d\u00e9i sech um Zant ofgesat hunn, nozeweise sinn oder net. Zu gudder Lescht ass d\u00e9i sougenannt Test-Injektioun mat Proca\u00efn eng Moossnam fir en Diagnostik ze erstellen a fir St\u00e9ierfelder un der Z\u00e4nnapparatur (d\u00e9i en halen) ze detekt\u00e9ieren. Zu d\u00ebsem Zweck injekt\u00e9iert de Bio-Z\u00e4nndokter eng kleng Quantit\u00e9it Proca\u00efn an de verd\u00e4chtegen Zant: De Proca\u00efn g\u00ebtt enzymatesch ofgebaut. Falls et sech bei dem betraffenen Zant \u00ebm e St\u00e9ierfeld am S\u00ebnn vum Root2Disease-Konzept handelt, stellt de Patient meeschtens Ver\u00e4nnerungen am S\u00ebnn vu kierperleche St\u00e9ierunge fest, d\u00e9i direkt gekoppelt sinn un d\u2019St\u00e9ierfeld vum betraffenen Zant. Bewosst ass d\u00e9i Wiesselwierkung esou vum Patient virdrunner vl\u00e4icht net wouergeholl ginn.* Fir d\u00ebs gesondheetlech Problemer ofzeschw\u00e4chen, f\u00e9iert meeschtens n\u00ebmmen d\u2019Eraushuele vum doudegen Zant zu d\u00ebsem Zil. Mee d\u00ebs Moossnam lount sech awer um Enn fir de Patient: Si g\u00ebtt an der Reegel belount mam Verschwannen a befreit Si vun de Symptomer a mat engem neie gewonnene Liewensgefill.<\/p>\t\t\t\t\t\t\t\t<\/div>\n\t\t\t\t<\/div>\n\t\t\t\t\t<\/div>\n\t\t<\/div>\n\t\t\t\t<div class=\"elementor-column elementor-col-50 elementor-top-column elementor-element elementor-element-2c2a232e\" data-id=\"2c2a232e\" data-element_type=\"column\" data-e-type=\"column\">\n\t\t\t<div class=\"elementor-widget-wrap elementor-element-populated\">\n\t\t\t\t\t\t<div class=\"elementor-element elementor-element-d5fc035 elementor-widget elementor-widget-image\" data-id=\"d5fc035\" data-element_type=\"widget\" data-e-type=\"widget\" data-widget_type=\"image.default\">\n\t\t\t\t<div class=\"elementor-widget-container\">\n\t\t\t\t\t\t\t\t\t\t\t\t\t\t\t<img decoding=\"async\" width=\"700\" height=\"712\" src=\"https:\/\/zbz.lu\/wp-content\/uploads\/2020\/11\/happy-young-caucasian-female-wearing-blue-long-sleeved-shirt-making-thumb-up-sign.jpg\" class=\"attachment-full size-full wp-image-1295\" alt=\"\" srcset=\"https:\/\/zbz.lu\/wp-content\/uploads\/2020\/11\/happy-young-caucasian-female-wearing-blue-long-sleeved-shirt-making-thumb-up-sign.jpg 700w, https:\/\/zbz.lu\/wp-content\/uploads\/2020\/11\/happy-young-caucasian-female-wearing-blue-long-sleeved-shirt-making-thumb-up-sign-295x300.jpg 295w\" sizes=\"(max-width: 700px) 100vw, 700px\" \/>\t\t\t\t\t\t\t\t\t\t\t\t\t\t\t<\/div>\n\t\t\t\t<\/div>\n\t\t\t\t\t<\/div>\n\t\t<\/div>\n\t\t\t\t\t<\/div>\n\t\t<\/section>\n\t\t\t\t<\/div>\n\t\t","protected":false},"excerpt":{"rendered":"<p>Root2Disease Wat st\u00e9cht hanner dem Root2Disease-Prinzip? Jiddwer doudegen (och un der Wuerzel behandelten) Zant ass mat gesondheetleche Problemer verbonnen. D\u00ebst ass d\u2019Ausso hanner dem sougenannte Root2Disease-Konzept, dat an der biologescher Z\u00e4nnmedezin eng zentral Roll anh\u00eblt. M\u00e9i genau gesot st\u00e9cht dohanner d\u2019W\u00ebssen doriwwer, datt sech duerch Z\u00e4nn, d\u00e9i un der Wuerzel behandelt goufen, dacks gesondheetlech Risiken [&hellip;]<\/p>\n","protected":false},"author":1,"featured_media":0,"parent":0,"menu_order":0,"comment_status":"closed","ping_status":"closed","template":"elementor_header_footer","meta":{"ocean_post_layout":"","ocean_both_sidebars_style":"","ocean_both_sidebars_content_width":0,"ocean_both_sidebars_sidebars_width":0,"ocean_sidebar":"","ocean_second_sidebar":"","ocean_disable_margins":"enable","ocean_add_body_class":"","ocean_shortcode_before_top_bar":"","ocean_shortcode_after_top_bar":"","ocean_shortcode_before_header":"","ocean_shortcode_after_header":"","ocean_has_shortcode":"","ocean_shortcode_after_title":"","ocean_shortcode_before_footer_widgets":"","ocean_shortcode_after_footer_widgets":"","ocean_shortcode_before_footer_bottom":"","ocean_shortcode_after_footer_bottom":"","ocean_display_top_bar":"default","ocean_display_header":"default","ocean_header_style":"","ocean_center_header_left_menu":"","ocean_custom_header_template":"","ocean_custom_logo":0,"ocean_custom_retina_logo":0,"ocean_custom_logo_max_width":0,"ocean_custom_logo_tablet_max_width":0,"ocean_custom_logo_mobile_max_width":0,"ocean_custom_logo_max_height":0,"ocean_custom_logo_tablet_max_height":0,"ocean_custom_logo_mobile_max_height":0,"ocean_header_custom_menu":"","ocean_menu_typo_font_family":"","ocean_menu_typo_font_subset":"","ocean_menu_typo_font_size":0,"ocean_menu_typo_font_size_tablet":0,"ocean_menu_typo_font_size_mobile":0,"ocean_menu_typo_font_size_unit":"px","ocean_menu_typo_font_weight":"","ocean_menu_typo_font_weight_tablet":"","ocean_menu_typo_font_weight_mobile":"","ocean_menu_typo_transform":"","ocean_menu_typo_transform_tablet":"","ocean_menu_typo_transform_mobile":"","ocean_menu_typo_line_height":0,"ocean_menu_typo_line_height_tablet":0,"ocean_menu_typo_line_height_mobile":0,"ocean_menu_typo_line_height_unit":"","ocean_menu_typo_spacing":0,"ocean_menu_typo_spacing_tablet":0,"ocean_menu_typo_spacing_mobile":0,"ocean_menu_typo_spacing_unit":"","ocean_menu_link_color":"","ocean_menu_link_color_hover":"","ocean_menu_link_color_active":"","ocean_menu_link_background":"","ocean_menu_link_hover_background":"","ocean_menu_link_active_background":"","ocean_menu_social_links_bg":"","ocean_menu_social_hover_links_bg":"","ocean_menu_social_links_color":"","ocean_menu_social_hover_links_color":"","ocean_disable_title":"default","ocean_disable_heading":"default","ocean_post_title":"","ocean_post_subheading":"","ocean_post_title_style":"","ocean_post_title_background_color":"","ocean_post_title_background":0,"ocean_post_title_bg_image_position":"","ocean_post_title_bg_image_attachment":"","ocean_post_title_bg_image_repeat":"","ocean_post_title_bg_image_size":"","ocean_post_title_height":0,"ocean_post_title_bg_overlay":0.5,"ocean_post_title_bg_overlay_color":"","ocean_disable_breadcrumbs":"default","ocean_breadcrumbs_color":"","ocean_breadcrumbs_separator_color":"","ocean_breadcrumbs_links_color":"","ocean_breadcrumbs_links_hover_color":"","ocean_display_footer_widgets":"default","ocean_display_footer_bottom":"default","ocean_custom_footer_template":"","footnotes":""},"class_list":["post-1294","page","type-page","status-publish","hentry","entry"],"yoast_head":"<!-- This site is optimized with the Yoast SEO plugin v27.3 - https:\/\/yoast.com\/product\/yoast-seo-wordpress\/ -->\n<title>Root2Disease - Lux Biohealth<\/title>\n<meta name=\"robots\" content=\"index, follow, max-snippet:-1, max-image-preview:large, max-video-preview:-1\" \/>\n<link rel=\"canonical\" href=\"https:\/\/zbz.lu\/lb\/root2disease\/\" \/>\n<meta property=\"og:locale\" content=\"en_US\" \/>\n<meta property=\"og:type\" content=\"article\" \/>\n<meta property=\"og:title\" content=\"Root2Disease - Lux Biohealth\" \/>\n<meta property=\"og:description\" content=\"Root2Disease Wat st\u00e9cht hanner dem Root2Disease-Prinzip? Jiddwer doudegen (och un der Wuerzel behandelten) Zant ass mat gesondheetleche Problemer verbonnen. D\u00ebst ass d\u2019Ausso hanner dem sougenannte Root2Disease-Konzept, dat an der biologescher Z\u00e4nnmedezin eng zentral Roll anh\u00eblt. M\u00e9i genau gesot st\u00e9cht dohanner d\u2019W\u00ebssen doriwwer, datt sech duerch Z\u00e4nn, d\u00e9i un der Wuerzel behandelt goufen, dacks gesondheetlech Risiken [&hellip;]\" \/>\n<meta property=\"og:url\" content=\"https:\/\/zbz.lu\/lb\/root2disease\/\" \/>\n<meta property=\"og:site_name\" content=\"Lux Biohealth\" \/>\n<meta property=\"article:modified_time\" content=\"2021-06-07T08:30:28+00:00\" \/>\n<meta property=\"og:image\" content=\"https:\/\/zbz.lu\/wp-content\/uploads\/2020\/11\/dfgfdf.jpg\" \/>\n<meta name=\"twitter:card\" content=\"summary_large_image\" \/>\n<meta name=\"twitter:label1\" content=\"Est. reading time\" \/>\n\t<meta name=\"twitter:data1\" content=\"3 minutes\" \/>\n<script type=\"application\/ld+json\" class=\"yoast-schema-graph\">{\"@context\":\"https:\\\/\\\/schema.org\",\"@graph\":[{\"@type\":\"WebPage\",\"@id\":\"https:\\\/\\\/zbz.lu\\\/lb\\\/root2disease\\\/\",\"url\":\"https:\\\/\\\/zbz.lu\\\/lb\\\/root2disease\\\/\",\"name\":\"Root2Disease - Lux Biohealth\",\"isPartOf\":{\"@id\":\"https:\\\/\\\/zbz.lu\\\/lb\\\/#website\"},\"primaryImageOfPage\":{\"@id\":\"https:\\\/\\\/zbz.lu\\\/lb\\\/root2disease\\\/#primaryimage\"},\"image\":{\"@id\":\"https:\\\/\\\/zbz.lu\\\/lb\\\/root2disease\\\/#primaryimage\"},\"thumbnailUrl\":\"https:\\\/\\\/zbz.lu\\\/wp-content\\\/uploads\\\/2020\\\/11\\\/dfgfdf.jpg\",\"datePublished\":\"2020-10-21T09:19:38+00:00\",\"dateModified\":\"2021-06-07T08:30:28+00:00\",\"breadcrumb\":{\"@id\":\"https:\\\/\\\/zbz.lu\\\/lb\\\/root2disease\\\/#breadcrumb\"},\"inLanguage\":\"lb-LB\",\"potentialAction\":[{\"@type\":\"ReadAction\",\"target\":[\"https:\\\/\\\/zbz.lu\\\/lb\\\/root2disease\\\/\"]}]},{\"@type\":\"ImageObject\",\"inLanguage\":\"lb-LB\",\"@id\":\"https:\\\/\\\/zbz.lu\\\/lb\\\/root2disease\\\/#primaryimage\",\"url\":\"https:\\\/\\\/zbz.lu\\\/wp-content\\\/uploads\\\/2020\\\/11\\\/dfgfdf.jpg\",\"contentUrl\":\"https:\\\/\\\/zbz.lu\\\/wp-content\\\/uploads\\\/2020\\\/11\\\/dfgfdf.jpg\"},{\"@type\":\"BreadcrumbList\",\"@id\":\"https:\\\/\\\/zbz.lu\\\/lb\\\/root2disease\\\/#breadcrumb\",\"itemListElement\":[{\"@type\":\"ListItem\",\"position\":1,\"name\":\"Startseite\",\"item\":\"https:\\\/\\\/zbz.lu\\\/lb\\\/\"},{\"@type\":\"ListItem\",\"position\":2,\"name\":\"Root2Disease\"}]},{\"@type\":\"WebSite\",\"@id\":\"https:\\\/\\\/zbz.lu\\\/lb\\\/#website\",\"url\":\"https:\\\/\\\/zbz.lu\\\/lb\\\/\",\"name\":\"Lux Biohealth\",\"description\":\"Zentrum f\u00fcr biologische Zahnmedizin\",\"publisher\":{\"@id\":\"https:\\\/\\\/zbz.lu\\\/lb\\\/#organization\"},\"potentialAction\":[{\"@type\":\"SearchAction\",\"target\":{\"@type\":\"EntryPoint\",\"urlTemplate\":\"https:\\\/\\\/zbz.lu\\\/lb\\\/?s={search_term_string}\"},\"query-input\":{\"@type\":\"PropertyValueSpecification\",\"valueRequired\":true,\"valueName\":\"search_term_string\"}}],\"inLanguage\":\"lb-LB\"},{\"@type\":\"Organization\",\"@id\":\"https:\\\/\\\/zbz.lu\\\/lb\\\/#organization\",\"name\":\"Lux Biohealth\",\"url\":\"https:\\\/\\\/zbz.lu\\\/lb\\\/\",\"logo\":{\"@type\":\"ImageObject\",\"inLanguage\":\"lb-LB\",\"@id\":\"https:\\\/\\\/zbz.lu\\\/lb\\\/#\\\/schema\\\/logo\\\/image\\\/\",\"url\":\"https:\\\/\\\/zbz.lu\\\/wp-content\\\/uploads\\\/2025\\\/11\\\/LuxBioHealth4.png\",\"contentUrl\":\"https:\\\/\\\/zbz.lu\\\/wp-content\\\/uploads\\\/2025\\\/11\\\/LuxBioHealth4.png\",\"width\":1432,\"height\":374,\"caption\":\"Lux Biohealth\"},\"image\":{\"@id\":\"https:\\\/\\\/zbz.lu\\\/lb\\\/#\\\/schema\\\/logo\\\/image\\\/\"}}]}<\/script>\n<!-- \/ Yoast SEO plugin. -->","yoast_head_json":{"title":"Root2Disease - Lux Biohealth","robots":{"index":"index","follow":"follow","max-snippet":"max-snippet:-1","max-image-preview":"max-image-preview:large","max-video-preview":"max-video-preview:-1"},"canonical":"https:\/\/zbz.lu\/lb\/root2disease\/","og_locale":"en_US","og_type":"article","og_title":"Root2Disease - Lux Biohealth","og_description":"Root2Disease Wat st\u00e9cht hanner dem Root2Disease-Prinzip? Jiddwer doudegen (och un der Wuerzel behandelten) Zant ass mat gesondheetleche Problemer verbonnen. D\u00ebst ass d\u2019Ausso hanner dem sougenannte Root2Disease-Konzept, dat an der biologescher Z\u00e4nnmedezin eng zentral Roll anh\u00eblt. M\u00e9i genau gesot st\u00e9cht dohanner d\u2019W\u00ebssen doriwwer, datt sech duerch Z\u00e4nn, d\u00e9i un der Wuerzel behandelt goufen, dacks gesondheetlech Risiken [&hellip;]","og_url":"https:\/\/zbz.lu\/lb\/root2disease\/","og_site_name":"Lux Biohealth","article_modified_time":"2021-06-07T08:30:28+00:00","og_image":[{"url":"https:\/\/zbz.lu\/wp-content\/uploads\/2020\/11\/dfgfdf.jpg","type":"","width":"","height":""}],"twitter_card":"summary_large_image","twitter_misc":{"Est. reading time":"3 minutes"},"schema":{"@context":"https:\/\/schema.org","@graph":[{"@type":"WebPage","@id":"https:\/\/zbz.lu\/lb\/root2disease\/","url":"https:\/\/zbz.lu\/lb\/root2disease\/","name":"Root2Disease - Lux Biohealth","isPartOf":{"@id":"https:\/\/zbz.lu\/lb\/#website"},"primaryImageOfPage":{"@id":"https:\/\/zbz.lu\/lb\/root2disease\/#primaryimage"},"image":{"@id":"https:\/\/zbz.lu\/lb\/root2disease\/#primaryimage"},"thumbnailUrl":"https:\/\/zbz.lu\/wp-content\/uploads\/2020\/11\/dfgfdf.jpg","datePublished":"2020-10-21T09:19:38+00:00","dateModified":"2021-06-07T08:30:28+00:00","breadcrumb":{"@id":"https:\/\/zbz.lu\/lb\/root2disease\/#breadcrumb"},"inLanguage":"lb-LB","potentialAction":[{"@type":"ReadAction","target":["https:\/\/zbz.lu\/lb\/root2disease\/"]}]},{"@type":"ImageObject","inLanguage":"lb-LB","@id":"https:\/\/zbz.lu\/lb\/root2disease\/#primaryimage","url":"https:\/\/zbz.lu\/wp-content\/uploads\/2020\/11\/dfgfdf.jpg","contentUrl":"https:\/\/zbz.lu\/wp-content\/uploads\/2020\/11\/dfgfdf.jpg"},{"@type":"BreadcrumbList","@id":"https:\/\/zbz.lu\/lb\/root2disease\/#breadcrumb","itemListElement":[{"@type":"ListItem","position":1,"name":"Startseite","item":"https:\/\/zbz.lu\/lb\/"},{"@type":"ListItem","position":2,"name":"Root2Disease"}]},{"@type":"WebSite","@id":"https:\/\/zbz.lu\/lb\/#website","url":"https:\/\/zbz.lu\/lb\/","name":"Lux Biohealth","description":"Zentrum f\u00fcr biologische Zahnmedizin","publisher":{"@id":"https:\/\/zbz.lu\/lb\/#organization"},"potentialAction":[{"@type":"SearchAction","target":{"@type":"EntryPoint","urlTemplate":"https:\/\/zbz.lu\/lb\/?s={search_term_string}"},"query-input":{"@type":"PropertyValueSpecification","valueRequired":true,"valueName":"search_term_string"}}],"inLanguage":"lb-LB"},{"@type":"Organization","@id":"https:\/\/zbz.lu\/lb\/#organization","name":"Lux Biohealth","url":"https:\/\/zbz.lu\/lb\/","logo":{"@type":"ImageObject","inLanguage":"lb-LB","@id":"https:\/\/zbz.lu\/lb\/#\/schema\/logo\/image\/","url":"https:\/\/zbz.lu\/wp-content\/uploads\/2025\/11\/LuxBioHealth4.png","contentUrl":"https:\/\/zbz.lu\/wp-content\/uploads\/2025\/11\/LuxBioHealth4.png","width":1432,"height":374,"caption":"Lux Biohealth"},"image":{"@id":"https:\/\/zbz.lu\/lb\/#\/schema\/logo\/image\/"}}]}},"_links":{"self":[{"href":"https:\/\/zbz.lu\/lb\/wp-json\/wp\/v2\/pages\/1294","targetHints":{"allow":["GET"]}}],"collection":[{"href":"https:\/\/zbz.lu\/lb\/wp-json\/wp\/v2\/pages"}],"about":[{"href":"https:\/\/zbz.lu\/lb\/wp-json\/wp\/v2\/types\/page"}],"author":[{"embeddable":true,"href":"https:\/\/zbz.lu\/lb\/wp-json\/wp\/v2\/users\/1"}],"replies":[{"embeddable":true,"href":"https:\/\/zbz.lu\/lb\/wp-json\/wp\/v2\/comments?post=1294"}],"version-history":[{"count":0,"href":"https:\/\/zbz.lu\/lb\/wp-json\/wp\/v2\/pages\/1294\/revisions"}],"wp:attachment":[{"href":"https:\/\/zbz.lu\/lb\/wp-json\/wp\/v2\/media?parent=1294"}],"curies":[{"name":"wp","href":"https:\/\/api.w.org\/{rel}","templated":true}]}}