{"id":1225,"date":"2020-10-21T14:12:48","date_gmt":"2020-10-21T14:12:48","guid":{"rendered":"https:\/\/zbz.lu\/inlays\/"},"modified":"2021-06-04T11:53:06","modified_gmt":"2021-06-04T11:53:06","slug":"inlays","status":"publish","type":"page","link":"https:\/\/zbz.lu\/lb\/inlays\/","title":{"rendered":"Inlays"},"content":{"rendered":"\t\t<div data-elementor-type=\"wp-page\" data-elementor-id=\"1225\" class=\"elementor elementor-1225 elementor-144\" data-elementor-settings=\"{&quot;ha_cmc_init_switcher&quot;:&quot;no&quot;}\">\n\t\t\t\t\t\t<section class=\"elementor-section elementor-top-section elementor-element elementor-element-ef84571 elementor-section-boxed elementor-section-height-default elementor-section-height-default\" data-id=\"ef84571\" data-element_type=\"section\" data-e-type=\"section\" data-settings=\"{&quot;background_background&quot;:&quot;classic&quot;,&quot;shape_divider_bottom&quot;:&quot;waves&quot;,&quot;_ha_eqh_enable&quot;:false}\">\n\t\t\t\t\t\t\t<div class=\"elementor-background-overlay\"><\/div>\n\t\t\t\t\t\t<div class=\"elementor-shape elementor-shape-bottom\" aria-hidden=\"true\" data-negative=\"false\">\n\t\t\t<svg xmlns=\"http:\/\/www.w3.org\/2000\/svg\" viewBox=\"0 0 1000 100\" preserveAspectRatio=\"none\">\n\t<path class=\"elementor-shape-fill\" d=\"M421.9,6.5c22.6-2.5,51.5,0.4,75.5,5.3c23.6,4.9,70.9,23.5,100.5,35.7c75.8,32.2,133.7,44.5,192.6,49.7\n\tc23.6,2.1,48.7,3.5,103.4-2.5c54.7-6,106.2-25.6,106.2-25.6V0H0v30.3c0,0,72,32.6,158.4,30.5c39.2-0.7,92.8-6.7,134-22.4\n\tc21.2-8.1,52.2-18.2,79.7-24.2C399.3,7.9,411.6,7.5,421.9,6.5z\"\/>\n<\/svg>\t\t<\/div>\n\t\t\t\t\t<div class=\"elementor-container elementor-column-gap-default\">\n\t\t\t\t\t<div class=\"elementor-column elementor-col-100 elementor-top-column elementor-element elementor-element-5ed1d751\" data-id=\"5ed1d751\" data-element_type=\"column\" data-e-type=\"column\">\n\t\t\t<div class=\"elementor-widget-wrap elementor-element-populated\">\n\t\t\t\t\t\t<div class=\"elementor-element elementor-element-665a2b2a lesmarg elementor-widget elementor-widget-heading\" data-id=\"665a2b2a\" data-element_type=\"widget\" data-e-type=\"widget\" data-widget_type=\"heading.default\">\n\t\t\t\t<div class=\"elementor-widget-container\">\n\t\t\t\t\t<h1 class=\"elementor-heading-title elementor-size-default\">\u00c4stheetik \u2013 Inlays<\/h1>\t\t\t\t<\/div>\n\t\t\t\t<\/div>\n\t\t\t\t<div class=\"elementor-element elementor-element-498e5f25 elementor-widget-divider--view-line elementor-widget elementor-widget-divider\" data-id=\"498e5f25\" data-element_type=\"widget\" data-e-type=\"widget\" data-widget_type=\"divider.default\">\n\t\t\t\t<div class=\"elementor-widget-container\">\n\t\t\t\t\t\t\t<div class=\"elementor-divider\">\n\t\t\t<span class=\"elementor-divider-separator\">\n\t\t\t\t\t\t<\/span>\n\t\t<\/div>\n\t\t\t\t\t\t<\/div>\n\t\t\t\t<\/div>\n\t\t\t\t\t<\/div>\n\t\t<\/div>\n\t\t\t\t\t<\/div>\n\t\t<\/section>\n\t\t\t\t<section class=\"elementor-section elementor-top-section elementor-element elementor-element-7a943805 elementor-section-boxed elementor-section-height-default elementor-section-height-default\" data-id=\"7a943805\" data-element_type=\"section\" data-e-type=\"section\" data-settings=\"{&quot;_ha_eqh_enable&quot;:false}\">\n\t\t\t\t\t\t<div class=\"elementor-container elementor-column-gap-default\">\n\t\t\t\t\t<div class=\"elementor-column elementor-col-50 elementor-top-column elementor-element elementor-element-2849778c\" data-id=\"2849778c\" data-element_type=\"column\" data-e-type=\"column\">\n\t\t\t<div class=\"elementor-widget-wrap elementor-element-populated\">\n\t\t\t\t\t\t<div class=\"elementor-element elementor-element-26e410b1 elementor-widget elementor-widget-image\" data-id=\"26e410b1\" data-element_type=\"widget\" data-e-type=\"widget\" data-widget_type=\"image.default\">\n\t\t\t\t<div class=\"elementor-widget-container\">\n\t\t\t\t\t\t\t\t\t\t\t\t\t\t\t<img decoding=\"async\" src=\"https:\/\/zbz.lu\/wp-content\/uploads\/elementor\/thumbs\/225-oy7encrlsg9lf1p348jmn0mhkv5uwwryd8e4teacl4.jpg\" title=\"225\" alt=\"225\" loading=\"lazy\" \/>\t\t\t\t\t\t\t\t\t\t\t\t\t\t\t<\/div>\n\t\t\t\t<\/div>\n\t\t\t\t\t<\/div>\n\t\t<\/div>\n\t\t\t\t<div class=\"elementor-column elementor-col-50 elementor-top-column elementor-element elementor-element-63fe76f\" data-id=\"63fe76f\" data-element_type=\"column\" data-e-type=\"column\">\n\t\t\t<div class=\"elementor-widget-wrap elementor-element-populated\">\n\t\t\t\t\t\t<div class=\"elementor-element elementor-element-209a103b lesmarg elementor-widget elementor-widget-heading\" data-id=\"209a103b\" data-element_type=\"widget\" data-e-type=\"widget\" data-widget_type=\"heading.default\">\n\t\t\t\t<div class=\"elementor-widget-container\">\n\t\t\t\t\t<h3 class=\"elementor-heading-title elementor-size-default\">H\u00e9ichw\u00e4erteg Z\u00e4nnf\u00ebllunge bei m\u00ebttleren oder gr\u00e9isseren Defekter<\/h3>\t\t\t\t<\/div>\n\t\t\t\t<\/div>\n\t\t\t\t<div class=\"elementor-element elementor-element-555a54da elementor-widget-divider--view-line elementor-widget elementor-widget-divider\" data-id=\"555a54da\" data-element_type=\"widget\" data-e-type=\"widget\" data-widget_type=\"divider.default\">\n\t\t\t\t<div class=\"elementor-widget-container\">\n\t\t\t\t\t\t\t<div class=\"elementor-divider\">\n\t\t\t<span class=\"elementor-divider-separator\">\n\t\t\t\t\t\t<\/span>\n\t\t<\/div>\n\t\t\t\t\t\t<\/div>\n\t\t\t\t<\/div>\n\t\t\t\t<div class=\"elementor-element elementor-element-2d03806 elementor-widget elementor-widget-text-editor\" data-id=\"2d03806\" data-element_type=\"widget\" data-e-type=\"widget\" data-widget_type=\"text-editor.default\">\n\t\t\t\t<div class=\"elementor-widget-container\">\n\t\t\t\t\t\t\t\t\t<p class=\"p1\">Z\u00e4nnf\u00ebllunge musse gew\u00ebsse gesondheetlechen (Biohealth) an \u00e4stheeteschen Ufuerderunge gerecht ginn. Inlays erf\u00eblle perfekt b\u00e9id Zwecker. Si ginn indirekt, also net am Mondraum, hiergestallt. Doduerch ass et m\u00e9iglech, d\u00ebs individuell unzepassen, sou datt se garant\u00e9iert zu der eegener Faarf vun \u00c4ren Z\u00e4nn an zu der Form vum Defekt un \u00c4rem Zant passen.<\/p>\t\t\t\t\t\t\t\t<\/div>\n\t\t\t\t<\/div>\n\t\t\t\t\t<\/div>\n\t\t<\/div>\n\t\t\t\t\t<\/div>\n\t\t<\/section>\n\t\t\t\t<section class=\"elementor-section elementor-top-section elementor-element elementor-element-4ea09d4a elementor-section-boxed elementor-section-height-default elementor-section-height-default\" data-id=\"4ea09d4a\" data-element_type=\"section\" data-e-type=\"section\" data-settings=\"{&quot;background_background&quot;:&quot;gradient&quot;,&quot;shape_divider_top&quot;:&quot;waves&quot;,&quot;_ha_eqh_enable&quot;:false}\">\n\t\t\t\t\t<div class=\"elementor-shape elementor-shape-top\" aria-hidden=\"true\" data-negative=\"false\">\n\t\t\t<svg xmlns=\"http:\/\/www.w3.org\/2000\/svg\" viewBox=\"0 0 1000 100\" preserveAspectRatio=\"none\">\n\t<path class=\"elementor-shape-fill\" d=\"M421.9,6.5c22.6-2.5,51.5,0.4,75.5,5.3c23.6,4.9,70.9,23.5,100.5,35.7c75.8,32.2,133.7,44.5,192.6,49.7\n\tc23.6,2.1,48.7,3.5,103.4-2.5c54.7-6,106.2-25.6,106.2-25.6V0H0v30.3c0,0,72,32.6,158.4,30.5c39.2-0.7,92.8-6.7,134-22.4\n\tc21.2-8.1,52.2-18.2,79.7-24.2C399.3,7.9,411.6,7.5,421.9,6.5z\"\/>\n<\/svg>\t\t<\/div>\n\t\t\t\t\t<div class=\"elementor-container elementor-column-gap-default\">\n\t\t\t\t\t<div class=\"elementor-column elementor-col-50 elementor-top-column elementor-element elementor-element-6c2060df\" data-id=\"6c2060df\" data-element_type=\"column\" data-e-type=\"column\">\n\t\t\t<div class=\"elementor-widget-wrap elementor-element-populated\">\n\t\t\t\t\t\t<div class=\"elementor-element elementor-element-44bf6a68 lesmarg elementor-widget elementor-widget-heading\" data-id=\"44bf6a68\" data-element_type=\"widget\" data-e-type=\"widget\" data-widget_type=\"heading.default\">\n\t\t\t\t<div class=\"elementor-widget-container\">\n\t\t\t\t\t<h3 class=\"elementor-heading-title elementor-size-default\">W\u00e9ini sinn Inlays s\u00ebnnvoll?<\/h3>\t\t\t\t<\/div>\n\t\t\t\t<\/div>\n\t\t\t\t<div class=\"elementor-element elementor-element-49d795e lesmarg elementor-widget elementor-widget-heading\" data-id=\"49d795e\" data-element_type=\"widget\" data-e-type=\"widget\" data-widget_type=\"heading.default\">\n\t\t\t\t<div class=\"elementor-widget-container\">\n\t\t\t\t\t<h3 class=\"elementor-heading-title elementor-size-default\">Als F\u00ebllung bei m\u00ebttelgrousse bis gr\u00e9isseren Defekter um Zant<\/h3>\t\t\t\t<\/div>\n\t\t\t\t<\/div>\n\t\t\t\t<div class=\"elementor-element elementor-element-a9aefb9 elementor-widget-divider--view-line elementor-widget elementor-widget-divider\" data-id=\"a9aefb9\" data-element_type=\"widget\" data-e-type=\"widget\" data-widget_type=\"divider.default\">\n\t\t\t\t<div class=\"elementor-widget-container\">\n\t\t\t\t\t\t\t<div class=\"elementor-divider\">\n\t\t\t<span class=\"elementor-divider-separator\">\n\t\t\t\t\t\t<\/span>\n\t\t<\/div>\n\t\t\t\t\t\t<\/div>\n\t\t\t\t<\/div>\n\t\t\t\t\t<\/div>\n\t\t<\/div>\n\t\t\t\t<div class=\"elementor-column elementor-col-50 elementor-top-column elementor-element elementor-element-201ea382\" data-id=\"201ea382\" data-element_type=\"column\" data-e-type=\"column\">\n\t\t\t<div class=\"elementor-widget-wrap elementor-element-populated\">\n\t\t\t\t\t\t<div class=\"elementor-element elementor-element-7948801b elementor-widget elementor-widget-text-editor\" data-id=\"7948801b\" data-element_type=\"widget\" data-e-type=\"widget\" data-widget_type=\"text-editor.default\">\n\t\t\t\t<div class=\"elementor-widget-container\">\n\t\t\t\t\t\t\t\t\t<p style=\"text-align: left; margin-bottom: 10px;\">Inlays kommen als F\u00ebllung zum Asaz, wann \u00c4r Z\u00e4nn m\u00ebttelgrouss bis gr\u00e9isser Defekter virweisen, d\u00e9i z.B. duerch Karies entstane sinn. Den Defekt d\u00e4erf allerd\u00e9ngs net esou grouss sinn, datt eng Kroun dee bessere Choix wier. Bei m\u00e9i klenge F\u00ebllungen ass an der Reegel en anert F\u00ebllungsmaterial, z.B. Komposit, m\u00e9i s\u00ebnnvoll. An deem Fall muss manner Z\u00e4nnsubstanz prepar\u00e9iert ginn ew\u00e9i fir een Inlay. Och Patienten, d\u00e9i allergesch op aner F\u00ebllungsmaterialie reag\u00e9ieren oder op d\u00ebs ganz verzichte w\u00ebllen, k\u00ebnne sech fir Inlays als h\u00e9ichw\u00e4erteg F\u00ebllung entscheeden.<\/p><p style=\"text-align: left; margin-bottom: 10px;\"><br \/>E bel\u00e9ift Material heifir ass d\u2019Keramik op Basis vun Disilikat. Mir recommand\u00e9ieren d\u00ebs net n\u00ebmme w\u00e9inst hirer natierlecher Z\u00e4nnfaarf, mee och w\u00e9inst den \u00e9ischtklassegen Eegenschafte vun d\u00ebsem Material: Keramik ass biokompatibel a reag\u00e9iert net mat Metaller, d\u00e9i dacks ewell a Form vu F\u00ebllungen am Mondraum k\u00ebnne sinn. Wat d\u2019Liewensdauer vu engem Inlay ugeet, sou h\u00e4lt d\u00ebsen an der Moyenne 6-7 Joer. Mee bei enger gudder Fleeg ass duerchaus m\u00e9i eng laang Liewensdauer m\u00e9iglech. Duerno kann den Inlay ouni Problem vum Z\u00e4nndokter ausgetosch ginn.<\/p>\t\t\t\t\t\t\t\t<\/div>\n\t\t\t\t<\/div>\n\t\t\t\t\t<\/div>\n\t\t<\/div>\n\t\t\t\t\t<\/div>\n\t\t<\/section>\n\t\t\t\t<section class=\"elementor-section elementor-top-section elementor-element elementor-element-4fcde296 elementor-reverse-mobile elementor-section-boxed elementor-section-height-default elementor-section-height-default\" data-id=\"4fcde296\" data-element_type=\"section\" data-e-type=\"section\" data-settings=\"{&quot;_ha_eqh_enable&quot;:false}\">\n\t\t\t\t\t\t<div class=\"elementor-container elementor-column-gap-default\">\n\t\t\t\t\t<div class=\"elementor-column elementor-col-50 elementor-top-column elementor-element elementor-element-79456c0e\" data-id=\"79456c0e\" data-element_type=\"column\" data-e-type=\"column\">\n\t\t\t<div class=\"elementor-widget-wrap elementor-element-populated\">\n\t\t\t\t\t\t<div class=\"elementor-element elementor-element-36478e40 lesmarg elementor-widget elementor-widget-heading\" data-id=\"36478e40\" data-element_type=\"widget\" data-e-type=\"widget\" data-widget_type=\"heading.default\">\n\t\t\t\t<div class=\"elementor-widget-container\">\n\t\t\t\t\t<h3 class=\"elementor-heading-title elementor-size-default\">W\u00e9i funktion\u00e9iert d\u2019Asetze vun engem Inlay?<\/h3>\t\t\t\t<\/div>\n\t\t\t\t<\/div>\n\t\t\t\t<div class=\"elementor-element elementor-element-7f7d6045 elementor-widget-divider--view-line elementor-widget elementor-widget-divider\" data-id=\"7f7d6045\" data-element_type=\"widget\" data-e-type=\"widget\" data-widget_type=\"divider.default\">\n\t\t\t\t<div class=\"elementor-widget-container\">\n\t\t\t\t\t\t\t<div class=\"elementor-divider\">\n\t\t\t<span class=\"elementor-divider-separator\">\n\t\t\t\t\t\t<\/span>\n\t\t<\/div>\n\t\t\t\t\t\t<\/div>\n\t\t\t\t<\/div>\n\t\t\t\t<div class=\"elementor-element elementor-element-25270e0f elementor-widget elementor-widget-text-editor\" data-id=\"25270e0f\" data-element_type=\"widget\" data-e-type=\"widget\" data-widget_type=\"text-editor.default\">\n\t\t\t\t<div class=\"elementor-widget-container\">\n\t\t\t\t\t\t\t\t\t<p style=\"text-align: left; margin-bottom: 10px;\">Fir datt een en Inlay asetze kann, muss d\u00e9i betraffe Plaz vum Zant als \u00e9ischt mat enger spezieller Schl\u00e4iftechnik vum Z\u00e4nndokter prepar\u00e9iert ginn. Duerch d\u00ebst Beschl\u00e4ife g\u00ebtt den Zant op dat neit Material an och op d\u2019Form vum Inlay optimal virbereet. Duerno h\u00eblt den Z\u00e4nndokter en Ofdrock vum beschiedegten Zant, sou datt am Labo e genee\u00ebn a perfekt ugepassten Inlay hiergestallt ka ginn.<br \/>De Keramik-Inlay g\u00ebtt op der haarder Substanz vum Zant festgemaach mat H\u00ebllef vun engem spezielle Pech, dee garant\u00e9iert, datt den Inlay net erofgeet. Dat heescht: Eng mikroskopesch Verbindung entsteet duerch reng Poren (ew\u00e9i doru geklamert). D\u00ebs suergt derfir, datt den Inlay an d\u2019Substanz vum Zant fest a s\u00e9cher unenee pechen. Am Allgemenge sinn 2 Seancen n\u00e9ideg, well den Inlay jo an enger T\u00ebschephas am Z\u00e4nnlabo hiergestallt g\u00ebtt.<\/p>\t\t\t\t\t\t\t\t<\/div>\n\t\t\t\t<\/div>\n\t\t\t\t\t<\/div>\n\t\t<\/div>\n\t\t\t\t<div class=\"elementor-column elementor-col-50 elementor-top-column elementor-element elementor-element-2e12b514\" data-id=\"2e12b514\" data-element_type=\"column\" data-e-type=\"column\">\n\t\t\t<div class=\"elementor-widget-wrap elementor-element-populated\">\n\t\t\t\t\t\t<div class=\"elementor-element elementor-element-6a6c35da elementor-widget elementor-widget-image\" data-id=\"6a6c35da\" data-element_type=\"widget\" data-e-type=\"widget\" data-widget_type=\"image.default\">\n\t\t\t\t<div class=\"elementor-widget-container\">\n\t\t\t\t\t\t\t\t\t\t\t\t\t\t\t<img fetchpriority=\"high\" decoding=\"async\" width=\"700\" height=\"573\" src=\"https:\/\/zbz.lu\/wp-content\/uploads\/2020\/11\/happy-friends-holding-each-other.jpg\" class=\"attachment-medium_large size-medium_large wp-image-1228\" alt=\"\" srcset=\"https:\/\/zbz.lu\/wp-content\/uploads\/2020\/11\/happy-friends-holding-each-other.jpg 700w, https:\/\/zbz.lu\/wp-content\/uploads\/2020\/11\/happy-friends-holding-each-other-300x246.jpg 300w\" sizes=\"(max-width: 700px) 100vw, 700px\" \/>\t\t\t\t\t\t\t\t\t\t\t\t\t\t\t<\/div>\n\t\t\t\t<\/div>\n\t\t\t\t\t<\/div>\n\t\t<\/div>\n\t\t\t\t\t<\/div>\n\t\t<\/section>\n\t\t\t\t<\/div>\n\t\t","protected":false},"excerpt":{"rendered":"<p>\u00c4stheetik \u2013 Inlays H\u00e9ichw\u00e4erteg Z\u00e4nnf\u00ebllunge bei m\u00ebttleren oder gr\u00e9isseren Defekter Z\u00e4nnf\u00ebllunge musse gew\u00ebsse gesondheetlechen (Biohealth) an \u00e4stheeteschen Ufuerderunge gerecht ginn. Inlays erf\u00eblle perfekt b\u00e9id Zwecker. Si ginn indirekt, also net am Mondraum, hiergestallt. Doduerch ass et m\u00e9iglech, d\u00ebs individuell unzepassen, sou datt se garant\u00e9iert zu der eegener Faarf vun \u00c4ren Z\u00e4nn an zu der Form [&hellip;]<\/p>\n","protected":false},"author":1,"featured_media":0,"parent":0,"menu_order":0,"comment_status":"closed","ping_status":"closed","template":"elementor_header_footer","meta":{"ocean_post_layout":"","ocean_both_sidebars_style":"","ocean_both_sidebars_content_width":0,"ocean_both_sidebars_sidebars_width":0,"ocean_sidebar":"","ocean_second_sidebar":"","ocean_disable_margins":"enable","ocean_add_body_class":"","ocean_shortcode_before_top_bar":"","ocean_shortcode_after_top_bar":"","ocean_shortcode_before_header":"","ocean_shortcode_after_header":"","ocean_has_shortcode":"","ocean_shortcode_after_title":"","ocean_shortcode_before_footer_widgets":"","ocean_shortcode_after_footer_widgets":"","ocean_shortcode_before_footer_bottom":"","ocean_shortcode_after_footer_bottom":"","ocean_display_top_bar":"default","ocean_display_header":"default","ocean_header_style":"","ocean_center_header_left_menu":"","ocean_custom_header_template":"","ocean_custom_logo":0,"ocean_custom_retina_logo":0,"ocean_custom_logo_max_width":0,"ocean_custom_logo_tablet_max_width":0,"ocean_custom_logo_mobile_max_width":0,"ocean_custom_logo_max_height":0,"ocean_custom_logo_tablet_max_height":0,"ocean_custom_logo_mobile_max_height":0,"ocean_header_custom_menu":"","ocean_menu_typo_font_family":"","ocean_menu_typo_font_subset":"","ocean_menu_typo_font_size":0,"ocean_menu_typo_font_size_tablet":0,"ocean_menu_typo_font_size_mobile":0,"ocean_menu_typo_font_size_unit":"px","ocean_menu_typo_font_weight":"","ocean_menu_typo_font_weight_tablet":"","ocean_menu_typo_font_weight_mobile":"","ocean_menu_typo_transform":"","ocean_menu_typo_transform_tablet":"","ocean_menu_typo_transform_mobile":"","ocean_menu_typo_line_height":0,"ocean_menu_typo_line_height_tablet":0,"ocean_menu_typo_line_height_mobile":0,"ocean_menu_typo_line_height_unit":"","ocean_menu_typo_spacing":0,"ocean_menu_typo_spacing_tablet":0,"ocean_menu_typo_spacing_mobile":0,"ocean_menu_typo_spacing_unit":"","ocean_menu_link_color":"","ocean_menu_link_color_hover":"","ocean_menu_link_color_active":"","ocean_menu_link_background":"","ocean_menu_link_hover_background":"","ocean_menu_link_active_background":"","ocean_menu_social_links_bg":"","ocean_menu_social_hover_links_bg":"","ocean_menu_social_links_color":"","ocean_menu_social_hover_links_color":"","ocean_disable_title":"default","ocean_disable_heading":"default","ocean_post_title":"","ocean_post_subheading":"","ocean_post_title_style":"","ocean_post_title_background_color":"","ocean_post_title_background":0,"ocean_post_title_bg_image_position":"","ocean_post_title_bg_image_attachment":"","ocean_post_title_bg_image_repeat":"","ocean_post_title_bg_image_size":"","ocean_post_title_height":0,"ocean_post_title_bg_overlay":0.5,"ocean_post_title_bg_overlay_color":"","ocean_disable_breadcrumbs":"default","ocean_breadcrumbs_color":"","ocean_breadcrumbs_separator_color":"","ocean_breadcrumbs_links_color":"","ocean_breadcrumbs_links_hover_color":"","ocean_display_footer_widgets":"default","ocean_display_footer_bottom":"default","ocean_custom_footer_template":"","footnotes":""},"class_list":["post-1225","page","type-page","status-publish","hentry","entry"],"yoast_head":"<!-- This site is optimized with the Yoast SEO plugin v27.5 - https:\/\/yoast.com\/product\/yoast-seo-wordpress\/ -->\n<title>Inlays - Lux Biohealth<\/title>\n<meta name=\"robots\" content=\"index, follow, max-snippet:-1, max-image-preview:large, max-video-preview:-1\" \/>\n<link rel=\"canonical\" href=\"https:\/\/zbz.lu\/lb\/inlays\/\" \/>\n<meta property=\"og:locale\" content=\"en_US\" \/>\n<meta property=\"og:type\" content=\"article\" \/>\n<meta property=\"og:title\" content=\"Inlays - Lux Biohealth\" \/>\n<meta property=\"og:description\" content=\"\u00c4stheetik \u2013 Inlays H\u00e9ichw\u00e4erteg Z\u00e4nnf\u00ebllunge bei m\u00ebttleren oder gr\u00e9isseren Defekter Z\u00e4nnf\u00ebllunge musse gew\u00ebsse gesondheetlechen (Biohealth) an \u00e4stheeteschen Ufuerderunge gerecht ginn. Inlays erf\u00eblle perfekt b\u00e9id Zwecker. Si ginn indirekt, also net am Mondraum, hiergestallt. Doduerch ass et m\u00e9iglech, d\u00ebs individuell unzepassen, sou datt se garant\u00e9iert zu der eegener Faarf vun \u00c4ren Z\u00e4nn an zu der Form [&hellip;]\" \/>\n<meta property=\"og:url\" content=\"https:\/\/zbz.lu\/lb\/inlays\/\" \/>\n<meta property=\"og:site_name\" content=\"Lux Biohealth\" \/>\n<meta property=\"article:modified_time\" content=\"2021-06-04T11:53:06+00:00\" \/>\n<meta property=\"og:image\" content=\"https:\/\/zbz.lu\/wp-content\/uploads\/elementor\/thumbs\/225-oy7encrlsg9lf1p348jmn0mhkv5uwwryd8e4teacl4.jpg\" \/>\n<meta name=\"twitter:card\" content=\"summary_large_image\" \/>\n<meta name=\"twitter:label1\" content=\"Est. reading time\" \/>\n\t<meta name=\"twitter:data1\" content=\"3 minutes\" \/>\n<script type=\"application\/ld+json\" class=\"yoast-schema-graph\">{\"@context\":\"https:\\\/\\\/schema.org\",\"@graph\":[{\"@type\":\"WebPage\",\"@id\":\"https:\\\/\\\/zbz.lu\\\/lb\\\/inlays\\\/\",\"url\":\"https:\\\/\\\/zbz.lu\\\/lb\\\/inlays\\\/\",\"name\":\"Inlays - Lux Biohealth\",\"isPartOf\":{\"@id\":\"https:\\\/\\\/zbz.lu\\\/lb\\\/#website\"},\"primaryImageOfPage\":{\"@id\":\"https:\\\/\\\/zbz.lu\\\/lb\\\/inlays\\\/#primaryimage\"},\"image\":{\"@id\":\"https:\\\/\\\/zbz.lu\\\/lb\\\/inlays\\\/#primaryimage\"},\"thumbnailUrl\":\"https:\\\/\\\/zbz.lu\\\/wp-content\\\/uploads\\\/elementor\\\/thumbs\\\/225-oy7encrlsg9lf1p348jmn0mhkv5uwwryd8e4teacl4.jpg\",\"datePublished\":\"2020-10-21T14:12:48+00:00\",\"dateModified\":\"2021-06-04T11:53:06+00:00\",\"breadcrumb\":{\"@id\":\"https:\\\/\\\/zbz.lu\\\/lb\\\/inlays\\\/#breadcrumb\"},\"inLanguage\":\"lb-LB\",\"potentialAction\":[{\"@type\":\"ReadAction\",\"target\":[\"https:\\\/\\\/zbz.lu\\\/lb\\\/inlays\\\/\"]}]},{\"@type\":\"ImageObject\",\"inLanguage\":\"lb-LB\",\"@id\":\"https:\\\/\\\/zbz.lu\\\/lb\\\/inlays\\\/#primaryimage\",\"url\":\"https:\\\/\\\/zbz.lu\\\/wp-content\\\/uploads\\\/elementor\\\/thumbs\\\/225-oy7encrlsg9lf1p348jmn0mhkv5uwwryd8e4teacl4.jpg\",\"contentUrl\":\"https:\\\/\\\/zbz.lu\\\/wp-content\\\/uploads\\\/elementor\\\/thumbs\\\/225-oy7encrlsg9lf1p348jmn0mhkv5uwwryd8e4teacl4.jpg\"},{\"@type\":\"BreadcrumbList\",\"@id\":\"https:\\\/\\\/zbz.lu\\\/lb\\\/inlays\\\/#breadcrumb\",\"itemListElement\":[{\"@type\":\"ListItem\",\"position\":1,\"name\":\"Startseite\",\"item\":\"https:\\\/\\\/zbz.lu\\\/lb\\\/\"},{\"@type\":\"ListItem\",\"position\":2,\"name\":\"Inlays\"}]},{\"@type\":\"WebSite\",\"@id\":\"https:\\\/\\\/zbz.lu\\\/lb\\\/#website\",\"url\":\"https:\\\/\\\/zbz.lu\\\/lb\\\/\",\"name\":\"Lux Biohealth\",\"description\":\"Zentrum f\u00fcr biologische Zahnmedizin\",\"publisher\":{\"@id\":\"https:\\\/\\\/zbz.lu\\\/lb\\\/#organization\"},\"potentialAction\":[{\"@type\":\"SearchAction\",\"target\":{\"@type\":\"EntryPoint\",\"urlTemplate\":\"https:\\\/\\\/zbz.lu\\\/lb\\\/?s={search_term_string}\"},\"query-input\":{\"@type\":\"PropertyValueSpecification\",\"valueRequired\":true,\"valueName\":\"search_term_string\"}}],\"inLanguage\":\"lb-LB\"},{\"@type\":\"Organization\",\"@id\":\"https:\\\/\\\/zbz.lu\\\/lb\\\/#organization\",\"name\":\"Lux Biohealth\",\"url\":\"https:\\\/\\\/zbz.lu\\\/lb\\\/\",\"logo\":{\"@type\":\"ImageObject\",\"inLanguage\":\"lb-LB\",\"@id\":\"https:\\\/\\\/zbz.lu\\\/lb\\\/#\\\/schema\\\/logo\\\/image\\\/\",\"url\":\"https:\\\/\\\/zbz.lu\\\/wp-content\\\/uploads\\\/2025\\\/11\\\/LuxBioHealth4.png\",\"contentUrl\":\"https:\\\/\\\/zbz.lu\\\/wp-content\\\/uploads\\\/2025\\\/11\\\/LuxBioHealth4.png\",\"width\":1432,\"height\":374,\"caption\":\"Lux Biohealth\"},\"image\":{\"@id\":\"https:\\\/\\\/zbz.lu\\\/lb\\\/#\\\/schema\\\/logo\\\/image\\\/\"}}]}<\/script>\n<!-- \/ Yoast SEO plugin. -->","yoast_head_json":{"title":"Inlays - Lux Biohealth","robots":{"index":"index","follow":"follow","max-snippet":"max-snippet:-1","max-image-preview":"max-image-preview:large","max-video-preview":"max-video-preview:-1"},"canonical":"https:\/\/zbz.lu\/lb\/inlays\/","og_locale":"en_US","og_type":"article","og_title":"Inlays - Lux Biohealth","og_description":"\u00c4stheetik \u2013 Inlays H\u00e9ichw\u00e4erteg Z\u00e4nnf\u00ebllunge bei m\u00ebttleren oder gr\u00e9isseren Defekter Z\u00e4nnf\u00ebllunge musse gew\u00ebsse gesondheetlechen (Biohealth) an \u00e4stheeteschen Ufuerderunge gerecht ginn. Inlays erf\u00eblle perfekt b\u00e9id Zwecker. Si ginn indirekt, also net am Mondraum, hiergestallt. Doduerch ass et m\u00e9iglech, d\u00ebs individuell unzepassen, sou datt se garant\u00e9iert zu der eegener Faarf vun \u00c4ren Z\u00e4nn an zu der Form [&hellip;]","og_url":"https:\/\/zbz.lu\/lb\/inlays\/","og_site_name":"Lux Biohealth","article_modified_time":"2021-06-04T11:53:06+00:00","og_image":[{"url":"https:\/\/zbz.lu\/wp-content\/uploads\/elementor\/thumbs\/225-oy7encrlsg9lf1p348jmn0mhkv5uwwryd8e4teacl4.jpg","type":"","width":"","height":""}],"twitter_card":"summary_large_image","twitter_misc":{"Est. reading time":"3 minutes"},"schema":{"@context":"https:\/\/schema.org","@graph":[{"@type":"WebPage","@id":"https:\/\/zbz.lu\/lb\/inlays\/","url":"https:\/\/zbz.lu\/lb\/inlays\/","name":"Inlays - Lux Biohealth","isPartOf":{"@id":"https:\/\/zbz.lu\/lb\/#website"},"primaryImageOfPage":{"@id":"https:\/\/zbz.lu\/lb\/inlays\/#primaryimage"},"image":{"@id":"https:\/\/zbz.lu\/lb\/inlays\/#primaryimage"},"thumbnailUrl":"https:\/\/zbz.lu\/wp-content\/uploads\/elementor\/thumbs\/225-oy7encrlsg9lf1p348jmn0mhkv5uwwryd8e4teacl4.jpg","datePublished":"2020-10-21T14:12:48+00:00","dateModified":"2021-06-04T11:53:06+00:00","breadcrumb":{"@id":"https:\/\/zbz.lu\/lb\/inlays\/#breadcrumb"},"inLanguage":"lb-LB","potentialAction":[{"@type":"ReadAction","target":["https:\/\/zbz.lu\/lb\/inlays\/"]}]},{"@type":"ImageObject","inLanguage":"lb-LB","@id":"https:\/\/zbz.lu\/lb\/inlays\/#primaryimage","url":"https:\/\/zbz.lu\/wp-content\/uploads\/elementor\/thumbs\/225-oy7encrlsg9lf1p348jmn0mhkv5uwwryd8e4teacl4.jpg","contentUrl":"https:\/\/zbz.lu\/wp-content\/uploads\/elementor\/thumbs\/225-oy7encrlsg9lf1p348jmn0mhkv5uwwryd8e4teacl4.jpg"},{"@type":"BreadcrumbList","@id":"https:\/\/zbz.lu\/lb\/inlays\/#breadcrumb","itemListElement":[{"@type":"ListItem","position":1,"name":"Startseite","item":"https:\/\/zbz.lu\/lb\/"},{"@type":"ListItem","position":2,"name":"Inlays"}]},{"@type":"WebSite","@id":"https:\/\/zbz.lu\/lb\/#website","url":"https:\/\/zbz.lu\/lb\/","name":"Lux Biohealth","description":"Zentrum f\u00fcr biologische Zahnmedizin","publisher":{"@id":"https:\/\/zbz.lu\/lb\/#organization"},"potentialAction":[{"@type":"SearchAction","target":{"@type":"EntryPoint","urlTemplate":"https:\/\/zbz.lu\/lb\/?s={search_term_string}"},"query-input":{"@type":"PropertyValueSpecification","valueRequired":true,"valueName":"search_term_string"}}],"inLanguage":"lb-LB"},{"@type":"Organization","@id":"https:\/\/zbz.lu\/lb\/#organization","name":"Lux Biohealth","url":"https:\/\/zbz.lu\/lb\/","logo":{"@type":"ImageObject","inLanguage":"lb-LB","@id":"https:\/\/zbz.lu\/lb\/#\/schema\/logo\/image\/","url":"https:\/\/zbz.lu\/wp-content\/uploads\/2025\/11\/LuxBioHealth4.png","contentUrl":"https:\/\/zbz.lu\/wp-content\/uploads\/2025\/11\/LuxBioHealth4.png","width":1432,"height":374,"caption":"Lux Biohealth"},"image":{"@id":"https:\/\/zbz.lu\/lb\/#\/schema\/logo\/image\/"}}]}},"_links":{"self":[{"href":"https:\/\/zbz.lu\/lb\/wp-json\/wp\/v2\/pages\/1225","targetHints":{"allow":["GET"]}}],"collection":[{"href":"https:\/\/zbz.lu\/lb\/wp-json\/wp\/v2\/pages"}],"about":[{"href":"https:\/\/zbz.lu\/lb\/wp-json\/wp\/v2\/types\/page"}],"author":[{"embeddable":true,"href":"https:\/\/zbz.lu\/lb\/wp-json\/wp\/v2\/users\/1"}],"replies":[{"embeddable":true,"href":"https:\/\/zbz.lu\/lb\/wp-json\/wp\/v2\/comments?post=1225"}],"version-history":[{"count":0,"href":"https:\/\/zbz.lu\/lb\/wp-json\/wp\/v2\/pages\/1225\/revisions"}],"wp:attachment":[{"href":"https:\/\/zbz.lu\/lb\/wp-json\/wp\/v2\/media?parent=1225"}],"curies":[{"name":"wp","href":"https:\/\/api.w.org\/{rel}","templated":true}]}}