{"id":1123,"date":"2020-10-21T08:43:20","date_gmt":"2020-10-21T08:43:20","guid":{"rendered":"https:\/\/zbz.lu\/impressum\/"},"modified":"2025-10-19T12:12:02","modified_gmt":"2025-10-19T12:12:02","slug":"impressum","status":"publish","type":"page","link":"https:\/\/zbz.lu\/lb\/impressum\/","title":{"rendered":"Impressum"},"content":{"rendered":"\t\t<div data-elementor-type=\"wp-page\" data-elementor-id=\"1123\" class=\"elementor elementor-1123 elementor-78\" data-elementor-settings=\"{&quot;ha_cmc_init_switcher&quot;:&quot;no&quot;}\">\n\t\t\t\t\t\t<section class=\"elementor-section elementor-top-section elementor-element elementor-element-23da86f8 elementor-section-boxed elementor-section-height-default elementor-section-height-default\" data-id=\"23da86f8\" data-element_type=\"section\" data-e-type=\"section\" data-settings=\"{&quot;background_background&quot;:&quot;classic&quot;,&quot;shape_divider_bottom&quot;:&quot;waves&quot;,&quot;_ha_eqh_enable&quot;:false}\">\n\t\t\t\t\t\t\t<div class=\"elementor-background-overlay\"><\/div>\n\t\t\t\t\t\t<div class=\"elementor-shape elementor-shape-bottom\" aria-hidden=\"true\" data-negative=\"false\">\n\t\t\t<svg xmlns=\"http:\/\/www.w3.org\/2000\/svg\" viewBox=\"0 0 1000 100\" preserveAspectRatio=\"none\">\n\t<path class=\"elementor-shape-fill\" d=\"M421.9,6.5c22.6-2.5,51.5,0.4,75.5,5.3c23.6,4.9,70.9,23.5,100.5,35.7c75.8,32.2,133.7,44.5,192.6,49.7\n\tc23.6,2.1,48.7,3.5,103.4-2.5c54.7-6,106.2-25.6,106.2-25.6V0H0v30.3c0,0,72,32.6,158.4,30.5c39.2-0.7,92.8-6.7,134-22.4\n\tc21.2-8.1,52.2-18.2,79.7-24.2C399.3,7.9,411.6,7.5,421.9,6.5z\"\/>\n<\/svg>\t\t<\/div>\n\t\t\t\t\t<div class=\"elementor-container elementor-column-gap-default\">\n\t\t\t\t\t<div class=\"elementor-column elementor-col-100 elementor-top-column elementor-element elementor-element-73998400\" data-id=\"73998400\" data-element_type=\"column\" data-e-type=\"column\">\n\t\t\t<div class=\"elementor-widget-wrap elementor-element-populated\">\n\t\t\t\t\t\t<div class=\"elementor-element elementor-element-75c23b73 lesmarg elementor-widget elementor-widget-heading\" data-id=\"75c23b73\" data-element_type=\"widget\" data-e-type=\"widget\" data-widget_type=\"heading.default\">\n\t\t\t\t<div class=\"elementor-widget-container\">\n\t\t\t\t\t<h1 class=\"elementor-heading-title elementor-size-default\">Impressum<\/h1>\t\t\t\t<\/div>\n\t\t\t\t<\/div>\n\t\t\t\t<div class=\"elementor-element elementor-element-11103f49 elementor-widget-divider--view-line elementor-widget elementor-widget-divider\" data-id=\"11103f49\" data-element_type=\"widget\" data-e-type=\"widget\" data-widget_type=\"divider.default\">\n\t\t\t\t<div class=\"elementor-widget-container\">\n\t\t\t\t\t\t\t<div class=\"elementor-divider\">\n\t\t\t<span class=\"elementor-divider-separator\">\n\t\t\t\t\t\t<\/span>\n\t\t<\/div>\n\t\t\t\t\t\t<\/div>\n\t\t\t\t<\/div>\n\t\t\t\t\t<\/div>\n\t\t<\/div>\n\t\t\t\t\t<\/div>\n\t\t<\/section>\n\t\t\t\t<section class=\"elementor-section elementor-top-section elementor-element elementor-element-3e1ff09e elementor-section-boxed elementor-section-height-default elementor-section-height-default\" data-id=\"3e1ff09e\" data-element_type=\"section\" data-e-type=\"section\" data-settings=\"{&quot;_ha_eqh_enable&quot;:false}\">\n\t\t\t\t\t\t<div class=\"elementor-container elementor-column-gap-default\">\n\t\t\t\t\t<div class=\"elementor-column elementor-col-100 elementor-top-column elementor-element elementor-element-724897e0\" data-id=\"724897e0\" data-element_type=\"column\" data-e-type=\"column\">\n\t\t\t<div class=\"elementor-widget-wrap elementor-element-populated\">\n\t\t\t\t\t\t<div class=\"elementor-element elementor-element-6ae939cb elementor-widget-divider--view-line elementor-widget elementor-widget-divider\" data-id=\"6ae939cb\" data-element_type=\"widget\" data-e-type=\"widget\" data-widget_type=\"divider.default\">\n\t\t\t\t<div class=\"elementor-widget-container\">\n\t\t\t\t\t\t\t<div class=\"elementor-divider\">\n\t\t\t<span class=\"elementor-divider-separator\">\n\t\t\t\t\t\t<\/span>\n\t\t<\/div>\n\t\t\t\t\t\t<\/div>\n\t\t\t\t<\/div>\n\t\t\t\t<div class=\"elementor-element elementor-element-67c799f1 elementor-widget elementor-widget-text-editor\" data-id=\"67c799f1\" data-element_type=\"widget\" data-e-type=\"widget\" data-widget_type=\"text-editor.default\">\n\t\t\t\t<div class=\"elementor-widget-container\">\n\t\t\t\t\t\t\t\t\t<p><strong>Lux Biohealth &#8211; Kompetenzzentrum f\u00fcr Biologische Zahnmedizin<\/strong><\/p>\n<p>29, Avenue Monterey<\/p>\n<p>L-2163 Luxemburg<\/p>\n<p>Tel. +352\/467312<\/p>\n<p>Fax +352\/467313<\/p>\n<p>hello@lux-biohealth.lu<\/p>\n<p>www.lux-biohealth.lu<\/p>\n<p><strong>Zust\u00e4ndige Aufsichtsbeh\u00f6rde<\/strong><\/p>\n<p>Coll\u00e8ge M\u00e9dical<\/p>\n<p>2, rue Albert Ier<\/p>\n<p>L-1117 Luxemburg<\/p>\n<p>info@collegemedical.lu<\/p>\n<p><strong>Berufsbezeichnung:<\/strong><\/p>\n<p>Zahnarzt<\/p>\n<p><strong>Inhaltlich Verantwortlicher:<\/strong><\/p>\n<p><span style=\"font-weight: 600;\">Dr. Hendrik Schwagten PhD., MSc, MSc, MSc<\/span><\/p>\n<p>Dirk Hessmann<\/p>\n<p><strong>USt.-Id.-Nr. LU18117358<\/strong><\/p>\t\t\t\t\t\t\t\t<\/div>\n\t\t\t\t<\/div>\n\t\t\t\t\t<\/div>\n\t\t<\/div>\n\t\t\t\t\t<\/div>\n\t\t<\/section>\n\t\t\t\t<\/div>\n\t\t","protected":false},"excerpt":{"rendered":"<p>Impressum Lux Biohealth &#8211; Kompetenzzentrum f\u00fcr Biologische Zahnmedizin 29, Avenue Monterey L-2163 Luxemburg Tel. +352\/467312 Fax +352\/467313 hello@lux-biohealth.lu www.lux-biohealth.lu Zust\u00e4ndige Aufsichtsbeh\u00f6rde Coll\u00e8ge M\u00e9dical 2, rue Albert Ier L-1117 Luxemburg info@collegemedical.lu Berufsbezeichnung: Zahnarzt Inhaltlich Verantwortlicher: Dr. Hendrik Schwagten PhD., MSc, MSc, MSc Dirk Hessmann USt.-Id.-Nr. LU18117358<\/p>\n","protected":false},"author":1,"featured_media":0,"parent":0,"menu_order":0,"comment_status":"closed","ping_status":"closed","template":"elementor_header_footer","meta":{"ocean_post_layout":"","ocean_both_sidebars_style":"","ocean_both_sidebars_content_width":0,"ocean_both_sidebars_sidebars_width":0,"ocean_sidebar":"","ocean_second_sidebar":"","ocean_disable_margins":"enable","ocean_add_body_class":"","ocean_shortcode_before_top_bar":"","ocean_shortcode_after_top_bar":"","ocean_shortcode_before_header":"","ocean_shortcode_after_header":"","ocean_has_shortcode":"","ocean_shortcode_after_title":"","ocean_shortcode_before_footer_widgets":"","ocean_shortcode_after_footer_widgets":"","ocean_shortcode_before_footer_bottom":"","ocean_shortcode_after_footer_bottom":"","ocean_display_top_bar":"default","ocean_display_header":"default","ocean_header_style":"","ocean_center_header_left_menu":"","ocean_custom_header_template":"","ocean_custom_logo":0,"ocean_custom_retina_logo":0,"ocean_custom_logo_max_width":0,"ocean_custom_logo_tablet_max_width":0,"ocean_custom_logo_mobile_max_width":0,"ocean_custom_logo_max_height":0,"ocean_custom_logo_tablet_max_height":0,"ocean_custom_logo_mobile_max_height":0,"ocean_header_custom_menu":"","ocean_menu_typo_font_family":"","ocean_menu_typo_font_subset":"","ocean_menu_typo_font_size":0,"ocean_menu_typo_font_size_tablet":0,"ocean_menu_typo_font_size_mobile":0,"ocean_menu_typo_font_size_unit":"px","ocean_menu_typo_font_weight":"","ocean_menu_typo_font_weight_tablet":"","ocean_menu_typo_font_weight_mobile":"","ocean_menu_typo_transform":"","ocean_menu_typo_transform_tablet":"","ocean_menu_typo_transform_mobile":"","ocean_menu_typo_line_height":0,"ocean_menu_typo_line_height_tablet":0,"ocean_menu_typo_line_height_mobile":0,"ocean_menu_typo_line_height_unit":"","ocean_menu_typo_spacing":0,"ocean_menu_typo_spacing_tablet":0,"ocean_menu_typo_spacing_mobile":0,"ocean_menu_typo_spacing_unit":"","ocean_menu_link_color":"","ocean_menu_link_color_hover":"","ocean_menu_link_color_active":"","ocean_menu_link_background":"","ocean_menu_link_hover_background":"","ocean_menu_link_active_background":"","ocean_menu_social_links_bg":"","ocean_menu_social_hover_links_bg":"","ocean_menu_social_links_color":"","ocean_menu_social_hover_links_color":"","ocean_disable_title":"default","ocean_disable_heading":"default","ocean_post_title":"","ocean_post_subheading":"","ocean_post_title_style":"","ocean_post_title_background_color":"","ocean_post_title_background":0,"ocean_post_title_bg_image_position":"","ocean_post_title_bg_image_attachment":"","ocean_post_title_bg_image_repeat":"","ocean_post_title_bg_image_size":"","ocean_post_title_height":0,"ocean_post_title_bg_overlay":0.5,"ocean_post_title_bg_overlay_color":"","ocean_disable_breadcrumbs":"default","ocean_breadcrumbs_color":"","ocean_breadcrumbs_separator_color":"","ocean_breadcrumbs_links_color":"","ocean_breadcrumbs_links_hover_color":"","ocean_display_footer_widgets":"default","ocean_display_footer_bottom":"default","ocean_custom_footer_template":"","footnotes":""},"class_list":["post-1123","page","type-page","status-publish","hentry","entry"],"yoast_head":"<!-- This site is optimized with the Yoast SEO plugin v27.5 - https:\/\/yoast.com\/product\/yoast-seo-wordpress\/ -->\n<title>Impressum - Lux Biohealth<\/title>\n<meta name=\"robots\" content=\"index, follow, max-snippet:-1, max-image-preview:large, max-video-preview:-1\" \/>\n<link rel=\"canonical\" href=\"https:\/\/zbz.lu\/lb\/impressum\/\" \/>\n<meta property=\"og:locale\" content=\"en_US\" \/>\n<meta property=\"og:type\" content=\"article\" \/>\n<meta property=\"og:title\" content=\"Impressum - Lux Biohealth\" \/>\n<meta property=\"og:description\" content=\"Impressum Lux Biohealth &#8211; Kompetenzzentrum f\u00fcr Biologische Zahnmedizin 29, Avenue Monterey L-2163 Luxemburg Tel. +352\/467312 Fax +352\/467313 hello@lux-biohealth.lu www.lux-biohealth.lu Zust\u00e4ndige Aufsichtsbeh\u00f6rde Coll\u00e8ge M\u00e9dical 2, rue Albert Ier L-1117 Luxemburg info@collegemedical.lu Berufsbezeichnung: Zahnarzt Inhaltlich Verantwortlicher: Dr. Hendrik Schwagten PhD., MSc, MSc, MSc Dirk Hessmann USt.-Id.-Nr. LU18117358\" \/>\n<meta property=\"og:url\" content=\"https:\/\/zbz.lu\/lb\/impressum\/\" \/>\n<meta property=\"og:site_name\" content=\"Lux Biohealth\" \/>\n<meta property=\"article:modified_time\" content=\"2025-10-19T12:12:02+00:00\" \/>\n<meta name=\"twitter:card\" content=\"summary_large_image\" \/>\n<meta name=\"twitter:label1\" content=\"Est. reading time\" \/>\n\t<meta name=\"twitter:data1\" content=\"1 minute\" \/>\n<script type=\"application\/ld+json\" class=\"yoast-schema-graph\">{\"@context\":\"https:\\\/\\\/schema.org\",\"@graph\":[{\"@type\":\"WebPage\",\"@id\":\"https:\\\/\\\/zbz.lu\\\/lb\\\/impressum\\\/\",\"url\":\"https:\\\/\\\/zbz.lu\\\/lb\\\/impressum\\\/\",\"name\":\"Impressum - Lux Biohealth\",\"isPartOf\":{\"@id\":\"https:\\\/\\\/zbz.lu\\\/lb\\\/#website\"},\"datePublished\":\"2020-10-21T08:43:20+00:00\",\"dateModified\":\"2025-10-19T12:12:02+00:00\",\"breadcrumb\":{\"@id\":\"https:\\\/\\\/zbz.lu\\\/lb\\\/impressum\\\/#breadcrumb\"},\"inLanguage\":\"lb-LB\",\"potentialAction\":[{\"@type\":\"ReadAction\",\"target\":[\"https:\\\/\\\/zbz.lu\\\/lb\\\/impressum\\\/\"]}]},{\"@type\":\"BreadcrumbList\",\"@id\":\"https:\\\/\\\/zbz.lu\\\/lb\\\/impressum\\\/#breadcrumb\",\"itemListElement\":[{\"@type\":\"ListItem\",\"position\":1,\"name\":\"Startseite\",\"item\":\"https:\\\/\\\/zbz.lu\\\/lb\\\/\"},{\"@type\":\"ListItem\",\"position\":2,\"name\":\"Impressum\"}]},{\"@type\":\"WebSite\",\"@id\":\"https:\\\/\\\/zbz.lu\\\/lb\\\/#website\",\"url\":\"https:\\\/\\\/zbz.lu\\\/lb\\\/\",\"name\":\"Lux Biohealth\",\"description\":\"Zentrum f\u00fcr biologische Zahnmedizin\",\"publisher\":{\"@id\":\"https:\\\/\\\/zbz.lu\\\/lb\\\/#organization\"},\"potentialAction\":[{\"@type\":\"SearchAction\",\"target\":{\"@type\":\"EntryPoint\",\"urlTemplate\":\"https:\\\/\\\/zbz.lu\\\/lb\\\/?s={search_term_string}\"},\"query-input\":{\"@type\":\"PropertyValueSpecification\",\"valueRequired\":true,\"valueName\":\"search_term_string\"}}],\"inLanguage\":\"lb-LB\"},{\"@type\":\"Organization\",\"@id\":\"https:\\\/\\\/zbz.lu\\\/lb\\\/#organization\",\"name\":\"Lux Biohealth\",\"url\":\"https:\\\/\\\/zbz.lu\\\/lb\\\/\",\"logo\":{\"@type\":\"ImageObject\",\"inLanguage\":\"lb-LB\",\"@id\":\"https:\\\/\\\/zbz.lu\\\/lb\\\/#\\\/schema\\\/logo\\\/image\\\/\",\"url\":\"https:\\\/\\\/zbz.lu\\\/wp-content\\\/uploads\\\/2025\\\/11\\\/LuxBioHealth4.png\",\"contentUrl\":\"https:\\\/\\\/zbz.lu\\\/wp-content\\\/uploads\\\/2025\\\/11\\\/LuxBioHealth4.png\",\"width\":1432,\"height\":374,\"caption\":\"Lux Biohealth\"},\"image\":{\"@id\":\"https:\\\/\\\/zbz.lu\\\/lb\\\/#\\\/schema\\\/logo\\\/image\\\/\"}}]}<\/script>\n<!-- \/ Yoast SEO plugin. -->","yoast_head_json":{"title":"Impressum - Lux Biohealth","robots":{"index":"index","follow":"follow","max-snippet":"max-snippet:-1","max-image-preview":"max-image-preview:large","max-video-preview":"max-video-preview:-1"},"canonical":"https:\/\/zbz.lu\/lb\/impressum\/","og_locale":"en_US","og_type":"article","og_title":"Impressum - Lux Biohealth","og_description":"Impressum Lux Biohealth &#8211; Kompetenzzentrum f\u00fcr Biologische Zahnmedizin 29, Avenue Monterey L-2163 Luxemburg Tel. +352\/467312 Fax +352\/467313 hello@lux-biohealth.lu www.lux-biohealth.lu Zust\u00e4ndige Aufsichtsbeh\u00f6rde Coll\u00e8ge M\u00e9dical 2, rue Albert Ier L-1117 Luxemburg info@collegemedical.lu Berufsbezeichnung: Zahnarzt Inhaltlich Verantwortlicher: Dr. Hendrik Schwagten PhD., MSc, MSc, MSc Dirk Hessmann USt.-Id.-Nr. LU18117358","og_url":"https:\/\/zbz.lu\/lb\/impressum\/","og_site_name":"Lux Biohealth","article_modified_time":"2025-10-19T12:12:02+00:00","twitter_card":"summary_large_image","twitter_misc":{"Est. reading time":"1 minute"},"schema":{"@context":"https:\/\/schema.org","@graph":[{"@type":"WebPage","@id":"https:\/\/zbz.lu\/lb\/impressum\/","url":"https:\/\/zbz.lu\/lb\/impressum\/","name":"Impressum - Lux Biohealth","isPartOf":{"@id":"https:\/\/zbz.lu\/lb\/#website"},"datePublished":"2020-10-21T08:43:20+00:00","dateModified":"2025-10-19T12:12:02+00:00","breadcrumb":{"@id":"https:\/\/zbz.lu\/lb\/impressum\/#breadcrumb"},"inLanguage":"lb-LB","potentialAction":[{"@type":"ReadAction","target":["https:\/\/zbz.lu\/lb\/impressum\/"]}]},{"@type":"BreadcrumbList","@id":"https:\/\/zbz.lu\/lb\/impressum\/#breadcrumb","itemListElement":[{"@type":"ListItem","position":1,"name":"Startseite","item":"https:\/\/zbz.lu\/lb\/"},{"@type":"ListItem","position":2,"name":"Impressum"}]},{"@type":"WebSite","@id":"https:\/\/zbz.lu\/lb\/#website","url":"https:\/\/zbz.lu\/lb\/","name":"Lux Biohealth","description":"Zentrum f\u00fcr biologische Zahnmedizin","publisher":{"@id":"https:\/\/zbz.lu\/lb\/#organization"},"potentialAction":[{"@type":"SearchAction","target":{"@type":"EntryPoint","urlTemplate":"https:\/\/zbz.lu\/lb\/?s={search_term_string}"},"query-input":{"@type":"PropertyValueSpecification","valueRequired":true,"valueName":"search_term_string"}}],"inLanguage":"lb-LB"},{"@type":"Organization","@id":"https:\/\/zbz.lu\/lb\/#organization","name":"Lux Biohealth","url":"https:\/\/zbz.lu\/lb\/","logo":{"@type":"ImageObject","inLanguage":"lb-LB","@id":"https:\/\/zbz.lu\/lb\/#\/schema\/logo\/image\/","url":"https:\/\/zbz.lu\/wp-content\/uploads\/2025\/11\/LuxBioHealth4.png","contentUrl":"https:\/\/zbz.lu\/wp-content\/uploads\/2025\/11\/LuxBioHealth4.png","width":1432,"height":374,"caption":"Lux Biohealth"},"image":{"@id":"https:\/\/zbz.lu\/lb\/#\/schema\/logo\/image\/"}}]}},"_links":{"self":[{"href":"https:\/\/zbz.lu\/lb\/wp-json\/wp\/v2\/pages\/1123","targetHints":{"allow":["GET"]}}],"collection":[{"href":"https:\/\/zbz.lu\/lb\/wp-json\/wp\/v2\/pages"}],"about":[{"href":"https:\/\/zbz.lu\/lb\/wp-json\/wp\/v2\/types\/page"}],"author":[{"embeddable":true,"href":"https:\/\/zbz.lu\/lb\/wp-json\/wp\/v2\/users\/1"}],"replies":[{"embeddable":true,"href":"https:\/\/zbz.lu\/lb\/wp-json\/wp\/v2\/comments?post=1123"}],"version-history":[{"count":4,"href":"https:\/\/zbz.lu\/lb\/wp-json\/wp\/v2\/pages\/1123\/revisions"}],"predecessor-version":[{"id":14806,"href":"https:\/\/zbz.lu\/lb\/wp-json\/wp\/v2\/pages\/1123\/revisions\/14806"}],"wp:attachment":[{"href":"https:\/\/zbz.lu\/lb\/wp-json\/wp\/v2\/media?parent=1123"}],"curies":[{"name":"wp","href":"https:\/\/api.w.org\/{rel}","templated":true}]}}