{"id":3009,"date":"2024-08-28T11:17:19","date_gmt":"2024-08-28T11:17:19","guid":{"rendered":"https:\/\/zbz.lu\/faccette\/"},"modified":"2024-08-29T11:55:38","modified_gmt":"2024-08-29T11:55:38","slug":"faccette","status":"publish","type":"page","link":"https:\/\/zbz.lu\/it\/faccette\/","title":{"rendered":"Faccette"},"content":{"rendered":"\t\t<div data-elementor-type=\"wp-page\" data-elementor-id=\"3009\" class=\"elementor elementor-3009 elementor-149\" data-elementor-settings=\"{&quot;ha_cmc_init_switcher&quot;:&quot;no&quot;}\">\n\t\t\t\t\t\t<section class=\"elementor-section elementor-top-section elementor-element elementor-element-6465a37a elementor-section-boxed elementor-section-height-default elementor-section-height-default\" data-id=\"6465a37a\" data-element_type=\"section\" data-e-type=\"section\" data-settings=\"{&quot;background_background&quot;:&quot;classic&quot;,&quot;shape_divider_bottom&quot;:&quot;waves&quot;,&quot;_ha_eqh_enable&quot;:false}\">\n\t\t\t\t\t\t\t<div class=\"elementor-background-overlay\"><\/div>\n\t\t\t\t\t\t<div class=\"elementor-shape elementor-shape-bottom\" aria-hidden=\"true\" data-negative=\"false\">\n\t\t\t<svg xmlns=\"http:\/\/www.w3.org\/2000\/svg\" viewBox=\"0 0 1000 100\" preserveAspectRatio=\"none\">\n\t<path class=\"elementor-shape-fill\" d=\"M421.9,6.5c22.6-2.5,51.5,0.4,75.5,5.3c23.6,4.9,70.9,23.5,100.5,35.7c75.8,32.2,133.7,44.5,192.6,49.7\n\tc23.6,2.1,48.7,3.5,103.4-2.5c54.7-6,106.2-25.6,106.2-25.6V0H0v30.3c0,0,72,32.6,158.4,30.5c39.2-0.7,92.8-6.7,134-22.4\n\tc21.2-8.1,52.2-18.2,79.7-24.2C399.3,7.9,411.6,7.5,421.9,6.5z\"\/>\n<\/svg>\t\t<\/div>\n\t\t\t\t\t<div class=\"elementor-container elementor-column-gap-default\">\n\t\t\t\t\t<div class=\"elementor-column elementor-col-100 elementor-top-column elementor-element elementor-element-247bb32c\" data-id=\"247bb32c\" data-element_type=\"column\" data-e-type=\"column\">\n\t\t\t<div class=\"elementor-widget-wrap elementor-element-populated\">\n\t\t\t\t\t\t<div class=\"elementor-element elementor-element-173adb1c lesmarg elementor-widget elementor-widget-heading\" data-id=\"173adb1c\" data-element_type=\"widget\" data-e-type=\"widget\" data-widget_type=\"heading.default\">\n\t\t\t\t<div class=\"elementor-widget-container\">\n\t\t\t\t\t<h1 class=\"elementor-heading-title elementor-size-default\">Estetica - Faccette<\/h1>\t\t\t\t<\/div>\n\t\t\t\t<\/div>\n\t\t\t\t<div class=\"elementor-element elementor-element-4b5e6bac elementor-widget-divider--view-line elementor-widget elementor-widget-divider\" data-id=\"4b5e6bac\" data-element_type=\"widget\" data-e-type=\"widget\" data-widget_type=\"divider.default\">\n\t\t\t\t<div class=\"elementor-widget-container\">\n\t\t\t\t\t\t\t<div class=\"elementor-divider\">\n\t\t\t<span class=\"elementor-divider-separator\">\n\t\t\t\t\t\t<\/span>\n\t\t<\/div>\n\t\t\t\t\t\t<\/div>\n\t\t\t\t<\/div>\n\t\t\t\t\t<\/div>\n\t\t<\/div>\n\t\t\t\t\t<\/div>\n\t\t<\/section>\n\t\t\t\t<section class=\"elementor-section elementor-top-section elementor-element elementor-element-fc488a elementor-section-boxed elementor-section-height-default elementor-section-height-default\" data-id=\"fc488a\" data-element_type=\"section\" data-e-type=\"section\" data-settings=\"{&quot;_ha_eqh_enable&quot;:false}\">\n\t\t\t\t\t\t<div class=\"elementor-container elementor-column-gap-default\">\n\t\t\t\t\t<div class=\"elementor-column elementor-col-50 elementor-top-column elementor-element elementor-element-61594e4\" data-id=\"61594e4\" data-element_type=\"column\" data-e-type=\"column\">\n\t\t\t<div class=\"elementor-widget-wrap elementor-element-populated\">\n\t\t\t\t\t\t<div class=\"elementor-element elementor-element-6a0d007b elementor-widget elementor-widget-image\" data-id=\"6a0d007b\" data-element_type=\"widget\" data-e-type=\"widget\" data-widget_type=\"image.default\">\n\t\t\t\t<div class=\"elementor-widget-container\">\n\t\t\t\t\t\t\t\t\t\t\t\t\t\t\t<img fetchpriority=\"high\" decoding=\"async\" width=\"700\" height=\"487\" src=\"https:\/\/zbz.lu\/wp-content\/uploads\/2020\/11\/Untitled-3fxc.jpg\" class=\"attachment-full size-full wp-image-3043\" alt=\"\" srcset=\"https:\/\/zbz.lu\/wp-content\/uploads\/2020\/11\/Untitled-3fxc.jpg 700w, https:\/\/zbz.lu\/wp-content\/uploads\/2020\/11\/Untitled-3fxc-300x209.jpg 300w\" sizes=\"(max-width: 700px) 100vw, 700px\" \/>\t\t\t\t\t\t\t\t\t\t\t\t\t\t\t<\/div>\n\t\t\t\t<\/div>\n\t\t\t\t\t<\/div>\n\t\t<\/div>\n\t\t\t\t<div class=\"elementor-column elementor-col-50 elementor-top-column elementor-element elementor-element-770f860f\" data-id=\"770f860f\" data-element_type=\"column\" data-e-type=\"column\">\n\t\t\t<div class=\"elementor-widget-wrap elementor-element-populated\">\n\t\t\t\t\t\t<div class=\"elementor-element elementor-element-3a63fe17 lesmarg elementor-widget elementor-widget-heading\" data-id=\"3a63fe17\" data-element_type=\"widget\" data-e-type=\"widget\" data-widget_type=\"heading.default\">\n\t\t\t\t<div class=\"elementor-widget-container\">\n\t\t\t\t\t<h3 class=\"elementor-heading-title elementor-size-default\">Faccette: faccette sottilissime per un sorriso radioso<\/h3>\t\t\t\t<\/div>\n\t\t\t\t<\/div>\n\t\t\t\t<div class=\"elementor-element elementor-element-23f06a11 elementor-widget-divider--view-line elementor-widget elementor-widget-divider\" data-id=\"23f06a11\" data-element_type=\"widget\" data-e-type=\"widget\" data-widget_type=\"divider.default\">\n\t\t\t\t<div class=\"elementor-widget-container\">\n\t\t\t\t\t\t\t<div class=\"elementor-divider\">\n\t\t\t<span class=\"elementor-divider-separator\">\n\t\t\t\t\t\t<\/span>\n\t\t<\/div>\n\t\t\t\t\t\t<\/div>\n\t\t\t\t<\/div>\n\t\t\t\t<div class=\"elementor-element elementor-element-27f77021 elementor-widget elementor-widget-text-editor\" data-id=\"27f77021\" data-element_type=\"widget\" data-e-type=\"widget\" data-widget_type=\"text-editor.default\">\n\t\t\t\t<div class=\"elementor-widget-container\">\n\t\t\t\t\t\t\t\t\t<p style=\"text-align: left; margin-bottom: 10px;\">Per molte persone, un sorriso radioso con denti bianchi e uniformi \u00e8 l&#8217;emblema della bellezza e della salute.\nTuttavia, a volte lo scolorimento o piccole irregolarit\u00e0 rovinano l&#8217;aspetto desiderato dei denti.\nLe faccette &#8211; sottilissime &#8211; ti offrono l&#8217;opportunit\u00e0 di aiutare in questo caso e di avvicinarti al sorriso perfetto.    <\/p>\t\t\t\t\t\t\t\t<\/div>\n\t\t\t\t<\/div>\n\t\t\t\t\t<\/div>\n\t\t<\/div>\n\t\t\t\t\t<\/div>\n\t\t<\/section>\n\t\t\t\t<section class=\"elementor-section elementor-top-section elementor-element elementor-element-1acf9b93 elementor-section-boxed elementor-section-height-default elementor-section-height-default\" data-id=\"1acf9b93\" data-element_type=\"section\" data-e-type=\"section\" data-settings=\"{&quot;background_background&quot;:&quot;gradient&quot;,&quot;shape_divider_top&quot;:&quot;waves&quot;,&quot;_ha_eqh_enable&quot;:false}\">\n\t\t\t\t\t<div class=\"elementor-shape elementor-shape-top\" aria-hidden=\"true\" data-negative=\"false\">\n\t\t\t<svg xmlns=\"http:\/\/www.w3.org\/2000\/svg\" viewBox=\"0 0 1000 100\" preserveAspectRatio=\"none\">\n\t<path class=\"elementor-shape-fill\" d=\"M421.9,6.5c22.6-2.5,51.5,0.4,75.5,5.3c23.6,4.9,70.9,23.5,100.5,35.7c75.8,32.2,133.7,44.5,192.6,49.7\n\tc23.6,2.1,48.7,3.5,103.4-2.5c54.7-6,106.2-25.6,106.2-25.6V0H0v30.3c0,0,72,32.6,158.4,30.5c39.2-0.7,92.8-6.7,134-22.4\n\tc21.2-8.1,52.2-18.2,79.7-24.2C399.3,7.9,411.6,7.5,421.9,6.5z\"\/>\n<\/svg>\t\t<\/div>\n\t\t\t\t\t<div class=\"elementor-container elementor-column-gap-default\">\n\t\t\t\t\t<div class=\"elementor-column elementor-col-50 elementor-top-column elementor-element elementor-element-bc81ce1\" data-id=\"bc81ce1\" data-element_type=\"column\" data-e-type=\"column\">\n\t\t\t<div class=\"elementor-widget-wrap elementor-element-populated\">\n\t\t\t\t\t\t<div class=\"elementor-element elementor-element-41329204 lesmarg elementor-widget elementor-widget-heading\" data-id=\"41329204\" data-element_type=\"widget\" data-e-type=\"widget\" data-widget_type=\"heading.default\">\n\t\t\t\t<div class=\"elementor-widget-container\">\n\t\t\t\t\t<h3 class=\"elementor-heading-title elementor-size-default\">Per chi sono adatte le faccette?<\/h3>\t\t\t\t<\/div>\n\t\t\t\t<\/div>\n\t\t\t\t<div class=\"elementor-element elementor-element-7e77b578 lesmarg elementor-widget elementor-widget-heading\" data-id=\"7e77b578\" data-element_type=\"widget\" data-e-type=\"widget\" data-widget_type=\"heading.default\">\n\t\t\t\t<div class=\"elementor-widget-container\">\n\t\t\t\t\t<h3 class=\"elementor-heading-title elementor-size-default\">Eliminare lo scolorimento o far apparire pi\u00f9 dritti i denti storti<\/h3>\t\t\t\t<\/div>\n\t\t\t\t<\/div>\n\t\t\t\t<div class=\"elementor-element elementor-element-6e76d8aa elementor-widget-divider--view-line elementor-widget elementor-widget-divider\" data-id=\"6e76d8aa\" data-element_type=\"widget\" data-e-type=\"widget\" data-widget_type=\"divider.default\">\n\t\t\t\t<div class=\"elementor-widget-container\">\n\t\t\t\t\t\t\t<div class=\"elementor-divider\">\n\t\t\t<span class=\"elementor-divider-separator\">\n\t\t\t\t\t\t<\/span>\n\t\t<\/div>\n\t\t\t\t\t\t<\/div>\n\t\t\t\t<\/div>\n\t\t\t\t\t<\/div>\n\t\t<\/div>\n\t\t\t\t<div class=\"elementor-column elementor-col-50 elementor-top-column elementor-element elementor-element-27d21852\" data-id=\"27d21852\" data-element_type=\"column\" data-e-type=\"column\">\n\t\t\t<div class=\"elementor-widget-wrap elementor-element-populated\">\n\t\t\t\t\t\t<div class=\"elementor-element elementor-element-1a8e9136 elementor-widget elementor-widget-text-editor\" data-id=\"1a8e9136\" data-element_type=\"widget\" data-e-type=\"widget\" data-widget_type=\"text-editor.default\">\n\t\t\t\t<div class=\"elementor-widget-container\">\n\t\t\t\t\t\t\t\t\t<p style=\"text-align: left; margin-bottom: 10px;\">Le faccette sono particolarmente utili per i denti anteriori.\nIn questo caso, le faccette aiutano a eliminare la decolorazione o a far apparire pi\u00f9 dritti i denti storti.\nAnche le persone con difetti congeniti o acquisiti dello smalto (spesso riconoscibili come macchie bianche) possono beneficiare delle faccette.\n\u00c8 possibile correggere piccoli disallineamenti dei denti anteriori, cos\u00ec come piccole lacune o aree scheggiate sugli incisivi o sui canini.     <\/p>\t\t\t\t\t\t\t\t<\/div>\n\t\t\t\t<\/div>\n\t\t\t\t\t<\/div>\n\t\t<\/div>\n\t\t\t\t\t<\/div>\n\t\t<\/section>\n\t\t\t\t<section class=\"elementor-section elementor-top-section elementor-element elementor-element-5762b628 elementor-reverse-mobile elementor-section-boxed elementor-section-height-default elementor-section-height-default\" data-id=\"5762b628\" data-element_type=\"section\" data-e-type=\"section\" data-settings=\"{&quot;_ha_eqh_enable&quot;:false}\">\n\t\t\t\t\t\t<div class=\"elementor-container elementor-column-gap-default\">\n\t\t\t\t\t<div class=\"elementor-column elementor-col-50 elementor-top-column elementor-element elementor-element-59902b89\" data-id=\"59902b89\" data-element_type=\"column\" data-e-type=\"column\">\n\t\t\t<div class=\"elementor-widget-wrap elementor-element-populated\">\n\t\t\t\t\t\t<div class=\"elementor-element elementor-element-5d666d53 lesmarg elementor-widget elementor-widget-heading\" data-id=\"5d666d53\" data-element_type=\"widget\" data-e-type=\"widget\" data-widget_type=\"heading.default\">\n\t\t\t\t<div class=\"elementor-widget-container\">\n\t\t\t\t\t<h3 class=\"elementor-heading-title elementor-size-default\">Cosa puoi aspettarti da un dentista Biohealth?<\/h3>\t\t\t\t<\/div>\n\t\t\t\t<\/div>\n\t\t\t\t<div class=\"elementor-element elementor-element-1837b56 elementor-widget-divider--view-line elementor-widget elementor-widget-divider\" data-id=\"1837b56\" data-element_type=\"widget\" data-e-type=\"widget\" data-widget_type=\"divider.default\">\n\t\t\t\t<div class=\"elementor-widget-container\">\n\t\t\t\t\t\t\t<div class=\"elementor-divider\">\n\t\t\t<span class=\"elementor-divider-separator\">\n\t\t\t\t\t\t<\/span>\n\t\t<\/div>\n\t\t\t\t\t\t<\/div>\n\t\t\t\t<\/div>\n\t\t\t\t<div class=\"elementor-element elementor-element-59acd08e elementor-widget elementor-widget-text-editor\" data-id=\"59acd08e\" data-element_type=\"widget\" data-e-type=\"widget\" data-widget_type=\"text-editor.default\">\n\t\t\t\t<div class=\"elementor-widget-container\">\n\t\t\t\t\t\t\t\t\t<p style=\"text-align: left; margin-bottom: 10px;\">Le faccette sono faccette.<br \/>\nVengono attaccate ai denti veri con un adesivo speciale.<br \/>\nIl dentista deve prima smerigliarle un po&#8217;.  <\/p>\n<p style=\"text-align: left; margin-bottom: 10px;\">Se opti per le faccette convenzionali, viene rimosso solo uno strato molto sottile del tuo dente: sono sufficienti circa 0,3-1 mm.<br \/>\nLa faccetta convenzionale viene personalizzata in laboratorio in base alla situazione del tuo dente.<br \/>\nCi\u00f2 significa che in seguito avr\u00e0 esattamente lo stesso colore dei denti rimanenti o di quelli vicini.<br \/>\nUna volta terminata la faccetta, il dentista utilizza uno speciale adesivo per attaccarla al dente.<br \/>\nQuesto processo di incollaggio richiede circa 20 minuti per ogni dente.<br \/>\nUna faccetta convenzionale ha una durata media di cinque-dieci anni.<br \/>\nViene quindi sostituita da una nuova faccetta dal dentista.      <\/p>\n<p style=\"text-align: left; margin-bottom: 10px;\">Oltre alle faccette tradizionali, esistono anche le cosiddette faccette non-prep.<br \/>\nQueste hanno una durata di vita molto pi\u00f9 breve, ma possono essere applicate ai denti senza doverle levigare prima, poich\u00e9 hanno uno spessore di soli 0,2 mm.<br \/>\nAnche se questa variante non dura quanto quella convenzionale, \u00e8 pi\u00f9 delicata per il dente.<br \/>\nPoich\u00e9 la sostanza del dente \u00e8 completamente preservata, non c&#8217;\u00e8 il rischio di danneggiare i nervi.   <\/p>\n\t\t\t\t\t\t\t\t<\/div>\n\t\t\t\t<\/div>\n\t\t\t\t\t<\/div>\n\t\t<\/div>\n\t\t\t\t<div class=\"elementor-column elementor-col-50 elementor-top-column elementor-element elementor-element-28cbb93a\" data-id=\"28cbb93a\" data-element_type=\"column\" data-e-type=\"column\">\n\t\t\t<div class=\"elementor-widget-wrap elementor-element-populated\">\n\t\t\t\t\t\t<div class=\"elementor-element elementor-element-e594b44 elementor-widget elementor-widget-image\" data-id=\"e594b44\" data-element_type=\"widget\" data-e-type=\"widget\" data-widget_type=\"image.default\">\n\t\t\t\t<div class=\"elementor-widget-container\">\n\t\t\t\t\t\t\t\t\t\t\t\t\t\t\t<img decoding=\"async\" width=\"610\" height=\"633\" src=\"https:\/\/zbz.lu\/wp-content\/uploads\/2020\/10\/pretty-beautiful-woman-with-blonde-long-hair-having-excited-happy-facial-expression.jpg\" class=\"attachment-full size-full wp-image-3010\" alt=\"\" srcset=\"https:\/\/zbz.lu\/wp-content\/uploads\/2020\/10\/pretty-beautiful-woman-with-blonde-long-hair-having-excited-happy-facial-expression.jpg 610w, https:\/\/zbz.lu\/wp-content\/uploads\/2020\/10\/pretty-beautiful-woman-with-blonde-long-hair-having-excited-happy-facial-expression-289x300.jpg 289w\" sizes=\"(max-width: 610px) 100vw, 610px\" \/>\t\t\t\t\t\t\t\t\t\t\t\t\t\t\t<\/div>\n\t\t\t\t<\/div>\n\t\t\t\t\t<\/div>\n\t\t<\/div>\n\t\t\t\t\t<\/div>\n\t\t<\/section>\n\t\t\t\t<\/div>\n\t\t","protected":false},"excerpt":{"rendered":"<p>Estetica &#8211; Faccette Faccette: faccette sottilissime per un sorriso radioso Per molte persone, un sorriso radioso con denti bianchi e uniformi \u00e8 l&#8217;emblema della bellezza e della salute. Tuttavia, a volte lo scolorimento o piccole irregolarit\u00e0 rovinano l&#8217;aspetto desiderato dei denti. Le faccette &#8211; sottilissime &#8211; ti offrono l&#8217;opportunit\u00e0 di aiutare in questo caso e [&hellip;]<\/p>\n","protected":false},"author":1,"featured_media":0,"parent":0,"menu_order":0,"comment_status":"closed","ping_status":"closed","template":"elementor_header_footer","meta":{"ocean_post_layout":"","ocean_both_sidebars_style":"","ocean_both_sidebars_content_width":0,"ocean_both_sidebars_sidebars_width":0,"ocean_sidebar":"","ocean_second_sidebar":"","ocean_disable_margins":"enable","ocean_add_body_class":"","ocean_shortcode_before_top_bar":"","ocean_shortcode_after_top_bar":"","ocean_shortcode_before_header":"","ocean_shortcode_after_header":"","ocean_has_shortcode":"","ocean_shortcode_after_title":"","ocean_shortcode_before_footer_widgets":"","ocean_shortcode_after_footer_widgets":"","ocean_shortcode_before_footer_bottom":"","ocean_shortcode_after_footer_bottom":"","ocean_display_top_bar":"default","ocean_display_header":"default","ocean_header_style":"","ocean_center_header_left_menu":"","ocean_custom_header_template":"","ocean_custom_logo":0,"ocean_custom_retina_logo":0,"ocean_custom_logo_max_width":0,"ocean_custom_logo_tablet_max_width":0,"ocean_custom_logo_mobile_max_width":0,"ocean_custom_logo_max_height":0,"ocean_custom_logo_tablet_max_height":0,"ocean_custom_logo_mobile_max_height":0,"ocean_header_custom_menu":"","ocean_menu_typo_font_family":"","ocean_menu_typo_font_subset":"","ocean_menu_typo_font_size":0,"ocean_menu_typo_font_size_tablet":0,"ocean_menu_typo_font_size_mobile":0,"ocean_menu_typo_font_size_unit":"px","ocean_menu_typo_font_weight":"","ocean_menu_typo_font_weight_tablet":"","ocean_menu_typo_font_weight_mobile":"","ocean_menu_typo_transform":"","ocean_menu_typo_transform_tablet":"","ocean_menu_typo_transform_mobile":"","ocean_menu_typo_line_height":0,"ocean_menu_typo_line_height_tablet":0,"ocean_menu_typo_line_height_mobile":0,"ocean_menu_typo_line_height_unit":"","ocean_menu_typo_spacing":0,"ocean_menu_typo_spacing_tablet":0,"ocean_menu_typo_spacing_mobile":0,"ocean_menu_typo_spacing_unit":"","ocean_menu_link_color":"","ocean_menu_link_color_hover":"","ocean_menu_link_color_active":"","ocean_menu_link_background":"","ocean_menu_link_hover_background":"","ocean_menu_link_active_background":"","ocean_menu_social_links_bg":"","ocean_menu_social_hover_links_bg":"","ocean_menu_social_links_color":"","ocean_menu_social_hover_links_color":"","ocean_disable_title":"default","ocean_disable_heading":"default","ocean_post_title":"","ocean_post_subheading":"","ocean_post_title_style":"","ocean_post_title_background_color":"","ocean_post_title_background":0,"ocean_post_title_bg_image_position":"","ocean_post_title_bg_image_attachment":"","ocean_post_title_bg_image_repeat":"","ocean_post_title_bg_image_size":"","ocean_post_title_height":0,"ocean_post_title_bg_overlay":0.5,"ocean_post_title_bg_overlay_color":"","ocean_disable_breadcrumbs":"default","ocean_breadcrumbs_color":"","ocean_breadcrumbs_separator_color":"","ocean_breadcrumbs_links_color":"","ocean_breadcrumbs_links_hover_color":"","ocean_display_footer_widgets":"default","ocean_display_footer_bottom":"default","ocean_custom_footer_template":"","footnotes":""},"class_list":["post-3009","page","type-page","status-publish","hentry","entry"],"yoast_head":"<!-- This site is optimized with the Yoast SEO plugin v27.6 - https:\/\/yoast.com\/product\/yoast-seo-wordpress\/ -->\n<title>Faccette: faccette sottilissime per un sorriso radioso Lux Biohealth<\/title>\n<meta name=\"description\" content=\"Le faccette - sottilissime - ti offrono l&#039;opportunit\u00e0 di dare un piccolo aiuto e di avvicinarti al sorriso perfetto. Scopri come!\" \/>\n<meta name=\"robots\" content=\"index, follow, max-snippet:-1, max-image-preview:large, max-video-preview:-1\" \/>\n<link rel=\"canonical\" href=\"https:\/\/zbz.lu\/it\/faccette\/\" \/>\n<meta property=\"og:locale\" content=\"it_IT\" \/>\n<meta property=\"og:type\" content=\"article\" \/>\n<meta property=\"og:title\" content=\"Faccette: faccette sottilissime per un sorriso radioso Lux Biohealth\" \/>\n<meta property=\"og:description\" content=\"Le faccette - sottilissime - ti offrono l&#039;opportunit\u00e0 di dare un piccolo aiuto e di avvicinarti al sorriso perfetto. Scopri come!\" \/>\n<meta property=\"og:url\" content=\"https:\/\/zbz.lu\/it\/faccette\/\" \/>\n<meta property=\"og:site_name\" content=\"Lux Biohealth\" \/>\n<meta property=\"article:modified_time\" content=\"2024-08-29T11:55:38+00:00\" \/>\n<meta property=\"og:image\" content=\"https:\/\/zbz.lu\/wp-content\/uploads\/2020\/11\/Untitled-3fxc.jpg\" \/>\n<meta name=\"twitter:card\" content=\"summary_large_image\" \/>\n<meta name=\"twitter:label1\" content=\"Tempo di lettura stimato\" \/>\n\t<meta name=\"twitter:data1\" content=\"2 minuti\" \/>\n<script type=\"application\/ld+json\" class=\"yoast-schema-graph\">{\"@context\":\"https:\\\/\\\/schema.org\",\"@graph\":[{\"@type\":\"WebPage\",\"@id\":\"https:\\\/\\\/zbz.lu\\\/it\\\/faccette\\\/\",\"url\":\"https:\\\/\\\/zbz.lu\\\/it\\\/faccette\\\/\",\"name\":\"Faccette: faccette sottilissime per un sorriso radioso Lux Biohealth\",\"isPartOf\":{\"@id\":\"https:\\\/\\\/zbz.lu\\\/it\\\/#website\"},\"primaryImageOfPage\":{\"@id\":\"https:\\\/\\\/zbz.lu\\\/it\\\/faccette\\\/#primaryimage\"},\"image\":{\"@id\":\"https:\\\/\\\/zbz.lu\\\/it\\\/faccette\\\/#primaryimage\"},\"thumbnailUrl\":\"https:\\\/\\\/zbz.lu\\\/wp-content\\\/uploads\\\/2020\\\/11\\\/Untitled-3fxc.jpg\",\"datePublished\":\"2024-08-28T11:17:19+00:00\",\"dateModified\":\"2024-08-29T11:55:38+00:00\",\"description\":\"Le faccette - sottilissime - ti offrono l'opportunit\u00e0 di dare un piccolo aiuto e di avvicinarti al sorriso perfetto. Scopri come!\",\"breadcrumb\":{\"@id\":\"https:\\\/\\\/zbz.lu\\\/it\\\/faccette\\\/#breadcrumb\"},\"inLanguage\":\"it-IT\",\"potentialAction\":[{\"@type\":\"ReadAction\",\"target\":[\"https:\\\/\\\/zbz.lu\\\/it\\\/faccette\\\/\"]}]},{\"@type\":\"ImageObject\",\"inLanguage\":\"it-IT\",\"@id\":\"https:\\\/\\\/zbz.lu\\\/it\\\/faccette\\\/#primaryimage\",\"url\":\"https:\\\/\\\/zbz.lu\\\/wp-content\\\/uploads\\\/2020\\\/11\\\/Untitled-3fxc.jpg\",\"contentUrl\":\"https:\\\/\\\/zbz.lu\\\/wp-content\\\/uploads\\\/2020\\\/11\\\/Untitled-3fxc.jpg\"},{\"@type\":\"BreadcrumbList\",\"@id\":\"https:\\\/\\\/zbz.lu\\\/it\\\/faccette\\\/#breadcrumb\",\"itemListElement\":[{\"@type\":\"ListItem\",\"position\":1,\"name\":\"Startseite\",\"item\":\"https:\\\/\\\/zbz.lu\\\/it\\\/homepage\\\/\"},{\"@type\":\"ListItem\",\"position\":2,\"name\":\"Faccette\"}]},{\"@type\":\"WebSite\",\"@id\":\"https:\\\/\\\/zbz.lu\\\/it\\\/#website\",\"url\":\"https:\\\/\\\/zbz.lu\\\/it\\\/\",\"name\":\"Lux Biohealth\",\"description\":\"Zentrum f\u00fcr biologische Zahnmedizin\",\"publisher\":{\"@id\":\"https:\\\/\\\/zbz.lu\\\/it\\\/#organization\"},\"potentialAction\":[{\"@type\":\"SearchAction\",\"target\":{\"@type\":\"EntryPoint\",\"urlTemplate\":\"https:\\\/\\\/zbz.lu\\\/it\\\/?s={search_term_string}\"},\"query-input\":{\"@type\":\"PropertyValueSpecification\",\"valueRequired\":true,\"valueName\":\"search_term_string\"}}],\"inLanguage\":\"it-IT\"},{\"@type\":\"Organization\",\"@id\":\"https:\\\/\\\/zbz.lu\\\/it\\\/#organization\",\"name\":\"Lux Biohealth\",\"url\":\"https:\\\/\\\/zbz.lu\\\/it\\\/\",\"logo\":{\"@type\":\"ImageObject\",\"inLanguage\":\"it-IT\",\"@id\":\"https:\\\/\\\/zbz.lu\\\/it\\\/#\\\/schema\\\/logo\\\/image\\\/\",\"url\":\"https:\\\/\\\/zbz.lu\\\/wp-content\\\/uploads\\\/2025\\\/11\\\/LuxBioHealth4.png\",\"contentUrl\":\"https:\\\/\\\/zbz.lu\\\/wp-content\\\/uploads\\\/2025\\\/11\\\/LuxBioHealth4.png\",\"width\":1432,\"height\":374,\"caption\":\"Lux Biohealth\"},\"image\":{\"@id\":\"https:\\\/\\\/zbz.lu\\\/it\\\/#\\\/schema\\\/logo\\\/image\\\/\"}}]}<\/script>\n<!-- \/ Yoast SEO plugin. -->","yoast_head_json":{"title":"Faccette: faccette sottilissime per un sorriso radioso Lux Biohealth","description":"Le faccette - sottilissime - ti offrono l'opportunit\u00e0 di dare un piccolo aiuto e di avvicinarti al sorriso perfetto. Scopri come!","robots":{"index":"index","follow":"follow","max-snippet":"max-snippet:-1","max-image-preview":"max-image-preview:large","max-video-preview":"max-video-preview:-1"},"canonical":"https:\/\/zbz.lu\/it\/faccette\/","og_locale":"it_IT","og_type":"article","og_title":"Faccette: faccette sottilissime per un sorriso radioso Lux Biohealth","og_description":"Le faccette - sottilissime - ti offrono l'opportunit\u00e0 di dare un piccolo aiuto e di avvicinarti al sorriso perfetto. Scopri come!","og_url":"https:\/\/zbz.lu\/it\/faccette\/","og_site_name":"Lux Biohealth","article_modified_time":"2024-08-29T11:55:38+00:00","og_image":[{"url":"https:\/\/zbz.lu\/wp-content\/uploads\/2020\/11\/Untitled-3fxc.jpg","type":"","width":"","height":""}],"twitter_card":"summary_large_image","twitter_misc":{"Tempo di lettura stimato":"2 minuti"},"schema":{"@context":"https:\/\/schema.org","@graph":[{"@type":"WebPage","@id":"https:\/\/zbz.lu\/it\/faccette\/","url":"https:\/\/zbz.lu\/it\/faccette\/","name":"Faccette: faccette sottilissime per un sorriso radioso Lux Biohealth","isPartOf":{"@id":"https:\/\/zbz.lu\/it\/#website"},"primaryImageOfPage":{"@id":"https:\/\/zbz.lu\/it\/faccette\/#primaryimage"},"image":{"@id":"https:\/\/zbz.lu\/it\/faccette\/#primaryimage"},"thumbnailUrl":"https:\/\/zbz.lu\/wp-content\/uploads\/2020\/11\/Untitled-3fxc.jpg","datePublished":"2024-08-28T11:17:19+00:00","dateModified":"2024-08-29T11:55:38+00:00","description":"Le faccette - sottilissime - ti offrono l'opportunit\u00e0 di dare un piccolo aiuto e di avvicinarti al sorriso perfetto. Scopri come!","breadcrumb":{"@id":"https:\/\/zbz.lu\/it\/faccette\/#breadcrumb"},"inLanguage":"it-IT","potentialAction":[{"@type":"ReadAction","target":["https:\/\/zbz.lu\/it\/faccette\/"]}]},{"@type":"ImageObject","inLanguage":"it-IT","@id":"https:\/\/zbz.lu\/it\/faccette\/#primaryimage","url":"https:\/\/zbz.lu\/wp-content\/uploads\/2020\/11\/Untitled-3fxc.jpg","contentUrl":"https:\/\/zbz.lu\/wp-content\/uploads\/2020\/11\/Untitled-3fxc.jpg"},{"@type":"BreadcrumbList","@id":"https:\/\/zbz.lu\/it\/faccette\/#breadcrumb","itemListElement":[{"@type":"ListItem","position":1,"name":"Startseite","item":"https:\/\/zbz.lu\/it\/homepage\/"},{"@type":"ListItem","position":2,"name":"Faccette"}]},{"@type":"WebSite","@id":"https:\/\/zbz.lu\/it\/#website","url":"https:\/\/zbz.lu\/it\/","name":"Lux Biohealth","description":"Zentrum f\u00fcr biologische Zahnmedizin","publisher":{"@id":"https:\/\/zbz.lu\/it\/#organization"},"potentialAction":[{"@type":"SearchAction","target":{"@type":"EntryPoint","urlTemplate":"https:\/\/zbz.lu\/it\/?s={search_term_string}"},"query-input":{"@type":"PropertyValueSpecification","valueRequired":true,"valueName":"search_term_string"}}],"inLanguage":"it-IT"},{"@type":"Organization","@id":"https:\/\/zbz.lu\/it\/#organization","name":"Lux Biohealth","url":"https:\/\/zbz.lu\/it\/","logo":{"@type":"ImageObject","inLanguage":"it-IT","@id":"https:\/\/zbz.lu\/it\/#\/schema\/logo\/image\/","url":"https:\/\/zbz.lu\/wp-content\/uploads\/2025\/11\/LuxBioHealth4.png","contentUrl":"https:\/\/zbz.lu\/wp-content\/uploads\/2025\/11\/LuxBioHealth4.png","width":1432,"height":374,"caption":"Lux Biohealth"},"image":{"@id":"https:\/\/zbz.lu\/it\/#\/schema\/logo\/image\/"}}]}},"_links":{"self":[{"href":"https:\/\/zbz.lu\/it\/wp-json\/wp\/v2\/pages\/3009","targetHints":{"allow":["GET"]}}],"collection":[{"href":"https:\/\/zbz.lu\/it\/wp-json\/wp\/v2\/pages"}],"about":[{"href":"https:\/\/zbz.lu\/it\/wp-json\/wp\/v2\/types\/page"}],"author":[{"embeddable":true,"href":"https:\/\/zbz.lu\/it\/wp-json\/wp\/v2\/users\/1"}],"replies":[{"embeddable":true,"href":"https:\/\/zbz.lu\/it\/wp-json\/wp\/v2\/comments?post=3009"}],"version-history":[{"count":1,"href":"https:\/\/zbz.lu\/it\/wp-json\/wp\/v2\/pages\/3009\/revisions"}],"predecessor-version":[{"id":3012,"href":"https:\/\/zbz.lu\/it\/wp-json\/wp\/v2\/pages\/3009\/revisions\/3012"}],"wp:attachment":[{"href":"https:\/\/zbz.lu\/it\/wp-json\/wp\/v2\/media?parent=3009"}],"curies":[{"name":"wp","href":"https:\/\/api.w.org\/{rel}","templated":true}]}}