{"id":3744,"date":"2024-08-28T11:17:15","date_gmt":"2024-08-28T11:17:15","guid":{"rendered":"https:\/\/zbz.lu\/root2disease\/"},"modified":"2024-08-29T12:49:57","modified_gmt":"2024-08-29T12:49:57","slug":"root2disease","status":"publish","type":"page","link":"https:\/\/zbz.lu\/it-ch\/root2disease\/","title":{"rendered":"Root2Disease"},"content":{"rendered":"\t\t<div data-elementor-type=\"wp-page\" data-elementor-id=\"3744\" class=\"elementor elementor-3744 elementor-109\" data-elementor-settings=\"{&quot;ha_cmc_init_switcher&quot;:&quot;no&quot;}\">\n\t\t\t\t\t\t<section class=\"elementor-section elementor-top-section elementor-element elementor-element-7d670214 elementor-section-boxed elementor-section-height-default elementor-section-height-default\" data-id=\"7d670214\" data-element_type=\"section\" data-e-type=\"section\" data-settings=\"{&quot;background_background&quot;:&quot;classic&quot;,&quot;shape_divider_bottom&quot;:&quot;waves&quot;,&quot;_ha_eqh_enable&quot;:false}\">\n\t\t\t\t\t\t\t<div class=\"elementor-background-overlay\"><\/div>\n\t\t\t\t\t\t<div class=\"elementor-shape elementor-shape-bottom\" aria-hidden=\"true\" data-negative=\"false\">\n\t\t\t<svg xmlns=\"http:\/\/www.w3.org\/2000\/svg\" viewBox=\"0 0 1000 100\" preserveAspectRatio=\"none\">\n\t<path class=\"elementor-shape-fill\" d=\"M421.9,6.5c22.6-2.5,51.5,0.4,75.5,5.3c23.6,4.9,70.9,23.5,100.5,35.7c75.8,32.2,133.7,44.5,192.6,49.7\n\tc23.6,2.1,48.7,3.5,103.4-2.5c54.7-6,106.2-25.6,106.2-25.6V0H0v30.3c0,0,72,32.6,158.4,30.5c39.2-0.7,92.8-6.7,134-22.4\n\tc21.2-8.1,52.2-18.2,79.7-24.2C399.3,7.9,411.6,7.5,421.9,6.5z\"\/>\n<\/svg>\t\t<\/div>\n\t\t\t\t\t<div class=\"elementor-container elementor-column-gap-default\">\n\t\t\t\t\t<div class=\"elementor-column elementor-col-100 elementor-top-column elementor-element elementor-element-752fc5f4\" data-id=\"752fc5f4\" data-element_type=\"column\" data-e-type=\"column\">\n\t\t\t<div class=\"elementor-widget-wrap elementor-element-populated\">\n\t\t\t\t\t\t<div class=\"elementor-element elementor-element-e729411 lesmarg elementor-widget elementor-widget-heading\" data-id=\"e729411\" data-element_type=\"widget\" data-e-type=\"widget\" data-widget_type=\"heading.default\">\n\t\t\t\t<div class=\"elementor-widget-container\">\n\t\t\t\t\t<h1 class=\"elementor-heading-title elementor-size-default\">Root2Disease<\/h1>\t\t\t\t<\/div>\n\t\t\t\t<\/div>\n\t\t\t\t<div class=\"elementor-element elementor-element-61292e0e elementor-widget-divider--view-line elementor-widget elementor-widget-divider\" data-id=\"61292e0e\" data-element_type=\"widget\" data-e-type=\"widget\" data-widget_type=\"divider.default\">\n\t\t\t\t<div class=\"elementor-widget-container\">\n\t\t\t\t\t\t\t<div class=\"elementor-divider\">\n\t\t\t<span class=\"elementor-divider-separator\">\n\t\t\t\t\t\t<\/span>\n\t\t<\/div>\n\t\t\t\t\t\t<\/div>\n\t\t\t\t<\/div>\n\t\t\t\t\t<\/div>\n\t\t<\/div>\n\t\t\t\t\t<\/div>\n\t\t<\/section>\n\t\t\t\t<section class=\"elementor-section elementor-top-section elementor-element elementor-element-6dbab02a elementor-section-boxed elementor-section-height-default elementor-section-height-default\" data-id=\"6dbab02a\" data-element_type=\"section\" data-e-type=\"section\" data-settings=\"{&quot;_ha_eqh_enable&quot;:false}\">\n\t\t\t\t\t\t<div class=\"elementor-container elementor-column-gap-default\">\n\t\t\t\t\t<div class=\"elementor-column elementor-col-50 elementor-top-column elementor-element elementor-element-35d85a09\" data-id=\"35d85a09\" data-element_type=\"column\" data-e-type=\"column\">\n\t\t\t<div class=\"elementor-widget-wrap elementor-element-populated\">\n\t\t\t\t\t\t<div class=\"elementor-element elementor-element-d1cbd22 elementor-widget elementor-widget-image\" data-id=\"d1cbd22\" data-element_type=\"widget\" data-e-type=\"widget\" data-widget_type=\"image.default\">\n\t\t\t\t<div class=\"elementor-widget-container\">\n\t\t\t\t\t\t\t\t\t\t\t\t\t\t\t<img fetchpriority=\"high\" decoding=\"async\" width=\"700\" height=\"487\" src=\"https:\/\/zbz.lu\/wp-content\/uploads\/2020\/11\/dfgfdf.jpg\" class=\"attachment-full size-full wp-image-3729\" alt=\"\" srcset=\"https:\/\/zbz.lu\/wp-content\/uploads\/2020\/11\/dfgfdf.jpg 700w, https:\/\/zbz.lu\/wp-content\/uploads\/2020\/11\/dfgfdf-300x209.jpg 300w\" sizes=\"(max-width: 700px) 100vw, 700px\" \/>\t\t\t\t\t\t\t\t\t\t\t\t\t\t\t<\/div>\n\t\t\t\t<\/div>\n\t\t\t\t\t<\/div>\n\t\t<\/div>\n\t\t\t\t<div class=\"elementor-column elementor-col-50 elementor-top-column elementor-element elementor-element-4b681d69\" data-id=\"4b681d69\" data-element_type=\"column\" data-e-type=\"column\">\n\t\t\t<div class=\"elementor-widget-wrap elementor-element-populated\">\n\t\t\t\t\t\t<div class=\"elementor-element elementor-element-3377eb35 lesmarg elementor-widget elementor-widget-heading\" data-id=\"3377eb35\" data-element_type=\"widget\" data-e-type=\"widget\" data-widget_type=\"heading.default\">\n\t\t\t\t<div class=\"elementor-widget-container\">\n\t\t\t\t\t<h3 class=\"elementor-heading-title elementor-size-default\">Cosa c'\u00e8 dietro il principio Root2Disease?<\/h3>\t\t\t\t<\/div>\n\t\t\t\t<\/div>\n\t\t\t\t<div class=\"elementor-element elementor-element-6ca13002 elementor-widget-divider--view-line elementor-widget elementor-widget-divider\" data-id=\"6ca13002\" data-element_type=\"widget\" data-e-type=\"widget\" data-widget_type=\"divider.default\">\n\t\t\t\t<div class=\"elementor-widget-container\">\n\t\t\t\t\t\t\t<div class=\"elementor-divider\">\n\t\t\t<span class=\"elementor-divider-separator\">\n\t\t\t\t\t\t<\/span>\n\t\t<\/div>\n\t\t\t\t\t\t<\/div>\n\t\t\t\t<\/div>\n\t\t\t\t<div class=\"elementor-element elementor-element-c86ad15 elementor-widget elementor-widget-text-editor\" data-id=\"c86ad15\" data-element_type=\"widget\" data-e-type=\"widget\" data-widget_type=\"text-editor.default\">\n\t\t\t\t<div class=\"elementor-widget-container\">\n\t\t\t\t\t\t\t\t\t<p style=\"text-align: left; margin-bottom: 10px;\">Ogni dente morto (anche se trattato con la radice) \u00e8 associato a problemi di salute.\nQuesto secondo il concetto di Root2Disease, che svolge un ruolo centrale nell&#8217;odontoiatria biologica.\nPi\u00f9 precisamente, si basa sulla consapevolezza che i denti trattati con le radici spesso comportano rischi per la salute.\nAnche con la massima cura durante il trattamento canalare, \u00e8 quasi impossibile ottenere un&#8217;otturazione a prova di batteri.\nIl dente viene colonizzato da batteri patogeni che decompongono il tessuto e producono tossine tossiche.\nQueste ultime, a loro volta, sono in grado di inibire gli enzimi vitali necessari per la catena respiratoria, ad esempio.     <\/p>\n<p style=\"text-align: left; margin-bottom: 0px;\">La soluzione: i denti che causano problemi devono essere rimossi con un trattamento canalare.\nQuesta \u00e8 l&#8217;alternativa pi\u00f9 salutare per la maggior parte dei pazienti e pu\u00f2 portare a una qualit\u00e0 di vita significativamente migliore con un intervento minore. <\/p>\t\t\t\t\t\t\t\t<\/div>\n\t\t\t\t<\/div>\n\t\t\t\t\t<\/div>\n\t\t<\/div>\n\t\t\t\t\t<\/div>\n\t\t<\/section>\n\t\t\t\t<section class=\"elementor-section elementor-top-section elementor-element elementor-element-4990f5aa elementor-reverse-mobile elementor-section-boxed elementor-section-height-default elementor-section-height-default\" data-id=\"4990f5aa\" data-element_type=\"section\" data-e-type=\"section\" data-settings=\"{&quot;background_background&quot;:&quot;gradient&quot;,&quot;shape_divider_top&quot;:&quot;waves&quot;,&quot;_ha_eqh_enable&quot;:false}\">\n\t\t\t\t\t<div class=\"elementor-shape elementor-shape-top\" aria-hidden=\"true\" data-negative=\"false\">\n\t\t\t<svg xmlns=\"http:\/\/www.w3.org\/2000\/svg\" viewBox=\"0 0 1000 100\" preserveAspectRatio=\"none\">\n\t<path class=\"elementor-shape-fill\" d=\"M421.9,6.5c22.6-2.5,51.5,0.4,75.5,5.3c23.6,4.9,70.9,23.5,100.5,35.7c75.8,32.2,133.7,44.5,192.6,49.7\n\tc23.6,2.1,48.7,3.5,103.4-2.5c54.7-6,106.2-25.6,106.2-25.6V0H0v30.3c0,0,72,32.6,158.4,30.5c39.2-0.7,92.8-6.7,134-22.4\n\tc21.2-8.1,52.2-18.2,79.7-24.2C399.3,7.9,411.6,7.5,421.9,6.5z\"\/>\n<\/svg>\t\t<\/div>\n\t\t\t\t\t<div class=\"elementor-container elementor-column-gap-default\">\n\t\t\t\t\t<div class=\"elementor-column elementor-col-50 elementor-top-column elementor-element elementor-element-4438706d\" data-id=\"4438706d\" data-element_type=\"column\" data-e-type=\"column\">\n\t\t\t<div class=\"elementor-widget-wrap elementor-element-populated\">\n\t\t\t\t\t\t<div class=\"elementor-element elementor-element-7ea9a142 lesmarg elementor-widget elementor-widget-heading\" data-id=\"7ea9a142\" data-element_type=\"widget\" data-e-type=\"widget\" data-widget_type=\"heading.default\">\n\t\t\t\t<div class=\"elementor-widget-container\">\n\t\t\t\t\t<h3 class=\"elementor-heading-title elementor-size-default\"><br> Come la bio-odontoiatria rileva ed elimina i campi di interferenza<\/h3>\t\t\t\t<\/div>\n\t\t\t\t<\/div>\n\t\t\t\t<div class=\"elementor-element elementor-element-250fecd7 elementor-widget-divider--view-line elementor-widget elementor-widget-divider\" data-id=\"250fecd7\" data-element_type=\"widget\" data-e-type=\"widget\" data-widget_type=\"divider.default\">\n\t\t\t\t<div class=\"elementor-widget-container\">\n\t\t\t\t\t\t\t<div class=\"elementor-divider\">\n\t\t\t<span class=\"elementor-divider-separator\">\n\t\t\t\t\t\t<\/span>\n\t\t<\/div>\n\t\t\t\t\t\t<\/div>\n\t\t\t\t<\/div>\n\t\t\t\t<div class=\"elementor-element elementor-element-1ec5a165 elementor-widget elementor-widget-text-editor\" data-id=\"1ec5a165\" data-element_type=\"widget\" data-e-type=\"widget\" data-widget_type=\"text-editor.default\">\n\t\t\t\t<div class=\"elementor-widget-container\">\n\t\t\t\t\t\t\t\t\t<p style=\"text-align: left; margin-bottom: 10px;\">I denti trattati alla radice sono quindi considerati campi di interferenza secondo il principio Root2Disease.\nMa come fa il dentista a scoprire se un dente \u00e8 la radice di una malattia? <\/p>\n<p style=\"text-align: left; margin-bottom: 10px;\">La diagnostica a raggi X \u00e8 un metodo adatto per rilevare questi campi di interferenza.\nIn questo modo, il biodentista pu\u00f2 riconoscere se si \u00e8 formata un&#8217;infiammazione intorno alla radice trattata.\nInoltre, un piccolo campione di tessuto pu\u00f2 essere esaminato in laboratorio per individuare i prodotti finali del metabolismo dei batteri che colonizzano il dente.\nInfine, la cosiddetta iniezione di prova con procaina \u00e8 una misura diagnostica per rilevare i campi di interferenza sul parodonto.\nA tal fine, il dentista inietta una piccola quantit\u00e0 di procaina nel dente sospetto, dove viene scomposta enzimaticamente.\nSe il dente in questione \u00e8 un campo di interferenza nel senso del concetto di Root2Disease, il paziente di solito nota dei cambiamenti nei disturbi fisici associati a questo campo di interferenza.\nPer alleviare i problemi di salute, di solito \u00e8 possibile solo rimuovere il dente morto.\nTuttavia, questa misura vale la pena per il paziente: di solito \u00e8 ricompensata dalla liberazione dai sintomi e da un nuovo atteggiamento nei confronti della vita.       <\/p>\t\t\t\t\t\t\t\t<\/div>\n\t\t\t\t<\/div>\n\t\t\t\t\t<\/div>\n\t\t<\/div>\n\t\t\t\t<div class=\"elementor-column elementor-col-50 elementor-top-column elementor-element elementor-element-2c2a232e\" data-id=\"2c2a232e\" data-element_type=\"column\" data-e-type=\"column\">\n\t\t\t<div class=\"elementor-widget-wrap elementor-element-populated\">\n\t\t\t\t\t\t<div class=\"elementor-element elementor-element-d5fc035 elementor-widget elementor-widget-image\" data-id=\"d5fc035\" data-element_type=\"widget\" data-e-type=\"widget\" data-widget_type=\"image.default\">\n\t\t\t\t<div class=\"elementor-widget-container\">\n\t\t\t\t\t\t\t\t\t\t\t\t\t\t\t<img decoding=\"async\" width=\"700\" height=\"712\" src=\"https:\/\/zbz.lu\/wp-content\/uploads\/2020\/11\/happy-young-caucasian-female-wearing-blue-long-sleeved-shirt-making-thumb-up-sign.jpg\" class=\"attachment-full size-full wp-image-3745\" alt=\"\" srcset=\"https:\/\/zbz.lu\/wp-content\/uploads\/2020\/11\/happy-young-caucasian-female-wearing-blue-long-sleeved-shirt-making-thumb-up-sign.jpg 700w, https:\/\/zbz.lu\/wp-content\/uploads\/2020\/11\/happy-young-caucasian-female-wearing-blue-long-sleeved-shirt-making-thumb-up-sign-295x300.jpg 295w\" sizes=\"(max-width: 700px) 100vw, 700px\" \/>\t\t\t\t\t\t\t\t\t\t\t\t\t\t\t<\/div>\n\t\t\t\t<\/div>\n\t\t\t\t\t<\/div>\n\t\t<\/div>\n\t\t\t\t\t<\/div>\n\t\t<\/section>\n\t\t\t\t<\/div>\n\t\t","protected":false},"excerpt":{"rendered":"<p>Root2Disease Cosa c&#8217;\u00e8 dietro il principio Root2Disease? Ogni dente morto (anche se trattato con la radice) \u00e8 associato a problemi di salute. Questo secondo il concetto di Root2Disease, che svolge un ruolo centrale nell&#8217;odontoiatria biologica. Pi\u00f9 precisamente, si basa sulla consapevolezza che i denti trattati con le radici spesso comportano rischi per la salute. Anche [&hellip;]<\/p>\n","protected":false},"author":1,"featured_media":0,"parent":0,"menu_order":0,"comment_status":"closed","ping_status":"closed","template":"elementor_header_footer","meta":{"ocean_post_layout":"","ocean_both_sidebars_style":"","ocean_both_sidebars_content_width":0,"ocean_both_sidebars_sidebars_width":0,"ocean_sidebar":"","ocean_second_sidebar":"","ocean_disable_margins":"enable","ocean_add_body_class":"","ocean_shortcode_before_top_bar":"","ocean_shortcode_after_top_bar":"","ocean_shortcode_before_header":"","ocean_shortcode_after_header":"","ocean_has_shortcode":"","ocean_shortcode_after_title":"","ocean_shortcode_before_footer_widgets":"","ocean_shortcode_after_footer_widgets":"","ocean_shortcode_before_footer_bottom":"","ocean_shortcode_after_footer_bottom":"","ocean_display_top_bar":"default","ocean_display_header":"default","ocean_header_style":"","ocean_center_header_left_menu":"","ocean_custom_header_template":"","ocean_custom_logo":0,"ocean_custom_retina_logo":0,"ocean_custom_logo_max_width":0,"ocean_custom_logo_tablet_max_width":0,"ocean_custom_logo_mobile_max_width":0,"ocean_custom_logo_max_height":0,"ocean_custom_logo_tablet_max_height":0,"ocean_custom_logo_mobile_max_height":0,"ocean_header_custom_menu":"","ocean_menu_typo_font_family":"","ocean_menu_typo_font_subset":"","ocean_menu_typo_font_size":0,"ocean_menu_typo_font_size_tablet":0,"ocean_menu_typo_font_size_mobile":0,"ocean_menu_typo_font_size_unit":"px","ocean_menu_typo_font_weight":"","ocean_menu_typo_font_weight_tablet":"","ocean_menu_typo_font_weight_mobile":"","ocean_menu_typo_transform":"","ocean_menu_typo_transform_tablet":"","ocean_menu_typo_transform_mobile":"","ocean_menu_typo_line_height":0,"ocean_menu_typo_line_height_tablet":0,"ocean_menu_typo_line_height_mobile":0,"ocean_menu_typo_line_height_unit":"","ocean_menu_typo_spacing":0,"ocean_menu_typo_spacing_tablet":0,"ocean_menu_typo_spacing_mobile":0,"ocean_menu_typo_spacing_unit":"","ocean_menu_link_color":"","ocean_menu_link_color_hover":"","ocean_menu_link_color_active":"","ocean_menu_link_background":"","ocean_menu_link_hover_background":"","ocean_menu_link_active_background":"","ocean_menu_social_links_bg":"","ocean_menu_social_hover_links_bg":"","ocean_menu_social_links_color":"","ocean_menu_social_hover_links_color":"","ocean_disable_title":"default","ocean_disable_heading":"default","ocean_post_title":"","ocean_post_subheading":"","ocean_post_title_style":"","ocean_post_title_background_color":"","ocean_post_title_background":0,"ocean_post_title_bg_image_position":"","ocean_post_title_bg_image_attachment":"","ocean_post_title_bg_image_repeat":"","ocean_post_title_bg_image_size":"","ocean_post_title_height":0,"ocean_post_title_bg_overlay":0.5,"ocean_post_title_bg_overlay_color":"","ocean_disable_breadcrumbs":"default","ocean_breadcrumbs_color":"","ocean_breadcrumbs_separator_color":"","ocean_breadcrumbs_links_color":"","ocean_breadcrumbs_links_hover_color":"","ocean_display_footer_widgets":"default","ocean_display_footer_bottom":"default","ocean_custom_footer_template":"","footnotes":""},"class_list":["post-3744","page","type-page","status-publish","hentry","entry"],"yoast_head":"<!-- This site is optimized with the Yoast SEO plugin v27.5 - https:\/\/yoast.com\/product\/yoast-seo-wordpress\/ -->\n<title>Root2Disease: gioca un ruolo centrale nella biodentistica - Lux Biohealth<\/title>\n<meta name=\"description\" content=\"Root2Disease parte dal presupposto che i denti trattati con il canale radicolare spesso presentano rischi per la salute. Il tuo dente \u00e8 la radice di una malattia?\" \/>\n<meta name=\"robots\" content=\"index, follow, max-snippet:-1, max-image-preview:large, max-video-preview:-1\" \/>\n<link rel=\"canonical\" href=\"https:\/\/zbz.lu\/it-ch\/root2disease\/\" \/>\n<meta property=\"og:locale\" content=\"it_IT\" \/>\n<meta property=\"og:type\" content=\"article\" \/>\n<meta property=\"og:title\" content=\"Root2Disease: gioca un ruolo centrale nella biodentistica - Lux Biohealth\" \/>\n<meta property=\"og:description\" content=\"Root2Disease parte dal presupposto che i denti trattati con il canale radicolare spesso presentano rischi per la salute. Il tuo dente \u00e8 la radice di una malattia?\" \/>\n<meta property=\"og:url\" content=\"https:\/\/zbz.lu\/it-ch\/root2disease\/\" \/>\n<meta property=\"og:site_name\" content=\"Lux Biohealth\" \/>\n<meta property=\"article:modified_time\" content=\"2024-08-29T12:49:57+00:00\" \/>\n<meta property=\"og:image\" content=\"https:\/\/zbz.lu\/wp-content\/uploads\/2020\/11\/dfgfdf.jpg\" \/>\n<meta name=\"twitter:card\" content=\"summary_large_image\" \/>\n<meta name=\"twitter:label1\" content=\"Est. reading time\" \/>\n\t<meta name=\"twitter:data1\" content=\"2 minutes\" \/>\n<script type=\"application\/ld+json\" class=\"yoast-schema-graph\">{\"@context\":\"https:\\\/\\\/schema.org\",\"@graph\":[{\"@type\":\"WebPage\",\"@id\":\"https:\\\/\\\/zbz.lu\\\/it-ch\\\/root2disease\\\/\",\"url\":\"https:\\\/\\\/zbz.lu\\\/it-ch\\\/root2disease\\\/\",\"name\":\"Root2Disease: gioca un ruolo centrale nella biodentistica - Lux Biohealth\",\"isPartOf\":{\"@id\":\"https:\\\/\\\/zbz.lu\\\/it-ch\\\/#website\"},\"primaryImageOfPage\":{\"@id\":\"https:\\\/\\\/zbz.lu\\\/it-ch\\\/root2disease\\\/#primaryimage\"},\"image\":{\"@id\":\"https:\\\/\\\/zbz.lu\\\/it-ch\\\/root2disease\\\/#primaryimage\"},\"thumbnailUrl\":\"https:\\\/\\\/zbz.lu\\\/wp-content\\\/uploads\\\/2020\\\/11\\\/dfgfdf.jpg\",\"datePublished\":\"2024-08-28T11:17:15+00:00\",\"dateModified\":\"2024-08-29T12:49:57+00:00\",\"description\":\"Root2Disease parte dal presupposto che i denti trattati con il canale radicolare spesso presentano rischi per la salute. Il tuo dente \u00e8 la radice di una malattia?\",\"breadcrumb\":{\"@id\":\"https:\\\/\\\/zbz.lu\\\/it-ch\\\/root2disease\\\/#breadcrumb\"},\"inLanguage\":\"it-CH\",\"potentialAction\":[{\"@type\":\"ReadAction\",\"target\":[\"https:\\\/\\\/zbz.lu\\\/it-ch\\\/root2disease\\\/\"]}]},{\"@type\":\"ImageObject\",\"inLanguage\":\"it-CH\",\"@id\":\"https:\\\/\\\/zbz.lu\\\/it-ch\\\/root2disease\\\/#primaryimage\",\"url\":\"https:\\\/\\\/zbz.lu\\\/wp-content\\\/uploads\\\/2020\\\/11\\\/dfgfdf.jpg\",\"contentUrl\":\"https:\\\/\\\/zbz.lu\\\/wp-content\\\/uploads\\\/2020\\\/11\\\/dfgfdf.jpg\"},{\"@type\":\"BreadcrumbList\",\"@id\":\"https:\\\/\\\/zbz.lu\\\/it-ch\\\/root2disease\\\/#breadcrumb\",\"itemListElement\":[{\"@type\":\"ListItem\",\"position\":1,\"name\":\"Startseite\",\"item\":\"https:\\\/\\\/zbz.lu\\\/it-ch\\\/homepage\\\/\"},{\"@type\":\"ListItem\",\"position\":2,\"name\":\"Root2Disease\"}]},{\"@type\":\"WebSite\",\"@id\":\"https:\\\/\\\/zbz.lu\\\/it-ch\\\/#website\",\"url\":\"https:\\\/\\\/zbz.lu\\\/it-ch\\\/\",\"name\":\"Lux Biohealth\",\"description\":\"Zentrum f\u00fcr biologische Zahnmedizin\",\"publisher\":{\"@id\":\"https:\\\/\\\/zbz.lu\\\/it-ch\\\/#organization\"},\"potentialAction\":[{\"@type\":\"SearchAction\",\"target\":{\"@type\":\"EntryPoint\",\"urlTemplate\":\"https:\\\/\\\/zbz.lu\\\/it-ch\\\/?s={search_term_string}\"},\"query-input\":{\"@type\":\"PropertyValueSpecification\",\"valueRequired\":true,\"valueName\":\"search_term_string\"}}],\"inLanguage\":\"it-CH\"},{\"@type\":\"Organization\",\"@id\":\"https:\\\/\\\/zbz.lu\\\/it-ch\\\/#organization\",\"name\":\"Lux Biohealth\",\"url\":\"https:\\\/\\\/zbz.lu\\\/it-ch\\\/\",\"logo\":{\"@type\":\"ImageObject\",\"inLanguage\":\"it-CH\",\"@id\":\"https:\\\/\\\/zbz.lu\\\/it-ch\\\/#\\\/schema\\\/logo\\\/image\\\/\",\"url\":\"https:\\\/\\\/zbz.lu\\\/wp-content\\\/uploads\\\/2025\\\/11\\\/LuxBioHealth4.png\",\"contentUrl\":\"https:\\\/\\\/zbz.lu\\\/wp-content\\\/uploads\\\/2025\\\/11\\\/LuxBioHealth4.png\",\"width\":1432,\"height\":374,\"caption\":\"Lux Biohealth\"},\"image\":{\"@id\":\"https:\\\/\\\/zbz.lu\\\/it-ch\\\/#\\\/schema\\\/logo\\\/image\\\/\"}}]}<\/script>\n<!-- \/ Yoast SEO plugin. -->","yoast_head_json":{"title":"Root2Disease: gioca un ruolo centrale nella biodentistica - Lux Biohealth","description":"Root2Disease parte dal presupposto che i denti trattati con il canale radicolare spesso presentano rischi per la salute. Il tuo dente \u00e8 la radice di una malattia?","robots":{"index":"index","follow":"follow","max-snippet":"max-snippet:-1","max-image-preview":"max-image-preview:large","max-video-preview":"max-video-preview:-1"},"canonical":"https:\/\/zbz.lu\/it-ch\/root2disease\/","og_locale":"it_IT","og_type":"article","og_title":"Root2Disease: gioca un ruolo centrale nella biodentistica - Lux Biohealth","og_description":"Root2Disease parte dal presupposto che i denti trattati con il canale radicolare spesso presentano rischi per la salute. Il tuo dente \u00e8 la radice di una malattia?","og_url":"https:\/\/zbz.lu\/it-ch\/root2disease\/","og_site_name":"Lux Biohealth","article_modified_time":"2024-08-29T12:49:57+00:00","og_image":[{"url":"https:\/\/zbz.lu\/wp-content\/uploads\/2020\/11\/dfgfdf.jpg","type":"","width":"","height":""}],"twitter_card":"summary_large_image","twitter_misc":{"Est. reading time":"2 minutes"},"schema":{"@context":"https:\/\/schema.org","@graph":[{"@type":"WebPage","@id":"https:\/\/zbz.lu\/it-ch\/root2disease\/","url":"https:\/\/zbz.lu\/it-ch\/root2disease\/","name":"Root2Disease: gioca un ruolo centrale nella biodentistica - Lux Biohealth","isPartOf":{"@id":"https:\/\/zbz.lu\/it-ch\/#website"},"primaryImageOfPage":{"@id":"https:\/\/zbz.lu\/it-ch\/root2disease\/#primaryimage"},"image":{"@id":"https:\/\/zbz.lu\/it-ch\/root2disease\/#primaryimage"},"thumbnailUrl":"https:\/\/zbz.lu\/wp-content\/uploads\/2020\/11\/dfgfdf.jpg","datePublished":"2024-08-28T11:17:15+00:00","dateModified":"2024-08-29T12:49:57+00:00","description":"Root2Disease parte dal presupposto che i denti trattati con il canale radicolare spesso presentano rischi per la salute. Il tuo dente \u00e8 la radice di una malattia?","breadcrumb":{"@id":"https:\/\/zbz.lu\/it-ch\/root2disease\/#breadcrumb"},"inLanguage":"it-CH","potentialAction":[{"@type":"ReadAction","target":["https:\/\/zbz.lu\/it-ch\/root2disease\/"]}]},{"@type":"ImageObject","inLanguage":"it-CH","@id":"https:\/\/zbz.lu\/it-ch\/root2disease\/#primaryimage","url":"https:\/\/zbz.lu\/wp-content\/uploads\/2020\/11\/dfgfdf.jpg","contentUrl":"https:\/\/zbz.lu\/wp-content\/uploads\/2020\/11\/dfgfdf.jpg"},{"@type":"BreadcrumbList","@id":"https:\/\/zbz.lu\/it-ch\/root2disease\/#breadcrumb","itemListElement":[{"@type":"ListItem","position":1,"name":"Startseite","item":"https:\/\/zbz.lu\/it-ch\/homepage\/"},{"@type":"ListItem","position":2,"name":"Root2Disease"}]},{"@type":"WebSite","@id":"https:\/\/zbz.lu\/it-ch\/#website","url":"https:\/\/zbz.lu\/it-ch\/","name":"Lux Biohealth","description":"Zentrum f\u00fcr biologische Zahnmedizin","publisher":{"@id":"https:\/\/zbz.lu\/it-ch\/#organization"},"potentialAction":[{"@type":"SearchAction","target":{"@type":"EntryPoint","urlTemplate":"https:\/\/zbz.lu\/it-ch\/?s={search_term_string}"},"query-input":{"@type":"PropertyValueSpecification","valueRequired":true,"valueName":"search_term_string"}}],"inLanguage":"it-CH"},{"@type":"Organization","@id":"https:\/\/zbz.lu\/it-ch\/#organization","name":"Lux Biohealth","url":"https:\/\/zbz.lu\/it-ch\/","logo":{"@type":"ImageObject","inLanguage":"it-CH","@id":"https:\/\/zbz.lu\/it-ch\/#\/schema\/logo\/image\/","url":"https:\/\/zbz.lu\/wp-content\/uploads\/2025\/11\/LuxBioHealth4.png","contentUrl":"https:\/\/zbz.lu\/wp-content\/uploads\/2025\/11\/LuxBioHealth4.png","width":1432,"height":374,"caption":"Lux Biohealth"},"image":{"@id":"https:\/\/zbz.lu\/it-ch\/#\/schema\/logo\/image\/"}}]}},"_links":{"self":[{"href":"https:\/\/zbz.lu\/it-ch\/wp-json\/wp\/v2\/pages\/3744","targetHints":{"allow":["GET"]}}],"collection":[{"href":"https:\/\/zbz.lu\/it-ch\/wp-json\/wp\/v2\/pages"}],"about":[{"href":"https:\/\/zbz.lu\/it-ch\/wp-json\/wp\/v2\/types\/page"}],"author":[{"embeddable":true,"href":"https:\/\/zbz.lu\/it-ch\/wp-json\/wp\/v2\/users\/1"}],"replies":[{"embeddable":true,"href":"https:\/\/zbz.lu\/it-ch\/wp-json\/wp\/v2\/comments?post=3744"}],"version-history":[{"count":3,"href":"https:\/\/zbz.lu\/it-ch\/wp-json\/wp\/v2\/pages\/3744\/revisions"}],"predecessor-version":[{"id":4002,"href":"https:\/\/zbz.lu\/it-ch\/wp-json\/wp\/v2\/pages\/3744\/revisions\/4002"}],"wp:attachment":[{"href":"https:\/\/zbz.lu\/it-ch\/wp-json\/wp\/v2\/media?parent=3744"}],"curies":[{"name":"wp","href":"https:\/\/api.w.org\/{rel}","templated":true}]}}