{"id":757,"date":"2020-12-16T22:36:58","date_gmt":"2020-12-16T22:36:58","guid":{"rendered":"https:\/\/zbz.lu\/?page_id=757"},"modified":"2022-01-08T07:08:36","modified_gmt":"2022-01-08T07:08:36","slug":"identifiants","status":"publish","type":"page","link":"https:\/\/zbz.lu\/fr\/identifiants\/","title":{"rendered":"Identifiants"},"content":{"rendered":"\t\t<div data-elementor-type=\"wp-page\" data-elementor-id=\"757\" class=\"elementor elementor-757 elementor-346\" data-elementor-settings=\"{&quot;ha_cmc_init_switcher&quot;:&quot;no&quot;}\">\n\t\t\t\t\t\t<section class=\"elementor-section elementor-top-section elementor-element elementor-element-389f7fb2 elementor-section-boxed elementor-section-height-default elementor-section-height-default\" data-id=\"389f7fb2\" data-element_type=\"section\" data-e-type=\"section\" data-settings=\"{&quot;background_background&quot;:&quot;classic&quot;,&quot;shape_divider_bottom&quot;:&quot;waves&quot;,&quot;_ha_eqh_enable&quot;:false}\">\n\t\t\t\t\t\t\t<div class=\"elementor-background-overlay\"><\/div>\n\t\t\t\t\t\t<div class=\"elementor-shape elementor-shape-bottom\" aria-hidden=\"true\" data-negative=\"false\">\n\t\t\t<svg xmlns=\"http:\/\/www.w3.org\/2000\/svg\" viewBox=\"0 0 1000 100\" preserveAspectRatio=\"none\">\n\t<path class=\"elementor-shape-fill\" d=\"M421.9,6.5c22.6-2.5,51.5,0.4,75.5,5.3c23.6,4.9,70.9,23.5,100.5,35.7c75.8,32.2,133.7,44.5,192.6,49.7\n\tc23.6,2.1,48.7,3.5,103.4-2.5c54.7-6,106.2-25.6,106.2-25.6V0H0v30.3c0,0,72,32.6,158.4,30.5c39.2-0.7,92.8-6.7,134-22.4\n\tc21.2-8.1,52.2-18.2,79.7-24.2C399.3,7.9,411.6,7.5,421.9,6.5z\"\/>\n<\/svg>\t\t<\/div>\n\t\t\t\t\t<div class=\"elementor-container elementor-column-gap-default\">\n\t\t\t\t\t<div class=\"elementor-column elementor-col-100 elementor-top-column elementor-element elementor-element-2400f6d4\" data-id=\"2400f6d4\" data-element_type=\"column\" data-e-type=\"column\">\n\t\t\t<div class=\"elementor-widget-wrap elementor-element-populated\">\n\t\t\t\t\t\t<div class=\"elementor-element elementor-element-733d7db9 lesmarg elementor-widget elementor-widget-heading\" data-id=\"733d7db9\" data-element_type=\"widget\" data-e-type=\"widget\" data-widget_type=\"heading.default\">\n\t\t\t\t<div class=\"elementor-widget-container\">\n\t\t\t\t\t<h1 class=\"elementor-heading-title elementor-size-default\">Identifiants<\/h1>\t\t\t\t<\/div>\n\t\t\t\t<\/div>\n\t\t\t\t<div class=\"elementor-element elementor-element-52625276 elementor-widget-divider--view-line elementor-widget elementor-widget-divider\" data-id=\"52625276\" data-element_type=\"widget\" data-e-type=\"widget\" data-widget_type=\"divider.default\">\n\t\t\t\t<div class=\"elementor-widget-container\">\n\t\t\t\t\t\t\t<div class=\"elementor-divider\">\n\t\t\t<span class=\"elementor-divider-separator\">\n\t\t\t\t\t\t<\/span>\n\t\t<\/div>\n\t\t\t\t\t\t<\/div>\n\t\t\t\t<\/div>\n\t\t\t\t\t<\/div>\n\t\t<\/div>\n\t\t\t\t\t<\/div>\n\t\t<\/section>\n\t\t\t\t<section class=\"elementor-section elementor-top-section elementor-element elementor-element-36400637 elementor-section-boxed elementor-section-height-default elementor-section-height-default\" data-id=\"36400637\" data-element_type=\"section\" data-e-type=\"section\" data-settings=\"{&quot;background_background&quot;:&quot;classic&quot;,&quot;shape_divider_top&quot;:&quot;waves&quot;,&quot;_ha_eqh_enable&quot;:false}\">\n\t\t\t\t\t<div class=\"elementor-shape elementor-shape-top\" aria-hidden=\"true\" data-negative=\"false\">\n\t\t\t<svg xmlns=\"http:\/\/www.w3.org\/2000\/svg\" viewBox=\"0 0 1000 100\" preserveAspectRatio=\"none\">\n\t<path class=\"elementor-shape-fill\" d=\"M421.9,6.5c22.6-2.5,51.5,0.4,75.5,5.3c23.6,4.9,70.9,23.5,100.5,35.7c75.8,32.2,133.7,44.5,192.6,49.7\n\tc23.6,2.1,48.7,3.5,103.4-2.5c54.7-6,106.2-25.6,106.2-25.6V0H0v30.3c0,0,72,32.6,158.4,30.5c39.2-0.7,92.8-6.7,134-22.4\n\tc21.2-8.1,52.2-18.2,79.7-24.2C399.3,7.9,411.6,7.5,421.9,6.5z\"\/>\n<\/svg>\t\t<\/div>\n\t\t\t\t\t<div class=\"elementor-container elementor-column-gap-default\">\n\t\t\t\t\t<div class=\"elementor-column elementor-col-50 elementor-top-column elementor-element elementor-element-426b3ed5\" data-id=\"426b3ed5\" data-element_type=\"column\" data-e-type=\"column\">\n\t\t\t<div class=\"elementor-widget-wrap elementor-element-populated\">\n\t\t\t\t\t\t<div class=\"elementor-element elementor-element-76369e02 nomarg elementor-widget elementor-widget-heading\" data-id=\"76369e02\" data-element_type=\"widget\" data-e-type=\"widget\" data-widget_type=\"heading.default\">\n\t\t\t\t<div class=\"elementor-widget-container\">\n\t\t\t\t\t<h3 class=\"elementor-heading-title elementor-size-default\">Nicolas Moneuse<\/h3>\t\t\t\t<\/div>\n\t\t\t\t<\/div>\n\t\t\t\t\t<\/div>\n\t\t<\/div>\n\t\t\t\t<div class=\"elementor-column elementor-col-50 elementor-top-column elementor-element elementor-element-4dae273f\" data-id=\"4dae273f\" data-element_type=\"column\" data-e-type=\"column\">\n\t\t\t<div class=\"elementor-widget-wrap elementor-element-populated\">\n\t\t\t\t\t\t<div class=\"elementor-element elementor-element-4af53481 elementor-widget elementor-widget-text-editor\" data-id=\"4af53481\" data-element_type=\"widget\" data-e-type=\"widget\" data-widget_type=\"text-editor.default\">\n\t\t\t\t<div class=\"elementor-widget-container\">\n\t\t\t\t\t\t\t\t\t<p style=\"text-align: left; margin-bottom: 10px;\">J\u2019ai d\u00e9velopp\u00e9 ces derni\u00e8res ann\u00e9es une intol\u00e9rance au produit issue de la p\u00e9trochimie que nous trouvons dans le vie de tous les jours, absolument partout, y compris chez moi, \u00e0 mon bureau, dans mon v\u00e9hicule\u2026<\/p><p style=\"text-align: left; margin-bottom: 10px;\">Cette intol\u00e9rance s\u2019est ensuite transform\u00e9e en allergie violente, provoquant des naus\u00e9es, maux de t\u00eate, br\u00fblures pulmonaires qui m\u2019ont emp\u00each\u00e9 de vivre normalement. La m\u00e9decine traditionnelle m\u2019a clairement fait comprendre qu\u2019elle ne pouvait rien pour moi, y compris mon m\u00e9decin traitant.<\/p><p style=\"text-align: left; margin-bottom: 10px;\">Lors de ma recherche, le docteur chirurgien-dentiste Hendrick Schwagten m\u2019a \u00e9t\u00e9 vivement recommand\u00e9 par le docteur Jo\u00e9 Diederich.<\/p><p style=\"text-align: left; margin-bottom: 10px;\">Apr\u00e8s son intervention et traitement, j\u2019ai repris en quelques semaines une activit\u00e9 tout \u00e0 fait normal, mes \u2018allergies\u2019 ont disparues et je suis dans un \u00e9tat de forme que j\u2019avais depuis longtemps perdu.<\/p><p style=\"text-align: left; margin-bottom: 10px;\">Les soins du docteur Schwagten, en plus d\u2019\u00eatre d\u2019une rare efficacit\u00e9, sont personnalis\u00e9s. Il y a une v\u00e9ritable r\u00e9flexion\/\u00e9coute au cas par cas, loin des traitements de masse auxquels nous sommes habitu\u00e9s.<\/p><p style=\"text-align: left; margin-bottom: 10px;\">Je ne laisse en g\u00e9n\u00e9ral pas de commentaire sur sites et esp\u00e8re que celui-ci ne semble pas trop commercial mais les r\u00e9sultats \u00e9tant si exceptionnels que j\u2019autorise le site \u00e0 communiquer mes coordonn\u00e9es, pour \u00eatre directement contact\u00e9 et t\u00e9moigner.<\/p><p style=\"text-align: left; margin-bottom: 10px;\">Nicolas Moneuse (nmoneuse@yahoo.com)<\/p>\t\t\t\t\t\t\t\t<\/div>\n\t\t\t\t<\/div>\n\t\t\t\t\t<\/div>\n\t\t<\/div>\n\t\t\t\t\t<\/div>\n\t\t<\/section>\n\t\t\t\t<section class=\"elementor-section elementor-top-section elementor-element elementor-element-faa30c0 elementor-section-boxed elementor-section-height-default elementor-section-height-default\" data-id=\"faa30c0\" data-element_type=\"section\" data-e-type=\"section\" data-settings=\"{&quot;background_background&quot;:&quot;classic&quot;,&quot;shape_divider_top&quot;:&quot;waves&quot;,&quot;_ha_eqh_enable&quot;:false}\">\n\t\t\t\t\t<div class=\"elementor-shape elementor-shape-top\" aria-hidden=\"true\" data-negative=\"false\">\n\t\t\t<svg xmlns=\"http:\/\/www.w3.org\/2000\/svg\" viewBox=\"0 0 1000 100\" preserveAspectRatio=\"none\">\n\t<path class=\"elementor-shape-fill\" d=\"M421.9,6.5c22.6-2.5,51.5,0.4,75.5,5.3c23.6,4.9,70.9,23.5,100.5,35.7c75.8,32.2,133.7,44.5,192.6,49.7\n\tc23.6,2.1,48.7,3.5,103.4-2.5c54.7-6,106.2-25.6,106.2-25.6V0H0v30.3c0,0,72,32.6,158.4,30.5c39.2-0.7,92.8-6.7,134-22.4\n\tc21.2-8.1,52.2-18.2,79.7-24.2C399.3,7.9,411.6,7.5,421.9,6.5z\"\/>\n<\/svg>\t\t<\/div>\n\t\t\t\t\t<div class=\"elementor-container elementor-column-gap-default\">\n\t\t\t\t\t<div class=\"elementor-column elementor-col-50 elementor-top-column elementor-element elementor-element-cb014d5\" data-id=\"cb014d5\" data-element_type=\"column\" data-e-type=\"column\">\n\t\t\t<div class=\"elementor-widget-wrap elementor-element-populated\">\n\t\t\t\t\t\t<div class=\"elementor-element elementor-element-b3bc470 nomarg elementor-widget elementor-widget-heading\" data-id=\"b3bc470\" data-element_type=\"widget\" data-e-type=\"widget\" data-widget_type=\"heading.default\">\n\t\t\t\t<div class=\"elementor-widget-container\">\n\t\t\t\t\t<h3 class=\"elementor-heading-title elementor-size-default\">Marianne Reckinger<\/h3>\t\t\t\t<\/div>\n\t\t\t\t<\/div>\n\t\t\t\t\t<\/div>\n\t\t<\/div>\n\t\t\t\t<div class=\"elementor-column elementor-col-50 elementor-top-column elementor-element elementor-element-135f8fb\" data-id=\"135f8fb\" data-element_type=\"column\" data-e-type=\"column\">\n\t\t\t<div class=\"elementor-widget-wrap elementor-element-populated\">\n\t\t\t\t\t\t<div class=\"elementor-element elementor-element-46a5025 elementor-widget elementor-widget-text-editor\" data-id=\"46a5025\" data-element_type=\"widget\" data-e-type=\"widget\" data-widget_type=\"text-editor.default\">\n\t\t\t\t<div class=\"elementor-widget-container\">\n\t\t\t\t\t\t\t\t\t<p style=\"margin-bottom: 10px;\">Suite \u00e0 une analyse sanguine qui laissait \u00e0 d\u00e9sirer, le docteur Diederich&nbsp;<span style=\"font-size: 17px;\">m\u2019a recommand\u00e9 un assainissement buccal.<\/span><\/p><p style=\"margin-bottom: 10px;\">C\u2019est ainsi qu\u2019on s\u2019est tourn\u00e9 vers le cabinet dentaire des docteurs Schwagten&nbsp;<span style=\"font-size: 17px;\">et Hessmann \u00e0 Luxembourg-Ville, qui en plus est tr\u00e8s facile d\u2019acc\u00e8s en voiture et en&nbsp;<\/span><span style=\"font-size: 17px;\">transports publics.<\/span><\/p><p style=\"margin-bottom: 10px;\">Les explications pr\u00e9cises, fournies par le docteur Schwagten m\u2019ont persuad\u00e9es de faire&nbsp;<span style=\"font-size: 17px;\">le pas. Je ne peux que louer la gentillesse, la qualit\u00e9 de travail et la parfaite coordination&nbsp;<\/span><span style=\"font-size: 17px;\">des \u00e9quipes m\u00e9dicales, toujours pr\u00eates \u00e0 vous r\u00e9conforter et \u00e0 vous mettre \u00e0 l\u2019aise.<\/span><\/p><p style=\"margin-bottom: 10px;\">Apr\u00e8s l\u2019assainissement des dents on m\u2018a conseill\u00e9 une cure de d\u00e9tox qui m\u2019a fait&nbsp;<span style=\"font-size: 17px;\">beaucoup de bien.<\/span><\/p>\t\t\t\t\t\t\t\t<\/div>\n\t\t\t\t<\/div>\n\t\t\t\t\t<\/div>\n\t\t<\/div>\n\t\t\t\t\t<\/div>\n\t\t<\/section>\n\t\t\t\t<\/div>\n\t\t","protected":false},"excerpt":{"rendered":"<p>Identifiants Nicolas Moneuse J\u2019ai d\u00e9velopp\u00e9 ces derni\u00e8res ann\u00e9es une intol\u00e9rance au produit issue de la p\u00e9trochimie que nous trouvons dans le vie de tous les jours, absolument partout, y compris chez moi, \u00e0 mon bureau, dans mon v\u00e9hicule\u2026 Cette intol\u00e9rance s\u2019est ensuite transform\u00e9e en allergie violente, provoquant des naus\u00e9es, maux de t\u00eate, br\u00fblures pulmonaires qui [&hellip;]<\/p>\n","protected":false},"author":1,"featured_media":0,"parent":0,"menu_order":0,"comment_status":"closed","ping_status":"closed","template":"elementor_header_footer","meta":{"ocean_post_layout":"","ocean_both_sidebars_style":"","ocean_both_sidebars_content_width":0,"ocean_both_sidebars_sidebars_width":0,"ocean_sidebar":"","ocean_second_sidebar":"","ocean_disable_margins":"enable","ocean_add_body_class":"","ocean_shortcode_before_top_bar":"","ocean_shortcode_after_top_bar":"","ocean_shortcode_before_header":"","ocean_shortcode_after_header":"","ocean_has_shortcode":"","ocean_shortcode_after_title":"","ocean_shortcode_before_footer_widgets":"","ocean_shortcode_after_footer_widgets":"","ocean_shortcode_before_footer_bottom":"","ocean_shortcode_after_footer_bottom":"","ocean_display_top_bar":"default","ocean_display_header":"default","ocean_header_style":"","ocean_center_header_left_menu":"","ocean_custom_header_template":"","ocean_custom_logo":0,"ocean_custom_retina_logo":0,"ocean_custom_logo_max_width":0,"ocean_custom_logo_tablet_max_width":0,"ocean_custom_logo_mobile_max_width":0,"ocean_custom_logo_max_height":0,"ocean_custom_logo_tablet_max_height":0,"ocean_custom_logo_mobile_max_height":0,"ocean_header_custom_menu":"","ocean_menu_typo_font_family":"","ocean_menu_typo_font_subset":"","ocean_menu_typo_font_size":0,"ocean_menu_typo_font_size_tablet":0,"ocean_menu_typo_font_size_mobile":0,"ocean_menu_typo_font_size_unit":"px","ocean_menu_typo_font_weight":"","ocean_menu_typo_font_weight_tablet":"","ocean_menu_typo_font_weight_mobile":"","ocean_menu_typo_transform":"","ocean_menu_typo_transform_tablet":"","ocean_menu_typo_transform_mobile":"","ocean_menu_typo_line_height":0,"ocean_menu_typo_line_height_tablet":0,"ocean_menu_typo_line_height_mobile":0,"ocean_menu_typo_line_height_unit":"","ocean_menu_typo_spacing":0,"ocean_menu_typo_spacing_tablet":0,"ocean_menu_typo_spacing_mobile":0,"ocean_menu_typo_spacing_unit":"","ocean_menu_link_color":"","ocean_menu_link_color_hover":"","ocean_menu_link_color_active":"","ocean_menu_link_background":"","ocean_menu_link_hover_background":"","ocean_menu_link_active_background":"","ocean_menu_social_links_bg":"","ocean_menu_social_hover_links_bg":"","ocean_menu_social_links_color":"","ocean_menu_social_hover_links_color":"","ocean_disable_title":"default","ocean_disable_heading":"default","ocean_post_title":"","ocean_post_subheading":"","ocean_post_title_style":"","ocean_post_title_background_color":"","ocean_post_title_background":0,"ocean_post_title_bg_image_position":"","ocean_post_title_bg_image_attachment":"","ocean_post_title_bg_image_repeat":"","ocean_post_title_bg_image_size":"","ocean_post_title_height":0,"ocean_post_title_bg_overlay":0.5,"ocean_post_title_bg_overlay_color":"","ocean_disable_breadcrumbs":"default","ocean_breadcrumbs_color":"","ocean_breadcrumbs_separator_color":"","ocean_breadcrumbs_links_color":"","ocean_breadcrumbs_links_hover_color":"","ocean_display_footer_widgets":"default","ocean_display_footer_bottom":"default","ocean_custom_footer_template":"","footnotes":""},"class_list":["post-757","page","type-page","status-publish","hentry","entry"],"yoast_head":"<!-- This site is optimized with the Yoast SEO plugin v27.4 - https:\/\/yoast.com\/product\/yoast-seo-wordpress\/ -->\n<title>Identifiants - Lux Biohealth<\/title>\n<meta name=\"robots\" content=\"index, follow, max-snippet:-1, max-image-preview:large, max-video-preview:-1\" \/>\n<link rel=\"canonical\" href=\"https:\/\/zbz.lu\/fr\/identifiants\/\" \/>\n<meta property=\"og:locale\" content=\"fr_FR\" \/>\n<meta property=\"og:type\" content=\"article\" \/>\n<meta property=\"og:title\" content=\"Identifiants - Lux Biohealth\" \/>\n<meta property=\"og:description\" content=\"Identifiants Nicolas Moneuse J\u2019ai d\u00e9velopp\u00e9 ces derni\u00e8res ann\u00e9es une intol\u00e9rance au produit issue de la p\u00e9trochimie que nous trouvons dans le vie de tous les jours, absolument partout, y compris chez moi, \u00e0 mon bureau, dans mon v\u00e9hicule\u2026 Cette intol\u00e9rance s\u2019est ensuite transform\u00e9e en allergie violente, provoquant des naus\u00e9es, maux de t\u00eate, br\u00fblures pulmonaires qui [&hellip;]\" \/>\n<meta property=\"og:url\" content=\"https:\/\/zbz.lu\/fr\/identifiants\/\" \/>\n<meta property=\"og:site_name\" content=\"Lux Biohealth\" \/>\n<meta property=\"article:modified_time\" content=\"2022-01-08T07:08:36+00:00\" \/>\n<meta name=\"twitter:card\" content=\"summary_large_image\" \/>\n<meta name=\"twitter:label1\" content=\"Dur\u00e9e de lecture estim\u00e9e\" \/>\n\t<meta name=\"twitter:data1\" content=\"2 minutes\" \/>\n<script type=\"application\/ld+json\" class=\"yoast-schema-graph\">{\"@context\":\"https:\\\/\\\/schema.org\",\"@graph\":[{\"@type\":\"WebPage\",\"@id\":\"https:\\\/\\\/zbz.lu\\\/fr\\\/identifiants\\\/\",\"url\":\"https:\\\/\\\/zbz.lu\\\/fr\\\/identifiants\\\/\",\"name\":\"Identifiants - Lux Biohealth\",\"isPartOf\":{\"@id\":\"https:\\\/\\\/zbz.lu\\\/fr\\\/#website\"},\"datePublished\":\"2020-12-16T22:36:58+00:00\",\"dateModified\":\"2022-01-08T07:08:36+00:00\",\"breadcrumb\":{\"@id\":\"https:\\\/\\\/zbz.lu\\\/fr\\\/identifiants\\\/#breadcrumb\"},\"inLanguage\":\"fr-FR\",\"potentialAction\":[{\"@type\":\"ReadAction\",\"target\":[\"https:\\\/\\\/zbz.lu\\\/fr\\\/identifiants\\\/\"]}]},{\"@type\":\"BreadcrumbList\",\"@id\":\"https:\\\/\\\/zbz.lu\\\/fr\\\/identifiants\\\/#breadcrumb\",\"itemListElement\":[{\"@type\":\"ListItem\",\"position\":1,\"name\":\"Startseite\",\"item\":\"https:\\\/\\\/zbz.lu\\\/fr\\\/home\\\/\"},{\"@type\":\"ListItem\",\"position\":2,\"name\":\"Identifiants\"}]},{\"@type\":\"WebSite\",\"@id\":\"https:\\\/\\\/zbz.lu\\\/fr\\\/#website\",\"url\":\"https:\\\/\\\/zbz.lu\\\/fr\\\/\",\"name\":\"Lux Biohealth\",\"description\":\"Zentrum f\u00fcr biologische Zahnmedizin\",\"publisher\":{\"@id\":\"https:\\\/\\\/zbz.lu\\\/fr\\\/#organization\"},\"potentialAction\":[{\"@type\":\"SearchAction\",\"target\":{\"@type\":\"EntryPoint\",\"urlTemplate\":\"https:\\\/\\\/zbz.lu\\\/fr\\\/?s={search_term_string}\"},\"query-input\":{\"@type\":\"PropertyValueSpecification\",\"valueRequired\":true,\"valueName\":\"search_term_string\"}}],\"inLanguage\":\"fr-FR\"},{\"@type\":\"Organization\",\"@id\":\"https:\\\/\\\/zbz.lu\\\/fr\\\/#organization\",\"name\":\"Lux Biohealth\",\"url\":\"https:\\\/\\\/zbz.lu\\\/fr\\\/\",\"logo\":{\"@type\":\"ImageObject\",\"inLanguage\":\"fr-FR\",\"@id\":\"https:\\\/\\\/zbz.lu\\\/fr\\\/#\\\/schema\\\/logo\\\/image\\\/\",\"url\":\"https:\\\/\\\/zbz.lu\\\/wp-content\\\/uploads\\\/2025\\\/11\\\/LuxBioHealth4.png\",\"contentUrl\":\"https:\\\/\\\/zbz.lu\\\/wp-content\\\/uploads\\\/2025\\\/11\\\/LuxBioHealth4.png\",\"width\":1432,\"height\":374,\"caption\":\"Lux Biohealth\"},\"image\":{\"@id\":\"https:\\\/\\\/zbz.lu\\\/fr\\\/#\\\/schema\\\/logo\\\/image\\\/\"}}]}<\/script>\n<!-- \/ Yoast SEO plugin. -->","yoast_head_json":{"title":"Identifiants - Lux Biohealth","robots":{"index":"index","follow":"follow","max-snippet":"max-snippet:-1","max-image-preview":"max-image-preview:large","max-video-preview":"max-video-preview:-1"},"canonical":"https:\/\/zbz.lu\/fr\/identifiants\/","og_locale":"fr_FR","og_type":"article","og_title":"Identifiants - Lux Biohealth","og_description":"Identifiants Nicolas Moneuse J\u2019ai d\u00e9velopp\u00e9 ces derni\u00e8res ann\u00e9es une intol\u00e9rance au produit issue de la p\u00e9trochimie que nous trouvons dans le vie de tous les jours, absolument partout, y compris chez moi, \u00e0 mon bureau, dans mon v\u00e9hicule\u2026 Cette intol\u00e9rance s\u2019est ensuite transform\u00e9e en allergie violente, provoquant des naus\u00e9es, maux de t\u00eate, br\u00fblures pulmonaires qui [&hellip;]","og_url":"https:\/\/zbz.lu\/fr\/identifiants\/","og_site_name":"Lux Biohealth","article_modified_time":"2022-01-08T07:08:36+00:00","twitter_card":"summary_large_image","twitter_misc":{"Dur\u00e9e de lecture estim\u00e9e":"2 minutes"},"schema":{"@context":"https:\/\/schema.org","@graph":[{"@type":"WebPage","@id":"https:\/\/zbz.lu\/fr\/identifiants\/","url":"https:\/\/zbz.lu\/fr\/identifiants\/","name":"Identifiants - Lux Biohealth","isPartOf":{"@id":"https:\/\/zbz.lu\/fr\/#website"},"datePublished":"2020-12-16T22:36:58+00:00","dateModified":"2022-01-08T07:08:36+00:00","breadcrumb":{"@id":"https:\/\/zbz.lu\/fr\/identifiants\/#breadcrumb"},"inLanguage":"fr-FR","potentialAction":[{"@type":"ReadAction","target":["https:\/\/zbz.lu\/fr\/identifiants\/"]}]},{"@type":"BreadcrumbList","@id":"https:\/\/zbz.lu\/fr\/identifiants\/#breadcrumb","itemListElement":[{"@type":"ListItem","position":1,"name":"Startseite","item":"https:\/\/zbz.lu\/fr\/home\/"},{"@type":"ListItem","position":2,"name":"Identifiants"}]},{"@type":"WebSite","@id":"https:\/\/zbz.lu\/fr\/#website","url":"https:\/\/zbz.lu\/fr\/","name":"Lux Biohealth","description":"Zentrum f\u00fcr biologische Zahnmedizin","publisher":{"@id":"https:\/\/zbz.lu\/fr\/#organization"},"potentialAction":[{"@type":"SearchAction","target":{"@type":"EntryPoint","urlTemplate":"https:\/\/zbz.lu\/fr\/?s={search_term_string}"},"query-input":{"@type":"PropertyValueSpecification","valueRequired":true,"valueName":"search_term_string"}}],"inLanguage":"fr-FR"},{"@type":"Organization","@id":"https:\/\/zbz.lu\/fr\/#organization","name":"Lux Biohealth","url":"https:\/\/zbz.lu\/fr\/","logo":{"@type":"ImageObject","inLanguage":"fr-FR","@id":"https:\/\/zbz.lu\/fr\/#\/schema\/logo\/image\/","url":"https:\/\/zbz.lu\/wp-content\/uploads\/2025\/11\/LuxBioHealth4.png","contentUrl":"https:\/\/zbz.lu\/wp-content\/uploads\/2025\/11\/LuxBioHealth4.png","width":1432,"height":374,"caption":"Lux Biohealth"},"image":{"@id":"https:\/\/zbz.lu\/fr\/#\/schema\/logo\/image\/"}}]}},"_links":{"self":[{"href":"https:\/\/zbz.lu\/fr\/wp-json\/wp\/v2\/pages\/757","targetHints":{"allow":["GET"]}}],"collection":[{"href":"https:\/\/zbz.lu\/fr\/wp-json\/wp\/v2\/pages"}],"about":[{"href":"https:\/\/zbz.lu\/fr\/wp-json\/wp\/v2\/types\/page"}],"author":[{"embeddable":true,"href":"https:\/\/zbz.lu\/fr\/wp-json\/wp\/v2\/users\/1"}],"replies":[{"embeddable":true,"href":"https:\/\/zbz.lu\/fr\/wp-json\/wp\/v2\/comments?post=757"}],"version-history":[{"count":0,"href":"https:\/\/zbz.lu\/fr\/wp-json\/wp\/v2\/pages\/757\/revisions"}],"wp:attachment":[{"href":"https:\/\/zbz.lu\/fr\/wp-json\/wp\/v2\/media?parent=757"}],"curies":[{"name":"wp","href":"https:\/\/api.w.org\/{rel}","templated":true}]}}