{"id":694,"date":"2020-12-16T15:59:17","date_gmt":"2020-12-16T15:59:17","guid":{"rendered":"https:\/\/zbz.lu\/?page_id=694"},"modified":"2024-08-29T12:29:54","modified_gmt":"2024-08-29T12:29:54","slug":"nico","status":"publish","type":"page","link":"https:\/\/zbz.lu\/fr\/nico\/","title":{"rendered":"Nico"},"content":{"rendered":"\t\t<div data-elementor-type=\"wp-page\" data-elementor-id=\"694\" class=\"elementor elementor-694 elementor-114\" data-elementor-settings=\"{&quot;ha_cmc_init_switcher&quot;:&quot;no&quot;}\">\n\t\t\t\t\t\t<section class=\"elementor-section elementor-top-section elementor-element elementor-element-778481e elementor-section-boxed elementor-section-height-default elementor-section-height-default\" data-id=\"778481e\" data-element_type=\"section\" data-e-type=\"section\" data-settings=\"{&quot;background_background&quot;:&quot;classic&quot;,&quot;shape_divider_bottom&quot;:&quot;waves&quot;,&quot;_ha_eqh_enable&quot;:false}\">\n\t\t\t\t\t\t\t<div class=\"elementor-background-overlay\"><\/div>\n\t\t\t\t\t\t<div class=\"elementor-shape elementor-shape-bottom\" aria-hidden=\"true\" data-negative=\"false\">\n\t\t\t<svg xmlns=\"http:\/\/www.w3.org\/2000\/svg\" viewBox=\"0 0 1000 100\" preserveAspectRatio=\"none\">\n\t<path class=\"elementor-shape-fill\" d=\"M421.9,6.5c22.6-2.5,51.5,0.4,75.5,5.3c23.6,4.9,70.9,23.5,100.5,35.7c75.8,32.2,133.7,44.5,192.6,49.7\n\tc23.6,2.1,48.7,3.5,103.4-2.5c54.7-6,106.2-25.6,106.2-25.6V0H0v30.3c0,0,72,32.6,158.4,30.5c39.2-0.7,92.8-6.7,134-22.4\n\tc21.2-8.1,52.2-18.2,79.7-24.2C399.3,7.9,411.6,7.5,421.9,6.5z\"\/>\n<\/svg>\t\t<\/div>\n\t\t\t\t\t<div class=\"elementor-container elementor-column-gap-default\">\n\t\t\t\t\t<div class=\"elementor-column elementor-col-100 elementor-top-column elementor-element elementor-element-5e299e6a\" data-id=\"5e299e6a\" data-element_type=\"column\" data-e-type=\"column\">\n\t\t\t<div class=\"elementor-widget-wrap elementor-element-populated\">\n\t\t\t\t\t\t<div class=\"elementor-element elementor-element-e373076 lesmarg elementor-widget elementor-widget-heading\" data-id=\"e373076\" data-element_type=\"widget\" data-e-type=\"widget\" data-widget_type=\"heading.default\">\n\t\t\t\t<div class=\"elementor-widget-container\">\n\t\t\t\t\t<h1 class=\"elementor-heading-title elementor-size-default\">NICO (FDOK)<\/h1>\t\t\t\t<\/div>\n\t\t\t\t<\/div>\n\t\t\t\t<div class=\"elementor-element elementor-element-38c07f6b elementor-widget-divider--view-line elementor-widget elementor-widget-divider\" data-id=\"38c07f6b\" data-element_type=\"widget\" data-e-type=\"widget\" data-widget_type=\"divider.default\">\n\t\t\t\t<div class=\"elementor-widget-container\">\n\t\t\t\t\t\t\t<div class=\"elementor-divider\">\n\t\t\t<span class=\"elementor-divider-separator\">\n\t\t\t\t\t\t<\/span>\n\t\t<\/div>\n\t\t\t\t\t\t<\/div>\n\t\t\t\t<\/div>\n\t\t\t\t\t<\/div>\n\t\t<\/div>\n\t\t\t\t\t<\/div>\n\t\t<\/section>\n\t\t\t\t<section class=\"elementor-section elementor-top-section elementor-element elementor-element-b1d520b elementor-section-boxed elementor-section-height-default elementor-section-height-default\" data-id=\"b1d520b\" data-element_type=\"section\" data-e-type=\"section\" data-settings=\"{&quot;_ha_eqh_enable&quot;:false}\">\n\t\t\t\t\t\t<div class=\"elementor-container elementor-column-gap-default\">\n\t\t\t\t\t<div class=\"elementor-column elementor-col-50 elementor-top-column elementor-element elementor-element-23d5ce92\" data-id=\"23d5ce92\" data-element_type=\"column\" data-e-type=\"column\">\n\t\t\t<div class=\"elementor-widget-wrap elementor-element-populated\">\n\t\t\t\t\t\t<div class=\"elementor-element elementor-element-2d7649b2 elementor-widget elementor-widget-image\" data-id=\"2d7649b2\" data-element_type=\"widget\" data-e-type=\"widget\" data-widget_type=\"image.default\">\n\t\t\t\t<div class=\"elementor-widget-container\">\n\t\t\t\t\t\t\t\t\t\t\t\t\t\t\t<img fetchpriority=\"high\" decoding=\"async\" width=\"700\" height=\"487\" src=\"https:\/\/zbz.lu\/wp-content\/uploads\/2020\/11\/166.jpg\" class=\"attachment-full size-full wp-image-665\" alt=\"\" srcset=\"https:\/\/zbz.lu\/wp-content\/uploads\/2020\/11\/166.jpg 700w, https:\/\/zbz.lu\/wp-content\/uploads\/2020\/11\/166-300x209.jpg 300w\" sizes=\"(max-width: 700px) 100vw, 700px\" \/>\t\t\t\t\t\t\t\t\t\t\t\t\t\t\t<\/div>\n\t\t\t\t<\/div>\n\t\t\t\t\t<\/div>\n\t\t<\/div>\n\t\t\t\t<div class=\"elementor-column elementor-col-50 elementor-top-column elementor-element elementor-element-2612575a\" data-id=\"2612575a\" data-element_type=\"column\" data-e-type=\"column\">\n\t\t\t<div class=\"elementor-widget-wrap elementor-element-populated\">\n\t\t\t\t\t\t<div class=\"elementor-element elementor-element-5fb444e1 lesmarg elementor-widget elementor-widget-heading\" data-id=\"5fb444e1\" data-element_type=\"widget\" data-e-type=\"widget\" data-widget_type=\"heading.default\">\n\t\t\t\t<div class=\"elementor-widget-container\">\n\t\t\t\t\t<h3 class=\"elementor-heading-title elementor-size-default\">Inflammation de l'os maxillaire comme cause de divers troubles<\/h3>\t\t\t\t<\/div>\n\t\t\t\t<\/div>\n\t\t\t\t<div class=\"elementor-element elementor-element-6a576767 elementor-widget-divider--view-line elementor-widget elementor-widget-divider\" data-id=\"6a576767\" data-element_type=\"widget\" data-e-type=\"widget\" data-widget_type=\"divider.default\">\n\t\t\t\t<div class=\"elementor-widget-container\">\n\t\t\t\t\t\t\t<div class=\"elementor-divider\">\n\t\t\t<span class=\"elementor-divider-separator\">\n\t\t\t\t\t\t<\/span>\n\t\t<\/div>\n\t\t\t\t\t\t<\/div>\n\t\t\t\t<\/div>\n\t\t\t\t<div class=\"elementor-element elementor-element-799aec03 elementor-widget elementor-widget-text-editor\" data-id=\"799aec03\" data-element_type=\"widget\" data-e-type=\"widget\" data-widget_type=\"text-editor.default\">\n\t\t\t\t<div class=\"elementor-widget-container\">\n\t\t\t\t\t\t\t\t\t<p style=\"text-align: left; margin-bottom: 10px;\">NICO est l&rsquo;abr\u00e9viation de Neuralgia Inducing Cavitational Osteonecrosis.\nDerri\u00e8re ce terme se cache l&rsquo;ost\u00e9ite chronique de la m\u00e2choire, un processus d\u00e9g\u00e9n\u00e9ratif et inflammatoire qui se d\u00e9veloppe souvent sur plusieurs ann\u00e9es. <\/p>\n<p style=\"text-align: left; margin-bottom: 0px;\">Souvent, ce processus inflammatoire dans l&rsquo;os de la m\u00e2choire passe longtemps inaper\u00e7u.\nC&rsquo;est lors de l&rsquo;ouverture de la muqueuse par le dentiste qu&rsquo;il est d\u00e9tect\u00e9 pour la premi\u00e8re fois.\nIl produit alors, parfois pendant des ann\u00e9es, des substances inflammatoires qui se r\u00e9pandent dans tous les organes par le biais du syst\u00e8me sanguin et lymphatique et peuvent y causer des dommages.  <\/p>\t\t\t\t\t\t\t\t<\/div>\n\t\t\t\t<\/div>\n\t\t\t\t\t<\/div>\n\t\t<\/div>\n\t\t\t\t\t<\/div>\n\t\t<\/section>\n\t\t\t\t<section class=\"elementor-section elementor-top-section elementor-element elementor-element-2e183dff elementor-section-boxed elementor-section-height-default elementor-section-height-default\" data-id=\"2e183dff\" data-element_type=\"section\" data-e-type=\"section\" data-settings=\"{&quot;background_background&quot;:&quot;gradient&quot;,&quot;shape_divider_top&quot;:&quot;waves&quot;,&quot;_ha_eqh_enable&quot;:false}\">\n\t\t\t\t\t<div class=\"elementor-shape elementor-shape-top\" aria-hidden=\"true\" data-negative=\"false\">\n\t\t\t<svg xmlns=\"http:\/\/www.w3.org\/2000\/svg\" viewBox=\"0 0 1000 100\" preserveAspectRatio=\"none\">\n\t<path class=\"elementor-shape-fill\" d=\"M421.9,6.5c22.6-2.5,51.5,0.4,75.5,5.3c23.6,4.9,70.9,23.5,100.5,35.7c75.8,32.2,133.7,44.5,192.6,49.7\n\tc23.6,2.1,48.7,3.5,103.4-2.5c54.7-6,106.2-25.6,106.2-25.6V0H0v30.3c0,0,72,32.6,158.4,30.5c39.2-0.7,92.8-6.7,134-22.4\n\tc21.2-8.1,52.2-18.2,79.7-24.2C399.3,7.9,411.6,7.5,421.9,6.5z\"\/>\n<\/svg>\t\t<\/div>\n\t\t\t\t\t<div class=\"elementor-container elementor-column-gap-default\">\n\t\t\t\t\t<div class=\"elementor-column elementor-col-50 elementor-top-column elementor-element elementor-element-41921236\" data-id=\"41921236\" data-element_type=\"column\" data-e-type=\"column\">\n\t\t\t<div class=\"elementor-widget-wrap elementor-element-populated\">\n\t\t\t\t\t\t<div class=\"elementor-element elementor-element-649be100 lesmarg elementor-widget elementor-widget-heading\" data-id=\"649be100\" data-element_type=\"widget\" data-e-type=\"widget\" data-widget_type=\"heading.default\">\n\t\t\t\t<div class=\"elementor-widget-container\">\n\t\t\t\t\t<h3 class=\"elementor-heading-title elementor-size-default\">Inflammation de l'os de la m\u00e2choire<\/h3>\t\t\t\t<\/div>\n\t\t\t\t<\/div>\n\t\t\t\t<div class=\"elementor-element elementor-element-46de9c42 lesmarg elementor-widget elementor-widget-heading\" data-id=\"46de9c42\" data-element_type=\"widget\" data-e-type=\"widget\" data-widget_type=\"heading.default\">\n\t\t\t\t<div class=\"elementor-widget-container\">\n\t\t\t\t\t<h3 class=\"elementor-heading-title elementor-size-default\">NICO : Quel est le danger de l'inflammation de l'os maxillaire ?<\/h3>\t\t\t\t<\/div>\n\t\t\t\t<\/div>\n\t\t\t\t<div class=\"elementor-element elementor-element-774e5760 elementor-widget-divider--view-line elementor-widget elementor-widget-divider\" data-id=\"774e5760\" data-element_type=\"widget\" data-e-type=\"widget\" data-widget_type=\"divider.default\">\n\t\t\t\t<div class=\"elementor-widget-container\">\n\t\t\t\t\t\t\t<div class=\"elementor-divider\">\n\t\t\t<span class=\"elementor-divider-separator\">\n\t\t\t\t\t\t<\/span>\n\t\t<\/div>\n\t\t\t\t\t\t<\/div>\n\t\t\t\t<\/div>\n\t\t\t\t\t<\/div>\n\t\t<\/div>\n\t\t\t\t<div class=\"elementor-column elementor-col-50 elementor-top-column elementor-element elementor-element-36c13757\" data-id=\"36c13757\" data-element_type=\"column\" data-e-type=\"column\">\n\t\t\t<div class=\"elementor-widget-wrap elementor-element-populated\">\n\t\t\t\t\t\t<div class=\"elementor-element elementor-element-6a2dd8e elementor-widget elementor-widget-text-editor\" data-id=\"6a2dd8e\" data-element_type=\"widget\" data-e-type=\"widget\" data-widget_type=\"text-editor.default\">\n\t\t\t\t<div class=\"elementor-widget-container\">\n\t\t\t\t\t\t\t\t\t<p style=\"text-align: left; margin-bottom: 10px;\">Le NICO est un champ de perturbation classique.\nLes m\u00e9diateurs inflammatoires qui \u00e9manent des processus inflammatoires dans l&rsquo;os de la m\u00e2choire peuvent affecter l&rsquo;ensemble du corps sans que le patient lui-m\u00eame ou le m\u00e9decin n&rsquo;en trouve la cause r\u00e9elle. <\/p>\n<p style=\"text-align: left; margin-bottom: 10px;\">Les personnes concern\u00e9es se plaignent souvent de migraines, de probl\u00e8mes de concentration et de fatigue, mais des maladies telles que les rhumatismes, l&rsquo;hypertension ainsi que divers \u00e9tats douloureux (souvent dans le dos, le visage ou sous la forme d&rsquo;un syndrome \u00e9paule-bras) peuvent \u00e9galement accompagner un NICO.<\/p>\t\t\t\t\t\t\t\t<\/div>\n\t\t\t\t<\/div>\n\t\t\t\t\t<\/div>\n\t\t<\/div>\n\t\t\t\t\t<\/div>\n\t\t<\/section>\n\t\t\t\t<section class=\"elementor-section elementor-top-section elementor-element elementor-element-2bb0e50e elementor-reverse-mobile elementor-section-boxed elementor-section-height-default elementor-section-height-default\" data-id=\"2bb0e50e\" data-element_type=\"section\" data-e-type=\"section\" data-settings=\"{&quot;_ha_eqh_enable&quot;:false}\">\n\t\t\t\t\t\t<div class=\"elementor-container elementor-column-gap-default\">\n\t\t\t\t\t<div class=\"elementor-column elementor-col-50 elementor-top-column elementor-element elementor-element-25619b03\" data-id=\"25619b03\" data-element_type=\"column\" data-e-type=\"column\">\n\t\t\t<div class=\"elementor-widget-wrap elementor-element-populated\">\n\t\t\t\t\t\t<div class=\"elementor-element elementor-element-42b2b11b lesmarg elementor-widget elementor-widget-heading\" data-id=\"42b2b11b\" data-element_type=\"widget\" data-e-type=\"widget\" data-widget_type=\"heading.default\">\n\t\t\t\t<div class=\"elementor-widget-container\">\n\t\t\t\t\t<h3 class=\"elementor-heading-title elementor-size-default\">Comment le dentiste BIO traite-t-il NICO ?<\/h3>\t\t\t\t<\/div>\n\t\t\t\t<\/div>\n\t\t\t\t<div class=\"elementor-element elementor-element-750085dc elementor-widget-divider--view-line elementor-widget elementor-widget-divider\" data-id=\"750085dc\" data-element_type=\"widget\" data-e-type=\"widget\" data-widget_type=\"divider.default\">\n\t\t\t\t<div class=\"elementor-widget-container\">\n\t\t\t\t\t\t\t<div class=\"elementor-divider\">\n\t\t\t<span class=\"elementor-divider-separator\">\n\t\t\t\t\t\t<\/span>\n\t\t<\/div>\n\t\t\t\t\t\t<\/div>\n\t\t\t\t<\/div>\n\t\t\t\t<div class=\"elementor-element elementor-element-7b70b100 elementor-widget elementor-widget-text-editor\" data-id=\"7b70b100\" data-element_type=\"widget\" data-e-type=\"widget\" data-widget_type=\"text-editor.default\">\n\t\t\t\t<div class=\"elementor-widget-container\">\n\t\t\t\t\t\t\t\t\t<p style=\"text-align: left; margin-bottom: 10px;\">Dans les cabinets dentaires biologiques, les infections de la m\u00e2choire sont g\u00e9n\u00e9ralement trait\u00e9es par chirurgie.\nSous anesth\u00e9sie locale, les zones osseuses enflamm\u00e9es sont retir\u00e9es \u00e0 l&rsquo;aide d&rsquo;instruments chirurgicaux ou d&rsquo;un appareil \u00e0 ultrasons. <\/p>\n\n<p style=\"text-align: left; margin-bottom: 0px;\">Il est tr\u00e8s important que la plaie gu\u00e9risse compl\u00e8tement.\nC&rsquo;est ce que garantit la dentisterie biologique en utilisant, par exemple, de l&rsquo;ozone d\u00e9sinfectant et une membrane biologique pr\u00e9alablement fabriqu\u00e9e \u00e0 partir de sang autologue (PRP). <\/p>\t\t\t\t\t\t\t\t<\/div>\n\t\t\t\t<\/div>\n\t\t\t\t\t<\/div>\n\t\t<\/div>\n\t\t\t\t<div class=\"elementor-column elementor-col-50 elementor-top-column elementor-element elementor-element-774733a9\" data-id=\"774733a9\" data-element_type=\"column\" data-e-type=\"column\">\n\t\t\t<div class=\"elementor-widget-wrap elementor-element-populated\">\n\t\t\t\t\t\t<div class=\"elementor-element elementor-element-62113915 elementor-widget elementor-widget-image\" data-id=\"62113915\" data-element_type=\"widget\" data-e-type=\"widget\" data-widget_type=\"image.default\">\n\t\t\t\t<div class=\"elementor-widget-container\">\n\t\t\t\t\t\t\t\t\t\t\t\t\t\t\t<img decoding=\"async\" width=\"750\" height=\"610\" src=\"https:\/\/zbz.lu\/wp-content\/uploads\/2020\/11\/5nn53.jpg\" class=\"attachment-full size-full wp-image-698\" alt=\"\" srcset=\"https:\/\/zbz.lu\/wp-content\/uploads\/2020\/11\/5nn53.jpg 750w, https:\/\/zbz.lu\/wp-content\/uploads\/2020\/11\/5nn53-300x244.jpg 300w\" sizes=\"(max-width: 750px) 100vw, 750px\" \/>\t\t\t\t\t\t\t\t\t\t\t\t\t\t\t<\/div>\n\t\t\t\t<\/div>\n\t\t\t\t\t<\/div>\n\t\t<\/div>\n\t\t\t\t\t<\/div>\n\t\t<\/section>\n\t\t\t\t<\/div>\n\t\t","protected":false},"excerpt":{"rendered":"<p>NICO (FDOK) Inflammation de l&rsquo;os maxillaire comme cause de divers troubles NICO est l&rsquo;abr\u00e9viation de Neuralgia Inducing Cavitational Osteonecrosis. Derri\u00e8re ce terme se cache l&rsquo;ost\u00e9ite chronique de la m\u00e2choire, un processus d\u00e9g\u00e9n\u00e9ratif et inflammatoire qui se d\u00e9veloppe souvent sur plusieurs ann\u00e9es. Souvent, ce processus inflammatoire dans l&rsquo;os de la m\u00e2choire passe longtemps inaper\u00e7u. C&rsquo;est lors [&hellip;]<\/p>\n","protected":false},"author":1,"featured_media":0,"parent":0,"menu_order":0,"comment_status":"closed","ping_status":"closed","template":"elementor_header_footer","meta":{"ocean_post_layout":"","ocean_both_sidebars_style":"","ocean_both_sidebars_content_width":0,"ocean_both_sidebars_sidebars_width":0,"ocean_sidebar":"","ocean_second_sidebar":"","ocean_disable_margins":"enable","ocean_add_body_class":"","ocean_shortcode_before_top_bar":"","ocean_shortcode_after_top_bar":"","ocean_shortcode_before_header":"","ocean_shortcode_after_header":"","ocean_has_shortcode":"","ocean_shortcode_after_title":"","ocean_shortcode_before_footer_widgets":"","ocean_shortcode_after_footer_widgets":"","ocean_shortcode_before_footer_bottom":"","ocean_shortcode_after_footer_bottom":"","ocean_display_top_bar":"default","ocean_display_header":"default","ocean_header_style":"","ocean_center_header_left_menu":"","ocean_custom_header_template":"","ocean_custom_logo":0,"ocean_custom_retina_logo":0,"ocean_custom_logo_max_width":0,"ocean_custom_logo_tablet_max_width":0,"ocean_custom_logo_mobile_max_width":0,"ocean_custom_logo_max_height":0,"ocean_custom_logo_tablet_max_height":0,"ocean_custom_logo_mobile_max_height":0,"ocean_header_custom_menu":"","ocean_menu_typo_font_family":"","ocean_menu_typo_font_subset":"","ocean_menu_typo_font_size":0,"ocean_menu_typo_font_size_tablet":0,"ocean_menu_typo_font_size_mobile":0,"ocean_menu_typo_font_size_unit":"px","ocean_menu_typo_font_weight":"","ocean_menu_typo_font_weight_tablet":"","ocean_menu_typo_font_weight_mobile":"","ocean_menu_typo_transform":"","ocean_menu_typo_transform_tablet":"","ocean_menu_typo_transform_mobile":"","ocean_menu_typo_line_height":0,"ocean_menu_typo_line_height_tablet":0,"ocean_menu_typo_line_height_mobile":0,"ocean_menu_typo_line_height_unit":"","ocean_menu_typo_spacing":0,"ocean_menu_typo_spacing_tablet":0,"ocean_menu_typo_spacing_mobile":0,"ocean_menu_typo_spacing_unit":"","ocean_menu_link_color":"","ocean_menu_link_color_hover":"","ocean_menu_link_color_active":"","ocean_menu_link_background":"","ocean_menu_link_hover_background":"","ocean_menu_link_active_background":"","ocean_menu_social_links_bg":"","ocean_menu_social_hover_links_bg":"","ocean_menu_social_links_color":"","ocean_menu_social_hover_links_color":"","ocean_disable_title":"default","ocean_disable_heading":"default","ocean_post_title":"","ocean_post_subheading":"","ocean_post_title_style":"","ocean_post_title_background_color":"","ocean_post_title_background":0,"ocean_post_title_bg_image_position":"","ocean_post_title_bg_image_attachment":"","ocean_post_title_bg_image_repeat":"","ocean_post_title_bg_image_size":"","ocean_post_title_height":0,"ocean_post_title_bg_overlay":0.5,"ocean_post_title_bg_overlay_color":"","ocean_disable_breadcrumbs":"default","ocean_breadcrumbs_color":"","ocean_breadcrumbs_separator_color":"","ocean_breadcrumbs_links_color":"","ocean_breadcrumbs_links_hover_color":"","ocean_display_footer_widgets":"default","ocean_display_footer_bottom":"default","ocean_custom_footer_template":"","footnotes":""},"class_list":["post-694","page","type-page","status-publish","hentry","entry"],"yoast_head":"<!-- This site is optimized with the Yoast SEO plugin v27.3 - https:\/\/yoast.com\/product\/yoast-seo-wordpress\/ -->\n<title>NICO - Neuralgia Inducing Cavitational Osteonecrosis - Lux Biohealth<\/title>\n<meta name=\"description\" content=\"Les m\u00e9diateurs inflammatoires des processus inflammatoires de l&#039;os de la m\u00e2choire (NICO) peuvent affecter l&#039;ensemble du corps. Comment traiter les NICO ?\" \/>\n<meta name=\"robots\" content=\"index, follow, max-snippet:-1, max-image-preview:large, max-video-preview:-1\" \/>\n<link rel=\"canonical\" href=\"https:\/\/zbz.lu\/fr\/nico\/\" \/>\n<meta property=\"og:locale\" content=\"fr_FR\" \/>\n<meta property=\"og:type\" content=\"article\" \/>\n<meta property=\"og:title\" content=\"NICO - Neuralgia Inducing Cavitational Osteonecrosis - Lux Biohealth\" \/>\n<meta property=\"og:description\" content=\"Les m\u00e9diateurs inflammatoires des processus inflammatoires de l&#039;os de la m\u00e2choire (NICO) peuvent affecter l&#039;ensemble du corps. Comment traiter les NICO ?\" \/>\n<meta property=\"og:url\" content=\"https:\/\/zbz.lu\/fr\/nico\/\" \/>\n<meta property=\"og:site_name\" content=\"Lux Biohealth\" \/>\n<meta property=\"article:modified_time\" content=\"2024-08-29T12:29:54+00:00\" \/>\n<meta property=\"og:image\" content=\"https:\/\/zbz.lu\/wp-content\/uploads\/2020\/11\/166.jpg\" \/>\n<meta name=\"twitter:card\" content=\"summary_large_image\" \/>\n<meta name=\"twitter:label1\" content=\"Dur\u00e9e de lecture estim\u00e9e\" \/>\n\t<meta name=\"twitter:data1\" content=\"2 minutes\" \/>\n<script type=\"application\/ld+json\" class=\"yoast-schema-graph\">{\"@context\":\"https:\\\/\\\/schema.org\",\"@graph\":[{\"@type\":\"WebPage\",\"@id\":\"https:\\\/\\\/zbz.lu\\\/fr\\\/nico\\\/\",\"url\":\"https:\\\/\\\/zbz.lu\\\/fr\\\/nico\\\/\",\"name\":\"NICO - Neuralgia Inducing Cavitational Osteonecrosis - Lux Biohealth\",\"isPartOf\":{\"@id\":\"https:\\\/\\\/zbz.lu\\\/fr\\\/#website\"},\"primaryImageOfPage\":{\"@id\":\"https:\\\/\\\/zbz.lu\\\/fr\\\/nico\\\/#primaryimage\"},\"image\":{\"@id\":\"https:\\\/\\\/zbz.lu\\\/fr\\\/nico\\\/#primaryimage\"},\"thumbnailUrl\":\"https:\\\/\\\/zbz.lu\\\/wp-content\\\/uploads\\\/2020\\\/11\\\/166.jpg\",\"datePublished\":\"2020-12-16T15:59:17+00:00\",\"dateModified\":\"2024-08-29T12:29:54+00:00\",\"description\":\"Les m\u00e9diateurs inflammatoires des processus inflammatoires de l'os de la m\u00e2choire (NICO) peuvent affecter l'ensemble du corps. Comment traiter les NICO ?\",\"breadcrumb\":{\"@id\":\"https:\\\/\\\/zbz.lu\\\/fr\\\/nico\\\/#breadcrumb\"},\"inLanguage\":\"fr-FR\",\"potentialAction\":[{\"@type\":\"ReadAction\",\"target\":[\"https:\\\/\\\/zbz.lu\\\/fr\\\/nico\\\/\"]}]},{\"@type\":\"ImageObject\",\"inLanguage\":\"fr-FR\",\"@id\":\"https:\\\/\\\/zbz.lu\\\/fr\\\/nico\\\/#primaryimage\",\"url\":\"https:\\\/\\\/zbz.lu\\\/wp-content\\\/uploads\\\/2020\\\/11\\\/166.jpg\",\"contentUrl\":\"https:\\\/\\\/zbz.lu\\\/wp-content\\\/uploads\\\/2020\\\/11\\\/166.jpg\"},{\"@type\":\"BreadcrumbList\",\"@id\":\"https:\\\/\\\/zbz.lu\\\/fr\\\/nico\\\/#breadcrumb\",\"itemListElement\":[{\"@type\":\"ListItem\",\"position\":1,\"name\":\"Startseite\",\"item\":\"https:\\\/\\\/zbz.lu\\\/fr\\\/home\\\/\"},{\"@type\":\"ListItem\",\"position\":2,\"name\":\"Nico\"}]},{\"@type\":\"WebSite\",\"@id\":\"https:\\\/\\\/zbz.lu\\\/fr\\\/#website\",\"url\":\"https:\\\/\\\/zbz.lu\\\/fr\\\/\",\"name\":\"Lux Biohealth\",\"description\":\"Zentrum f\u00fcr biologische Zahnmedizin\",\"publisher\":{\"@id\":\"https:\\\/\\\/zbz.lu\\\/fr\\\/#organization\"},\"potentialAction\":[{\"@type\":\"SearchAction\",\"target\":{\"@type\":\"EntryPoint\",\"urlTemplate\":\"https:\\\/\\\/zbz.lu\\\/fr\\\/?s={search_term_string}\"},\"query-input\":{\"@type\":\"PropertyValueSpecification\",\"valueRequired\":true,\"valueName\":\"search_term_string\"}}],\"inLanguage\":\"fr-FR\"},{\"@type\":\"Organization\",\"@id\":\"https:\\\/\\\/zbz.lu\\\/fr\\\/#organization\",\"name\":\"Lux Biohealth\",\"url\":\"https:\\\/\\\/zbz.lu\\\/fr\\\/\",\"logo\":{\"@type\":\"ImageObject\",\"inLanguage\":\"fr-FR\",\"@id\":\"https:\\\/\\\/zbz.lu\\\/fr\\\/#\\\/schema\\\/logo\\\/image\\\/\",\"url\":\"https:\\\/\\\/zbz.lu\\\/wp-content\\\/uploads\\\/2025\\\/11\\\/LuxBioHealth4.png\",\"contentUrl\":\"https:\\\/\\\/zbz.lu\\\/wp-content\\\/uploads\\\/2025\\\/11\\\/LuxBioHealth4.png\",\"width\":1432,\"height\":374,\"caption\":\"Lux Biohealth\"},\"image\":{\"@id\":\"https:\\\/\\\/zbz.lu\\\/fr\\\/#\\\/schema\\\/logo\\\/image\\\/\"}}]}<\/script>\n<!-- \/ Yoast SEO plugin. -->","yoast_head_json":{"title":"NICO - Neuralgia Inducing Cavitational Osteonecrosis - Lux Biohealth","description":"Les m\u00e9diateurs inflammatoires des processus inflammatoires de l'os de la m\u00e2choire (NICO) peuvent affecter l'ensemble du corps. Comment traiter les NICO ?","robots":{"index":"index","follow":"follow","max-snippet":"max-snippet:-1","max-image-preview":"max-image-preview:large","max-video-preview":"max-video-preview:-1"},"canonical":"https:\/\/zbz.lu\/fr\/nico\/","og_locale":"fr_FR","og_type":"article","og_title":"NICO - Neuralgia Inducing Cavitational Osteonecrosis - Lux Biohealth","og_description":"Les m\u00e9diateurs inflammatoires des processus inflammatoires de l'os de la m\u00e2choire (NICO) peuvent affecter l'ensemble du corps. Comment traiter les NICO ?","og_url":"https:\/\/zbz.lu\/fr\/nico\/","og_site_name":"Lux Biohealth","article_modified_time":"2024-08-29T12:29:54+00:00","og_image":[{"url":"https:\/\/zbz.lu\/wp-content\/uploads\/2020\/11\/166.jpg","type":"","width":"","height":""}],"twitter_card":"summary_large_image","twitter_misc":{"Dur\u00e9e de lecture estim\u00e9e":"2 minutes"},"schema":{"@context":"https:\/\/schema.org","@graph":[{"@type":"WebPage","@id":"https:\/\/zbz.lu\/fr\/nico\/","url":"https:\/\/zbz.lu\/fr\/nico\/","name":"NICO - Neuralgia Inducing Cavitational Osteonecrosis - Lux Biohealth","isPartOf":{"@id":"https:\/\/zbz.lu\/fr\/#website"},"primaryImageOfPage":{"@id":"https:\/\/zbz.lu\/fr\/nico\/#primaryimage"},"image":{"@id":"https:\/\/zbz.lu\/fr\/nico\/#primaryimage"},"thumbnailUrl":"https:\/\/zbz.lu\/wp-content\/uploads\/2020\/11\/166.jpg","datePublished":"2020-12-16T15:59:17+00:00","dateModified":"2024-08-29T12:29:54+00:00","description":"Les m\u00e9diateurs inflammatoires des processus inflammatoires de l'os de la m\u00e2choire (NICO) peuvent affecter l'ensemble du corps. Comment traiter les NICO ?","breadcrumb":{"@id":"https:\/\/zbz.lu\/fr\/nico\/#breadcrumb"},"inLanguage":"fr-FR","potentialAction":[{"@type":"ReadAction","target":["https:\/\/zbz.lu\/fr\/nico\/"]}]},{"@type":"ImageObject","inLanguage":"fr-FR","@id":"https:\/\/zbz.lu\/fr\/nico\/#primaryimage","url":"https:\/\/zbz.lu\/wp-content\/uploads\/2020\/11\/166.jpg","contentUrl":"https:\/\/zbz.lu\/wp-content\/uploads\/2020\/11\/166.jpg"},{"@type":"BreadcrumbList","@id":"https:\/\/zbz.lu\/fr\/nico\/#breadcrumb","itemListElement":[{"@type":"ListItem","position":1,"name":"Startseite","item":"https:\/\/zbz.lu\/fr\/home\/"},{"@type":"ListItem","position":2,"name":"Nico"}]},{"@type":"WebSite","@id":"https:\/\/zbz.lu\/fr\/#website","url":"https:\/\/zbz.lu\/fr\/","name":"Lux Biohealth","description":"Zentrum f\u00fcr biologische Zahnmedizin","publisher":{"@id":"https:\/\/zbz.lu\/fr\/#organization"},"potentialAction":[{"@type":"SearchAction","target":{"@type":"EntryPoint","urlTemplate":"https:\/\/zbz.lu\/fr\/?s={search_term_string}"},"query-input":{"@type":"PropertyValueSpecification","valueRequired":true,"valueName":"search_term_string"}}],"inLanguage":"fr-FR"},{"@type":"Organization","@id":"https:\/\/zbz.lu\/fr\/#organization","name":"Lux Biohealth","url":"https:\/\/zbz.lu\/fr\/","logo":{"@type":"ImageObject","inLanguage":"fr-FR","@id":"https:\/\/zbz.lu\/fr\/#\/schema\/logo\/image\/","url":"https:\/\/zbz.lu\/wp-content\/uploads\/2025\/11\/LuxBioHealth4.png","contentUrl":"https:\/\/zbz.lu\/wp-content\/uploads\/2025\/11\/LuxBioHealth4.png","width":1432,"height":374,"caption":"Lux Biohealth"},"image":{"@id":"https:\/\/zbz.lu\/fr\/#\/schema\/logo\/image\/"}}]}},"_links":{"self":[{"href":"https:\/\/zbz.lu\/fr\/wp-json\/wp\/v2\/pages\/694","targetHints":{"allow":["GET"]}}],"collection":[{"href":"https:\/\/zbz.lu\/fr\/wp-json\/wp\/v2\/pages"}],"about":[{"href":"https:\/\/zbz.lu\/fr\/wp-json\/wp\/v2\/types\/page"}],"author":[{"embeddable":true,"href":"https:\/\/zbz.lu\/fr\/wp-json\/wp\/v2\/users\/1"}],"replies":[{"embeddable":true,"href":"https:\/\/zbz.lu\/fr\/wp-json\/wp\/v2\/comments?post=694"}],"version-history":[{"count":2,"href":"https:\/\/zbz.lu\/fr\/wp-json\/wp\/v2\/pages\/694\/revisions"}],"predecessor-version":[{"id":3954,"href":"https:\/\/zbz.lu\/fr\/wp-json\/wp\/v2\/pages\/694\/revisions\/3954"}],"wp:attachment":[{"href":"https:\/\/zbz.lu\/fr\/wp-json\/wp\/v2\/media?parent=694"}],"curies":[{"name":"wp","href":"https:\/\/api.w.org\/{rel}","templated":true}]}}