{"id":2704,"date":"2024-07-12T08:11:14","date_gmt":"2024-07-12T08:11:14","guid":{"rendered":"https:\/\/zbz.lu\/zbz-ambassadors\/"},"modified":"2024-08-29T11:34:52","modified_gmt":"2024-08-29T11:34:52","slug":"zbz-ambassadors","status":"publish","type":"page","link":"https:\/\/zbz.lu\/es\/zbz-ambassadors\/","title":{"rendered":"ZBZ Ambassadors"},"content":{"rendered":"\t\t<div data-elementor-type=\"wp-page\" data-elementor-id=\"2704\" class=\"elementor elementor-2704 elementor-2619\" data-elementor-settings=\"{&quot;ha_cmc_init_switcher&quot;:&quot;no&quot;}\">\n\t\t\t\t<div class=\"elementor-element elementor-element-5281212 e-flex e-con-boxed e-con e-parent\" data-id=\"5281212\" data-element_type=\"container\" data-e-type=\"container\" data-settings=\"{&quot;background_background&quot;:&quot;classic&quot;,&quot;shape_divider_bottom&quot;:&quot;waves&quot;,&quot;_ha_eqh_enable&quot;:false}\">\n\t\t\t\t\t<div class=\"e-con-inner\">\n\t\t\t\t<div class=\"elementor-shape elementor-shape-bottom\" aria-hidden=\"true\" data-negative=\"false\">\n\t\t\t<svg xmlns=\"http:\/\/www.w3.org\/2000\/svg\" viewBox=\"0 0 1000 100\" preserveAspectRatio=\"none\">\n\t<path class=\"elementor-shape-fill\" d=\"M421.9,6.5c22.6-2.5,51.5,0.4,75.5,5.3c23.6,4.9,70.9,23.5,100.5,35.7c75.8,32.2,133.7,44.5,192.6,49.7\n\tc23.6,2.1,48.7,3.5,103.4-2.5c54.7-6,106.2-25.6,106.2-25.6V0H0v30.3c0,0,72,32.6,158.4,30.5c39.2-0.7,92.8-6.7,134-22.4\n\tc21.2-8.1,52.2-18.2,79.7-24.2C399.3,7.9,411.6,7.5,421.9,6.5z\"\/>\n<\/svg>\t\t<\/div>\n\t\t<div class=\"elementor-element elementor-element-761ae58 e-con-full e-flex e-con e-child\" data-id=\"761ae58\" data-element_type=\"container\" data-e-type=\"container\" data-settings=\"{&quot;_ha_eqh_enable&quot;:false}\">\n\t\t\t\t<div class=\"elementor-element elementor-element-815e5b4 lesmarg elementor-widget elementor-widget-heading\" data-id=\"815e5b4\" data-element_type=\"widget\" data-e-type=\"widget\" data-widget_type=\"heading.default\">\n\t\t\t\t<div class=\"elementor-widget-container\">\n\t\t\t\t\t<h1 class=\"elementor-heading-title elementor-size-default\">ZBZ Ambassador<\/h1>\t\t\t\t<\/div>\n\t\t\t\t<\/div>\n\t\t\t\t<div class=\"elementor-element elementor-element-870a58e elementor-widget-divider--view-line elementor-widget elementor-widget-divider\" data-id=\"870a58e\" data-element_type=\"widget\" data-e-type=\"widget\" data-widget_type=\"divider.default\">\n\t\t\t\t<div class=\"elementor-widget-container\">\n\t\t\t\t\t\t\t<div class=\"elementor-divider\">\n\t\t\t<span class=\"elementor-divider-separator\">\n\t\t\t\t\t\t<\/span>\n\t\t<\/div>\n\t\t\t\t\t\t<\/div>\n\t\t\t\t<\/div>\n\t\t\t\t<\/div>\n\t\t\t\t\t<\/div>\n\t\t\t\t<\/div>\n\t\t<div class=\"elementor-element elementor-element-639d871 e-flex e-con-boxed e-con e-parent\" data-id=\"639d871\" data-element_type=\"container\" data-e-type=\"container\" data-settings=\"{&quot;background_background&quot;:&quot;gradient&quot;,&quot;_ha_eqh_enable&quot;:false}\">\n\t\t\t\t\t<div class=\"e-con-inner\">\n\t\t<div class=\"elementor-element elementor-element-15120ff e-con-full e-flex e-con e-child\" data-id=\"15120ff\" data-element_type=\"container\" data-e-type=\"container\" data-settings=\"{&quot;_ha_eqh_enable&quot;:false}\">\n\t\t\t\t<div class=\"elementor-element elementor-element-07a9cae lesmarg elementor-widget elementor-widget-heading\" data-id=\"07a9cae\" data-element_type=\"widget\" data-e-type=\"widget\" data-widget_type=\"heading.default\">\n\t\t\t\t<div class=\"elementor-widget-container\">\n\t\t\t\t\t<h3 class=\"elementor-heading-title elementor-size-default\">Difundir la salud en todo el mundo<\/h3>\t\t\t\t<\/div>\n\t\t\t\t<\/div>\n\t\t\t\t<div class=\"elementor-element elementor-element-d6cf9f8 elementor-widget-divider--view-line elementor-widget elementor-widget-divider\" data-id=\"d6cf9f8\" data-element_type=\"widget\" data-e-type=\"widget\" data-widget_type=\"divider.default\">\n\t\t\t\t<div class=\"elementor-widget-container\">\n\t\t\t\t\t\t\t<div class=\"elementor-divider\">\n\t\t\t<span class=\"elementor-divider-separator\">\n\t\t\t\t\t\t<\/span>\n\t\t<\/div>\n\t\t\t\t\t\t<\/div>\n\t\t\t\t<\/div>\n\t\t<div class=\"elementor-element elementor-element-1a2c1f9 e-con-full e-flex e-con e-child\" data-id=\"1a2c1f9\" data-element_type=\"container\" data-e-type=\"container\" data-settings=\"{&quot;_ha_eqh_enable&quot;:false}\">\n\t\t<div class=\"elementor-element elementor-element-f9578e6 e-con-full e-flex e-con e-child\" data-id=\"f9578e6\" data-element_type=\"container\" data-e-type=\"container\" data-settings=\"{&quot;_ha_eqh_enable&quot;:false}\">\n\t\t\t\t<\/div>\n\t\t<div class=\"elementor-element elementor-element-cdb0445 e-con-full e-flex e-con e-child\" data-id=\"cdb0445\" data-element_type=\"container\" data-e-type=\"container\" data-settings=\"{&quot;_ha_eqh_enable&quot;:false}\">\n\t\t\t\t<div class=\"elementor-element elementor-element-95a4094 nomarg elementor-widget elementor-widget-text-editor\" data-id=\"95a4094\" data-element_type=\"widget\" data-e-type=\"widget\" data-widget_type=\"text-editor.default\">\n\t\t\t\t<div class=\"elementor-widget-container\">\n\t\t\t\t\t\t\t\t\t<p>Nuestros embajadores son fundamentales para nuestra misi\u00f3n en ZBZ, actuando como defensores clave que amplifican la conciencia sobre <strong>nuestras soluciones dentales innovadoras<\/strong> a escala global.<br \/>\nEstos individuos encarnan una profunda pasi\u00f3n por la salud, impulsados por su compromiso de promover nuestra misi\u00f3n de ofrecer productos y servicios de cuidado dental excepcionales. <\/p>\n<p>A trav\u00e9s de sus esfuerzos de defensa, muestran la efectividad y los beneficios de los avances de ZBZ en tecnolog\u00eda dental e inspiran confianza tanto en pacientes como en profesionales.<br \/>\nSu dedicaci\u00f3n va m\u00e1s all\u00e1 de la mera promoci\u00f3n; refleja una creencia compartida en el impacto transformador de las soluciones de cuidado dental superior en <strong>mejorar la salud y el bienestar general en todo el mundo<\/strong>. <\/p>\n\t\t\t\t\t\t\t\t<\/div>\n\t\t\t\t<\/div>\n\t\t\t\t<\/div>\n\t\t<div class=\"elementor-element elementor-element-d6ad911 e-con-full e-flex e-con e-child\" data-id=\"d6ad911\" data-element_type=\"container\" data-e-type=\"container\" data-settings=\"{&quot;_ha_eqh_enable&quot;:false}\">\n\t\t\t\t<\/div>\n\t\t\t\t<\/div>\n\t\t\t\t<\/div>\n\t\t\t\t\t<\/div>\n\t\t\t\t<\/div>\n\t\t<div class=\"elementor-element elementor-element-5abc5e0 e-flex e-con-boxed e-con e-parent\" data-id=\"5abc5e0\" data-element_type=\"container\" data-e-type=\"container\" data-settings=\"{&quot;background_background&quot;:&quot;gradient&quot;,&quot;_ha_eqh_enable&quot;:false}\">\n\t\t\t\t\t<div class=\"e-con-inner\">\n\t\t<div class=\"elementor-element elementor-element-01cc437 e-con-full e-flex e-con e-child\" data-id=\"01cc437\" data-element_type=\"container\" data-e-type=\"container\" data-settings=\"{&quot;_ha_eqh_enable&quot;:false}\">\n\t\t\t\t<div class=\"elementor-element elementor-element-d7faa11 lesmarg elementor-widget elementor-widget-heading\" data-id=\"d7faa11\" data-element_type=\"widget\" data-e-type=\"widget\" data-widget_type=\"heading.default\">\n\t\t\t\t<div class=\"elementor-widget-container\">\n\t\t\t\t\t<h3 class=\"elementor-heading-title elementor-size-default\">Conoce a nuestros embajadores<\/h3>\t\t\t\t<\/div>\n\t\t\t\t<\/div>\n\t\t\t\t<div class=\"elementor-element elementor-element-5069cb0 elementor-widget-divider--view-line elementor-widget elementor-widget-divider\" data-id=\"5069cb0\" data-element_type=\"widget\" data-e-type=\"widget\" data-widget_type=\"divider.default\">\n\t\t\t\t<div class=\"elementor-widget-container\">\n\t\t\t\t\t\t\t<div class=\"elementor-divider\">\n\t\t\t<span class=\"elementor-divider-separator\">\n\t\t\t\t\t\t<\/span>\n\t\t<\/div>\n\t\t\t\t\t\t<\/div>\n\t\t\t\t<\/div>\n\t\t<div class=\"elementor-element elementor-element-7936b77 e-con-full e-flex e-con e-child\" data-id=\"7936b77\" data-element_type=\"container\" data-e-type=\"container\" data-settings=\"{&quot;_ha_eqh_enable&quot;:false}\">\n\t\t<div class=\"elementor-element elementor-element-a4c4afe e-con-full e-flex e-con e-child\" data-id=\"a4c4afe\" data-element_type=\"container\" data-e-type=\"container\" data-settings=\"{&quot;_ha_eqh_enable&quot;:false}\">\n\t\t<div class=\"elementor-element elementor-element-1527610 e-con-full e-flex e-con e-child\" data-id=\"1527610\" data-element_type=\"container\" data-e-type=\"container\" data-settings=\"{&quot;background_background&quot;:&quot;classic&quot;,&quot;_ha_eqh_enable&quot;:false}\">\n\t\t<div class=\"elementor-element elementor-element-b9ddb3c e-con-full e-flex e-con e-child\" data-id=\"b9ddb3c\" data-element_type=\"container\" data-e-type=\"container\" data-settings=\"{&quot;_ha_eqh_enable&quot;:false}\">\n\t\t\t\t<div class=\"elementor-element elementor-element-4e1af04 elementor-widget elementor-widget-image\" data-id=\"4e1af04\" data-element_type=\"widget\" data-e-type=\"widget\" data-widget_type=\"image.default\">\n\t\t\t\t<div class=\"elementor-widget-container\">\n\t\t\t\t\t\t\t\t\t\t\t\t\t\t\t<img decoding=\"async\" src=\"https:\/\/zbz.lu\/wp-content\/uploads\/elementor\/thumbs\/1F7AA367-F4C7-4EC6-B668-C4CB3FCDD639-1-qqzr5lhdx0pceabzwi8fd14y8dectgwzfbwhhvoni8.png\" title=\"1F7AA367-F4C7-4EC6-B668-C4CB3FCDD639 (1)\" alt=\"Joyce Declan ZBZ Ambassador\" loading=\"lazy\" \/>\t\t\t\t\t\t\t\t\t\t\t\t\t\t\t<\/div>\n\t\t\t\t<\/div>\n\t\t\t\t<\/div>\n\t\t<div class=\"elementor-element elementor-element-543cbc5 e-con-full e-flex e-con e-child\" data-id=\"543cbc5\" data-element_type=\"container\" data-e-type=\"container\" data-settings=\"{&quot;_ha_eqh_enable&quot;:false}\">\n\t\t\t\t<div class=\"elementor-element elementor-element-32614ed lesmarg elementor-widget elementor-widget-heading\" data-id=\"32614ed\" data-element_type=\"widget\" data-e-type=\"widget\" data-widget_type=\"heading.default\">\n\t\t\t\t<div class=\"elementor-widget-container\">\n\t\t\t\t\t<h3 class=\"elementor-heading-title elementor-size-default\">Declan Joyce<\/h3>\t\t\t\t<\/div>\n\t\t\t\t<\/div>\n\t\t\t\t<div class=\"elementor-element elementor-element-b6909f9 nomarg elementor-widget elementor-widget-text-editor\" data-id=\"b6909f9\" data-element_type=\"widget\" data-e-type=\"widget\" data-widget_type=\"text-editor.default\">\n\t\t\t\t<div class=\"elementor-widget-container\">\n\t\t\t\t\t\t\t\t\tDeclan Joyce ha actuado en m\u00e1s de 40 pel\u00edculas y programas de televisi\u00f3n de Hollywood.\nEs un partidario del Dr. Schwagten, quien ve su trabajo y cl\u00ednica en Luxemburgo como una cl\u00ednica &#8216;todo en uno&#8217;, siempre buscando las \u00faltimas tecnolog\u00edas en cuidado dental para sus pacientes. \t\t\t\t\t\t\t\t<\/div>\n\t\t\t\t<\/div>\n\t\t\t\t<\/div>\n\t\t\t\t<\/div>\n\t\t\t\t<\/div>\n\t\t\t\t<\/div>\n\t\t\t\t<\/div>\n\t\t\t\t\t<\/div>\n\t\t\t\t<\/div>\n\t\t<div class=\"elementor-element elementor-element-b136f94 e-flex e-con-boxed e-con e-parent\" data-id=\"b136f94\" data-element_type=\"container\" data-e-type=\"container\" data-settings=\"{&quot;background_background&quot;:&quot;gradient&quot;,&quot;_ha_eqh_enable&quot;:false}\">\n\t\t\t\t\t<div class=\"e-con-inner\">\n\t\t<div class=\"elementor-element elementor-element-ff219d1 e-con-full e-flex e-con e-child\" data-id=\"ff219d1\" data-element_type=\"container\" data-e-type=\"container\" data-settings=\"{&quot;_ha_eqh_enable&quot;:false}\">\n\t\t\t\t<div class=\"elementor-element elementor-element-5e7c5e2 lesmarg elementor-widget elementor-widget-heading\" data-id=\"5e7c5e2\" data-element_type=\"widget\" data-e-type=\"widget\" data-widget_type=\"heading.default\">\n\t\t\t\t<div class=\"elementor-widget-container\">\n\t\t\t\t\t<h3 class=\"elementor-heading-title elementor-size-default\">\u00danete a nosotros<\/h3>\t\t\t\t<\/div>\n\t\t\t\t<\/div>\n\t\t\t\t<div class=\"elementor-element elementor-element-5c4c7df elementor-widget-divider--view-line elementor-widget elementor-widget-divider\" data-id=\"5c4c7df\" data-element_type=\"widget\" data-e-type=\"widget\" data-widget_type=\"divider.default\">\n\t\t\t\t<div class=\"elementor-widget-container\">\n\t\t\t\t\t\t\t<div class=\"elementor-divider\">\n\t\t\t<span class=\"elementor-divider-separator\">\n\t\t\t\t\t\t<\/span>\n\t\t<\/div>\n\t\t\t\t\t\t<\/div>\n\t\t\t\t<\/div>\n\t\t<div class=\"elementor-element elementor-element-94b76b2 e-con-full e-flex e-con e-child\" data-id=\"94b76b2\" data-element_type=\"container\" data-e-type=\"container\" data-settings=\"{&quot;_ha_eqh_enable&quot;:false}\">\n\t\t<div class=\"elementor-element elementor-element-0edd9b8 e-con-full e-flex e-con e-child\" data-id=\"0edd9b8\" data-element_type=\"container\" data-e-type=\"container\" data-settings=\"{&quot;_ha_eqh_enable&quot;:false}\">\n\t\t\t\t<\/div>\n\t\t<div class=\"elementor-element elementor-element-61a00bf e-con-full e-flex e-con e-child\" data-id=\"61a00bf\" data-element_type=\"container\" data-e-type=\"container\" data-settings=\"{&quot;_ha_eqh_enable&quot;:false}\">\n\t\t\t\t<div class=\"elementor-element elementor-element-233ace9 nomarg elementor-widget elementor-widget-text-editor\" data-id=\"233ace9\" data-element_type=\"widget\" data-e-type=\"widget\" data-widget_type=\"text-editor.default\">\n\t\t\t\t<div class=\"elementor-widget-container\">\n\t\t\t\t\t\t\t\t\t<p>Siempre estamos buscando personas apasionadas que crean en nuestra misi\u00f3n y quieran marcar la diferencia en el mundo de la salud.\nSi est\u00e1s interesado en convertirte en un Embajador de ZBZ, no dudes en <span style=\"text-decoration: underline;\"><strong><a href=\"https:\/\/zbz.lu\/es\/contacta-con-nosotros\/\">ponerte en contacto con nosotros<\/a><\/strong><\/span> para obtener m\u00e1s informaci\u00f3n sobre esta emocionante oportunidad. <\/p>\n<p>Juntos, con embajadores como Declan Joyce, estamos avanzando en el progreso de la salud y proporcionando soluciones dentales de la m\u00e1xima calidad en todo el mundo.<\/p>\t\t\t\t\t\t\t\t<\/div>\n\t\t\t\t<\/div>\n\t\t\t\t<\/div>\n\t\t<div class=\"elementor-element elementor-element-784ba87 e-con-full e-flex e-con e-child\" data-id=\"784ba87\" data-element_type=\"container\" data-e-type=\"container\" data-settings=\"{&quot;_ha_eqh_enable&quot;:false}\">\n\t\t\t\t<\/div>\n\t\t\t\t<\/div>\n\t\t\t\t<\/div>\n\t\t\t\t\t<\/div>\n\t\t\t\t<\/div>\n\t\t\t\t<\/div>\n\t\t","protected":false},"excerpt":{"rendered":"<p>ZBZ Ambassador Difundir la salud en todo el mundo Nuestros embajadores son fundamentales para nuestra misi\u00f3n en ZBZ, actuando como defensores clave que amplifican la conciencia sobre nuestras soluciones dentales innovadoras a escala global. Estos individuos encarnan una profunda pasi\u00f3n por la salud, impulsados por su compromiso de promover nuestra misi\u00f3n de ofrecer productos y [&hellip;]<\/p>\n","protected":false},"author":2,"featured_media":0,"parent":0,"menu_order":0,"comment_status":"closed","ping_status":"closed","template":"elementor_header_footer","meta":{"ocean_post_layout":"","ocean_both_sidebars_style":"","ocean_both_sidebars_content_width":0,"ocean_both_sidebars_sidebars_width":0,"ocean_sidebar":"0","ocean_second_sidebar":"0","ocean_disable_margins":"enable","ocean_add_body_class":"","ocean_shortcode_before_top_bar":"","ocean_shortcode_after_top_bar":"","ocean_shortcode_before_header":"","ocean_shortcode_after_header":"","ocean_has_shortcode":"","ocean_shortcode_after_title":"","ocean_shortcode_before_footer_widgets":"","ocean_shortcode_after_footer_widgets":"","ocean_shortcode_before_footer_bottom":"","ocean_shortcode_after_footer_bottom":"","ocean_display_top_bar":"default","ocean_display_header":"default","ocean_header_style":"","ocean_center_header_left_menu":"0","ocean_custom_header_template":"0","ocean_custom_logo":0,"ocean_custom_retina_logo":0,"ocean_custom_logo_max_width":0,"ocean_custom_logo_tablet_max_width":0,"ocean_custom_logo_mobile_max_width":0,"ocean_custom_logo_max_height":0,"ocean_custom_logo_tablet_max_height":0,"ocean_custom_logo_mobile_max_height":0,"ocean_header_custom_menu":"0","ocean_menu_typo_font_family":"0","ocean_menu_typo_font_subset":"","ocean_menu_typo_font_size":0,"ocean_menu_typo_font_size_tablet":0,"ocean_menu_typo_font_size_mobile":0,"ocean_menu_typo_font_size_unit":"px","ocean_menu_typo_font_weight":"","ocean_menu_typo_font_weight_tablet":"","ocean_menu_typo_font_weight_mobile":"","ocean_menu_typo_transform":"","ocean_menu_typo_transform_tablet":"","ocean_menu_typo_transform_mobile":"","ocean_menu_typo_line_height":0,"ocean_menu_typo_line_height_tablet":0,"ocean_menu_typo_line_height_mobile":0,"ocean_menu_typo_line_height_unit":"","ocean_menu_typo_spacing":0,"ocean_menu_typo_spacing_tablet":0,"ocean_menu_typo_spacing_mobile":0,"ocean_menu_typo_spacing_unit":"","ocean_menu_link_color":"","ocean_menu_link_color_hover":"","ocean_menu_link_color_active":"","ocean_menu_link_background":"","ocean_menu_link_hover_background":"","ocean_menu_link_active_background":"","ocean_menu_social_links_bg":"","ocean_menu_social_hover_links_bg":"","ocean_menu_social_links_color":"","ocean_menu_social_hover_links_color":"","ocean_disable_title":"default","ocean_disable_heading":"default","ocean_post_title":"","ocean_post_subheading":"","ocean_post_title_style":"","ocean_post_title_background_color":"","ocean_post_title_background":0,"ocean_post_title_bg_image_position":"","ocean_post_title_bg_image_attachment":"","ocean_post_title_bg_image_repeat":"","ocean_post_title_bg_image_size":"","ocean_post_title_height":0,"ocean_post_title_bg_overlay":0.5,"ocean_post_title_bg_overlay_color":"","ocean_disable_breadcrumbs":"default","ocean_breadcrumbs_color":"","ocean_breadcrumbs_separator_color":"","ocean_breadcrumbs_links_color":"","ocean_breadcrumbs_links_hover_color":"","ocean_display_footer_widgets":"default","ocean_display_footer_bottom":"default","ocean_custom_footer_template":"0","footnotes":""},"class_list":["post-2704","page","type-page","status-publish","hentry","entry"],"yoast_head":"<!-- This site is optimized with the Yoast SEO plugin v27.4 - https:\/\/yoast.com\/product\/yoast-seo-wordpress\/ -->\n<title>ZBZ Ambassadors - Lux Biohealth<\/title>\n<meta name=\"description\" content=\"Descubre a los Embajadores de ZBZ promoviendo soluciones dentales excepcionales a nivel mundial. Conoce su misi\u00f3n de avanzar en la salud dental y la innovaci\u00f3n.\" \/>\n<meta name=\"robots\" content=\"noindex, follow\" \/>\n<meta property=\"og:locale\" content=\"es_ES\" \/>\n<meta property=\"og:type\" content=\"article\" \/>\n<meta property=\"og:title\" content=\"ZBZ Ambassadors - Lux Biohealth\" \/>\n<meta property=\"og:description\" content=\"Descubre a los Embajadores de ZBZ promoviendo soluciones dentales excepcionales a nivel mundial. Conoce su misi\u00f3n de avanzar en la salud dental y la innovaci\u00f3n.\" \/>\n<meta property=\"og:url\" content=\"https:\/\/zbz.lu\/es\/zbz-ambassadors\/\" \/>\n<meta property=\"og:site_name\" content=\"Lux Biohealth\" \/>\n<meta property=\"article:modified_time\" content=\"2024-08-29T11:34:52+00:00\" \/>\n<meta property=\"og:image\" content=\"https:\/\/zbz.lu\/wp-content\/uploads\/elementor\/thumbs\/1F7AA367-F4C7-4EC6-B668-C4CB3FCDD639-1-qqzr5lhdx0pceabzwi8fd14y8dectgwzfbwhhvoni8.png\" \/>\n<meta name=\"twitter:card\" content=\"summary_large_image\" \/>\n<meta name=\"twitter:label1\" content=\"Tiempo de lectura\" \/>\n\t<meta name=\"twitter:data1\" content=\"1 minuto\" \/>\n<script type=\"application\/ld+json\" class=\"yoast-schema-graph\">{\"@context\":\"https:\\\/\\\/schema.org\",\"@graph\":[{\"@type\":\"WebPage\",\"@id\":\"https:\\\/\\\/zbz.lu\\\/es\\\/zbz-ambassadors\\\/\",\"url\":\"https:\\\/\\\/zbz.lu\\\/es\\\/zbz-ambassadors\\\/\",\"name\":\"ZBZ Ambassadors - Lux Biohealth\",\"isPartOf\":{\"@id\":\"https:\\\/\\\/zbz.lu\\\/es\\\/#website\"},\"primaryImageOfPage\":{\"@id\":\"https:\\\/\\\/zbz.lu\\\/es\\\/zbz-ambassadors\\\/#primaryimage\"},\"image\":{\"@id\":\"https:\\\/\\\/zbz.lu\\\/es\\\/zbz-ambassadors\\\/#primaryimage\"},\"thumbnailUrl\":\"https:\\\/\\\/zbz.lu\\\/wp-content\\\/uploads\\\/elementor\\\/thumbs\\\/1F7AA367-F4C7-4EC6-B668-C4CB3FCDD639-1-qqzr5lhdx0pceabzwi8fd14y8dectgwzfbwhhvoni8.png\",\"datePublished\":\"2024-07-12T08:11:14+00:00\",\"dateModified\":\"2024-08-29T11:34:52+00:00\",\"description\":\"Descubre a los Embajadores de ZBZ promoviendo soluciones dentales excepcionales a nivel mundial. Conoce su misi\u00f3n de avanzar en la salud dental y la innovaci\u00f3n.\",\"breadcrumb\":{\"@id\":\"https:\\\/\\\/zbz.lu\\\/es\\\/zbz-ambassadors\\\/#breadcrumb\"},\"inLanguage\":\"es\",\"potentialAction\":[{\"@type\":\"ReadAction\",\"target\":[\"https:\\\/\\\/zbz.lu\\\/es\\\/zbz-ambassadors\\\/\"]}]},{\"@type\":\"ImageObject\",\"inLanguage\":\"es\",\"@id\":\"https:\\\/\\\/zbz.lu\\\/es\\\/zbz-ambassadors\\\/#primaryimage\",\"url\":\"https:\\\/\\\/zbz.lu\\\/wp-content\\\/uploads\\\/elementor\\\/thumbs\\\/1F7AA367-F4C7-4EC6-B668-C4CB3FCDD639-1-qqzr5lhdx0pceabzwi8fd14y8dectgwzfbwhhvoni8.png\",\"contentUrl\":\"https:\\\/\\\/zbz.lu\\\/wp-content\\\/uploads\\\/elementor\\\/thumbs\\\/1F7AA367-F4C7-4EC6-B668-C4CB3FCDD639-1-qqzr5lhdx0pceabzwi8fd14y8dectgwzfbwhhvoni8.png\"},{\"@type\":\"BreadcrumbList\",\"@id\":\"https:\\\/\\\/zbz.lu\\\/es\\\/zbz-ambassadors\\\/#breadcrumb\",\"itemListElement\":[{\"@type\":\"ListItem\",\"position\":1,\"name\":\"Startseite\",\"item\":\"https:\\\/\\\/zbz.lu\\\/es\\\/pagina-de-inicio\\\/\"},{\"@type\":\"ListItem\",\"position\":2,\"name\":\"ZBZ Ambassadors\"}]},{\"@type\":\"WebSite\",\"@id\":\"https:\\\/\\\/zbz.lu\\\/es\\\/#website\",\"url\":\"https:\\\/\\\/zbz.lu\\\/es\\\/\",\"name\":\"Lux Biohealth\",\"description\":\"Zentrum f\u00fcr biologische Zahnmedizin\",\"publisher\":{\"@id\":\"https:\\\/\\\/zbz.lu\\\/es\\\/#organization\"},\"potentialAction\":[{\"@type\":\"SearchAction\",\"target\":{\"@type\":\"EntryPoint\",\"urlTemplate\":\"https:\\\/\\\/zbz.lu\\\/es\\\/?s={search_term_string}\"},\"query-input\":{\"@type\":\"PropertyValueSpecification\",\"valueRequired\":true,\"valueName\":\"search_term_string\"}}],\"inLanguage\":\"es\"},{\"@type\":\"Organization\",\"@id\":\"https:\\\/\\\/zbz.lu\\\/es\\\/#organization\",\"name\":\"Lux Biohealth\",\"url\":\"https:\\\/\\\/zbz.lu\\\/es\\\/\",\"logo\":{\"@type\":\"ImageObject\",\"inLanguage\":\"es\",\"@id\":\"https:\\\/\\\/zbz.lu\\\/es\\\/#\\\/schema\\\/logo\\\/image\\\/\",\"url\":\"https:\\\/\\\/zbz.lu\\\/wp-content\\\/uploads\\\/2025\\\/11\\\/LuxBioHealth4.png\",\"contentUrl\":\"https:\\\/\\\/zbz.lu\\\/wp-content\\\/uploads\\\/2025\\\/11\\\/LuxBioHealth4.png\",\"width\":1432,\"height\":374,\"caption\":\"Lux Biohealth\"},\"image\":{\"@id\":\"https:\\\/\\\/zbz.lu\\\/es\\\/#\\\/schema\\\/logo\\\/image\\\/\"}}]}<\/script>\n<!-- \/ Yoast SEO plugin. -->","yoast_head_json":{"title":"ZBZ Ambassadors - Lux Biohealth","description":"Descubre a los Embajadores de ZBZ promoviendo soluciones dentales excepcionales a nivel mundial. Conoce su misi\u00f3n de avanzar en la salud dental y la innovaci\u00f3n.","robots":{"index":"noindex","follow":"follow"},"og_locale":"es_ES","og_type":"article","og_title":"ZBZ Ambassadors - Lux Biohealth","og_description":"Descubre a los Embajadores de ZBZ promoviendo soluciones dentales excepcionales a nivel mundial. Conoce su misi\u00f3n de avanzar en la salud dental y la innovaci\u00f3n.","og_url":"https:\/\/zbz.lu\/es\/zbz-ambassadors\/","og_site_name":"Lux Biohealth","article_modified_time":"2024-08-29T11:34:52+00:00","og_image":[{"url":"https:\/\/zbz.lu\/wp-content\/uploads\/elementor\/thumbs\/1F7AA367-F4C7-4EC6-B668-C4CB3FCDD639-1-qqzr5lhdx0pceabzwi8fd14y8dectgwzfbwhhvoni8.png","type":"","width":"","height":""}],"twitter_card":"summary_large_image","twitter_misc":{"Tiempo de lectura":"1 minuto"},"schema":{"@context":"https:\/\/schema.org","@graph":[{"@type":"WebPage","@id":"https:\/\/zbz.lu\/es\/zbz-ambassadors\/","url":"https:\/\/zbz.lu\/es\/zbz-ambassadors\/","name":"ZBZ Ambassadors - Lux Biohealth","isPartOf":{"@id":"https:\/\/zbz.lu\/es\/#website"},"primaryImageOfPage":{"@id":"https:\/\/zbz.lu\/es\/zbz-ambassadors\/#primaryimage"},"image":{"@id":"https:\/\/zbz.lu\/es\/zbz-ambassadors\/#primaryimage"},"thumbnailUrl":"https:\/\/zbz.lu\/wp-content\/uploads\/elementor\/thumbs\/1F7AA367-F4C7-4EC6-B668-C4CB3FCDD639-1-qqzr5lhdx0pceabzwi8fd14y8dectgwzfbwhhvoni8.png","datePublished":"2024-07-12T08:11:14+00:00","dateModified":"2024-08-29T11:34:52+00:00","description":"Descubre a los Embajadores de ZBZ promoviendo soluciones dentales excepcionales a nivel mundial. Conoce su misi\u00f3n de avanzar en la salud dental y la innovaci\u00f3n.","breadcrumb":{"@id":"https:\/\/zbz.lu\/es\/zbz-ambassadors\/#breadcrumb"},"inLanguage":"es","potentialAction":[{"@type":"ReadAction","target":["https:\/\/zbz.lu\/es\/zbz-ambassadors\/"]}]},{"@type":"ImageObject","inLanguage":"es","@id":"https:\/\/zbz.lu\/es\/zbz-ambassadors\/#primaryimage","url":"https:\/\/zbz.lu\/wp-content\/uploads\/elementor\/thumbs\/1F7AA367-F4C7-4EC6-B668-C4CB3FCDD639-1-qqzr5lhdx0pceabzwi8fd14y8dectgwzfbwhhvoni8.png","contentUrl":"https:\/\/zbz.lu\/wp-content\/uploads\/elementor\/thumbs\/1F7AA367-F4C7-4EC6-B668-C4CB3FCDD639-1-qqzr5lhdx0pceabzwi8fd14y8dectgwzfbwhhvoni8.png"},{"@type":"BreadcrumbList","@id":"https:\/\/zbz.lu\/es\/zbz-ambassadors\/#breadcrumb","itemListElement":[{"@type":"ListItem","position":1,"name":"Startseite","item":"https:\/\/zbz.lu\/es\/pagina-de-inicio\/"},{"@type":"ListItem","position":2,"name":"ZBZ Ambassadors"}]},{"@type":"WebSite","@id":"https:\/\/zbz.lu\/es\/#website","url":"https:\/\/zbz.lu\/es\/","name":"Lux Biohealth","description":"Zentrum f\u00fcr biologische Zahnmedizin","publisher":{"@id":"https:\/\/zbz.lu\/es\/#organization"},"potentialAction":[{"@type":"SearchAction","target":{"@type":"EntryPoint","urlTemplate":"https:\/\/zbz.lu\/es\/?s={search_term_string}"},"query-input":{"@type":"PropertyValueSpecification","valueRequired":true,"valueName":"search_term_string"}}],"inLanguage":"es"},{"@type":"Organization","@id":"https:\/\/zbz.lu\/es\/#organization","name":"Lux Biohealth","url":"https:\/\/zbz.lu\/es\/","logo":{"@type":"ImageObject","inLanguage":"es","@id":"https:\/\/zbz.lu\/es\/#\/schema\/logo\/image\/","url":"https:\/\/zbz.lu\/wp-content\/uploads\/2025\/11\/LuxBioHealth4.png","contentUrl":"https:\/\/zbz.lu\/wp-content\/uploads\/2025\/11\/LuxBioHealth4.png","width":1432,"height":374,"caption":"Lux Biohealth"},"image":{"@id":"https:\/\/zbz.lu\/es\/#\/schema\/logo\/image\/"}}]}},"_links":{"self":[{"href":"https:\/\/zbz.lu\/es\/wp-json\/wp\/v2\/pages\/2704","targetHints":{"allow":["GET"]}}],"collection":[{"href":"https:\/\/zbz.lu\/es\/wp-json\/wp\/v2\/pages"}],"about":[{"href":"https:\/\/zbz.lu\/es\/wp-json\/wp\/v2\/types\/page"}],"author":[{"embeddable":true,"href":"https:\/\/zbz.lu\/es\/wp-json\/wp\/v2\/users\/2"}],"replies":[{"embeddable":true,"href":"https:\/\/zbz.lu\/es\/wp-json\/wp\/v2\/comments?post=2704"}],"version-history":[{"count":4,"href":"https:\/\/zbz.lu\/es\/wp-json\/wp\/v2\/pages\/2704\/revisions"}],"predecessor-version":[{"id":3844,"href":"https:\/\/zbz.lu\/es\/wp-json\/wp\/v2\/pages\/2704\/revisions\/3844"}],"wp:attachment":[{"href":"https:\/\/zbz.lu\/es\/wp-json\/wp\/v2\/media?parent=2704"}],"curies":[{"name":"wp","href":"https:\/\/api.w.org\/{rel}","templated":true}]}}