{"id":2273,"date":"2024-06-20T12:46:15","date_gmt":"2024-06-20T12:46:15","guid":{"rendered":"https:\/\/zbz.lu\/eliminacion-de-amalgamas\/"},"modified":"2024-08-29T12:23:26","modified_gmt":"2024-08-29T12:23:26","slug":"eliminacion-de-amalgamas","status":"publish","type":"page","link":"https:\/\/zbz.lu\/es\/eliminacion-de-amalgamas\/","title":{"rendered":"Eliminaci\u00f3n de amalgamas"},"content":{"rendered":"\t\t<div data-elementor-type=\"wp-page\" data-elementor-id=\"2273\" class=\"elementor elementor-2273 elementor-87\" data-elementor-settings=\"{&quot;ha_cmc_init_switcher&quot;:&quot;no&quot;}\">\n\t\t\t\t\t\t<section class=\"elementor-section elementor-top-section elementor-element elementor-element-27aef21c elementor-section-boxed elementor-section-height-default elementor-section-height-default\" data-id=\"27aef21c\" data-element_type=\"section\" data-e-type=\"section\" data-settings=\"{&quot;background_background&quot;:&quot;classic&quot;,&quot;shape_divider_bottom&quot;:&quot;waves&quot;,&quot;_ha_eqh_enable&quot;:false}\">\n\t\t\t\t\t\t\t<div class=\"elementor-background-overlay\"><\/div>\n\t\t\t\t\t\t<div class=\"elementor-shape elementor-shape-bottom\" aria-hidden=\"true\" data-negative=\"false\">\n\t\t\t<svg xmlns=\"http:\/\/www.w3.org\/2000\/svg\" viewBox=\"0 0 1000 100\" preserveAspectRatio=\"none\">\n\t<path class=\"elementor-shape-fill\" d=\"M421.9,6.5c22.6-2.5,51.5,0.4,75.5,5.3c23.6,4.9,70.9,23.5,100.5,35.7c75.8,32.2,133.7,44.5,192.6,49.7\n\tc23.6,2.1,48.7,3.5,103.4-2.5c54.7-6,106.2-25.6,106.2-25.6V0H0v30.3c0,0,72,32.6,158.4,30.5c39.2-0.7,92.8-6.7,134-22.4\n\tc21.2-8.1,52.2-18.2,79.7-24.2C399.3,7.9,411.6,7.5,421.9,6.5z\"\/>\n<\/svg>\t\t<\/div>\n\t\t\t\t\t<div class=\"elementor-container elementor-column-gap-default\">\n\t\t\t\t\t<div class=\"elementor-column elementor-col-100 elementor-top-column elementor-element elementor-element-6b000f4e\" data-id=\"6b000f4e\" data-element_type=\"column\" data-e-type=\"column\">\n\t\t\t<div class=\"elementor-widget-wrap elementor-element-populated\">\n\t\t\t\t\t\t<div class=\"elementor-element elementor-element-4f6d4518 lesmarg elementor-widget elementor-widget-heading\" data-id=\"4f6d4518\" data-element_type=\"widget\" data-e-type=\"widget\" data-widget_type=\"heading.default\">\n\t\t\t\t<div class=\"elementor-widget-container\">\n\t\t\t\t\t<h1 class=\"elementor-heading-title elementor-size-default\">Eliminaci\u00f3n de amalgamas<br>  Odontolog\u00eda biol\u00f3gica<\/h1>\t\t\t\t<\/div>\n\t\t\t\t<\/div>\n\t\t\t\t<div class=\"elementor-element elementor-element-50bf0c86 elementor-widget-divider--view-line elementor-widget elementor-widget-divider\" data-id=\"50bf0c86\" data-element_type=\"widget\" data-e-type=\"widget\" data-widget_type=\"divider.default\">\n\t\t\t\t<div class=\"elementor-widget-container\">\n\t\t\t\t\t\t\t<div class=\"elementor-divider\">\n\t\t\t<span class=\"elementor-divider-separator\">\n\t\t\t\t\t\t<\/span>\n\t\t<\/div>\n\t\t\t\t\t\t<\/div>\n\t\t\t\t<\/div>\n\t\t\t\t\t<\/div>\n\t\t<\/div>\n\t\t\t\t\t<\/div>\n\t\t<\/section>\n\t\t\t\t<section class=\"elementor-section elementor-top-section elementor-element elementor-element-9e760b3 elementor-section-boxed elementor-section-height-default elementor-section-height-default\" data-id=\"9e760b3\" data-element_type=\"section\" data-e-type=\"section\" data-settings=\"{&quot;_ha_eqh_enable&quot;:false}\">\n\t\t\t\t\t\t<div class=\"elementor-container elementor-column-gap-default\">\n\t\t\t\t\t<div class=\"elementor-column elementor-col-50 elementor-top-column elementor-element elementor-element-7d88172\" data-id=\"7d88172\" data-element_type=\"column\" data-e-type=\"column\">\n\t\t\t<div class=\"elementor-widget-wrap elementor-element-populated\">\n\t\t\t\t\t\t<div class=\"elementor-element elementor-element-eddf5fa elementor-widget elementor-widget-image\" data-id=\"eddf5fa\" data-element_type=\"widget\" data-e-type=\"widget\" data-widget_type=\"image.default\">\n\t\t\t\t<div class=\"elementor-widget-container\">\n\t\t\t\t\t\t\t\t\t\t\t\t\t\t\t<img fetchpriority=\"high\" decoding=\"async\" width=\"700\" height=\"487\" src=\"https:\/\/zbz.lu\/wp-content\/uploads\/2020\/10\/Untitled-2d.jpg\" class=\"attachment-full size-full wp-image-2223\" alt=\"\" srcset=\"https:\/\/zbz.lu\/wp-content\/uploads\/2020\/10\/Untitled-2d.jpg 700w, https:\/\/zbz.lu\/wp-content\/uploads\/2020\/10\/Untitled-2d-300x209.jpg 300w\" sizes=\"(max-width: 700px) 100vw, 700px\" \/>\t\t\t\t\t\t\t\t\t\t\t\t\t\t\t<\/div>\n\t\t\t\t<\/div>\n\t\t\t\t\t<\/div>\n\t\t<\/div>\n\t\t\t\t<div class=\"elementor-column elementor-col-50 elementor-top-column elementor-element elementor-element-1e47ceba\" data-id=\"1e47ceba\" data-element_type=\"column\" data-e-type=\"column\">\n\t\t\t<div class=\"elementor-widget-wrap elementor-element-populated\">\n\t\t\t\t\t\t<div class=\"elementor-element elementor-element-2fb8a8b4 lesmarg elementor-widget elementor-widget-heading\" data-id=\"2fb8a8b4\" data-element_type=\"widget\" data-e-type=\"widget\" data-widget_type=\"heading.default\">\n\t\t\t\t<div class=\"elementor-widget-container\">\n\t\t\t\t\t<h3 class=\"elementor-heading-title elementor-size-default\">\u00bfQu\u00e9 es la amalgama y por qu\u00e9 puede ser problem\u00e1tica?<\/h3>\t\t\t\t<\/div>\n\t\t\t\t<\/div>\n\t\t\t\t<div class=\"elementor-element elementor-element-32e3caf9 elementor-widget-divider--view-line elementor-widget elementor-widget-divider\" data-id=\"32e3caf9\" data-element_type=\"widget\" data-e-type=\"widget\" data-widget_type=\"divider.default\">\n\t\t\t\t<div class=\"elementor-widget-container\">\n\t\t\t\t\t\t\t<div class=\"elementor-divider\">\n\t\t\t<span class=\"elementor-divider-separator\">\n\t\t\t\t\t\t<\/span>\n\t\t<\/div>\n\t\t\t\t\t\t<\/div>\n\t\t\t\t<\/div>\n\t\t\t\t<div class=\"elementor-element elementor-element-62ef06c1 elementor-widget elementor-widget-text-editor\" data-id=\"62ef06c1\" data-element_type=\"widget\" data-e-type=\"widget\" data-widget_type=\"text-editor.default\">\n\t\t\t\t<div class=\"elementor-widget-container\">\n\t\t\t\t\t\t\t\t\t<p style=\"text-align: left; margin-bottom: 10px;\">La amalgama dental es una mezcla de metales. Est\u00e1 formado por mercurio y una aleaci\u00f3n de plata, esta\u00f1o y cobre. El mercurio puede liberarse en la boca y extenderse por todo el cuerpo. Sobre todo si hay otros empastes met\u00e1licos (como el oro). El mercurio es muy t\u00f3xico y potencialmente nocivo para el sistema nervioso y los intestinos. Si da\u00f1a la red celular intestinal, esto puede favorecer a su vez la absorci\u00f3n en otros \u00f3rganos. Las posibles consecuencias van desde problemas digestivos y fatiga hasta dolencias neurol\u00f3gicas o problemas articulares y musculares.<\/p>\n<p style=\"text-align: left;\">Por tanto, en t\u00e9rminos de biodentalidad, la eliminaci\u00f3n de amalgamas pretende detener o prevenir profil\u00e1cticamente los posibles efectos negativos del material sobre el organismo. La interacci\u00f3n biol\u00f3gica de los distintos materiales con el cuerpo humano, especialmente el mercurio, es el centro de este proceso de desintoxicaci\u00f3n.<\/p>\n\t\t\t\t\t\t\t\t<\/div>\n\t\t\t\t<\/div>\n\t\t\t\t\t<\/div>\n\t\t<\/div>\n\t\t\t\t\t<\/div>\n\t\t<\/section>\n\t\t\t\t<section class=\"elementor-section elementor-top-section elementor-element elementor-element-7d319b0 elementor-reverse-mobile elementor-section-boxed elementor-section-height-default elementor-section-height-default\" data-id=\"7d319b0\" data-element_type=\"section\" data-e-type=\"section\" data-settings=\"{&quot;background_background&quot;:&quot;gradient&quot;,&quot;shape_divider_top&quot;:&quot;waves&quot;,&quot;_ha_eqh_enable&quot;:false}\">\n\t\t\t\t\t<div class=\"elementor-shape elementor-shape-top\" aria-hidden=\"true\" data-negative=\"false\">\n\t\t\t<svg xmlns=\"http:\/\/www.w3.org\/2000\/svg\" viewBox=\"0 0 1000 100\" preserveAspectRatio=\"none\">\n\t<path class=\"elementor-shape-fill\" d=\"M421.9,6.5c22.6-2.5,51.5,0.4,75.5,5.3c23.6,4.9,70.9,23.5,100.5,35.7c75.8,32.2,133.7,44.5,192.6,49.7\n\tc23.6,2.1,48.7,3.5,103.4-2.5c54.7-6,106.2-25.6,106.2-25.6V0H0v30.3c0,0,72,32.6,158.4,30.5c39.2-0.7,92.8-6.7,134-22.4\n\tc21.2-8.1,52.2-18.2,79.7-24.2C399.3,7.9,411.6,7.5,421.9,6.5z\"\/>\n<\/svg>\t\t<\/div>\n\t\t\t\t\t<div class=\"elementor-container elementor-column-gap-default\">\n\t\t\t\t\t<div class=\"elementor-column elementor-col-50 elementor-top-column elementor-element elementor-element-581b413\" data-id=\"581b413\" data-element_type=\"column\" data-e-type=\"column\">\n\t\t\t<div class=\"elementor-widget-wrap elementor-element-populated\">\n\t\t\t\t\t\t<div class=\"elementor-element elementor-element-0164b5d lesmarg elementor-widget elementor-widget-heading\" data-id=\"0164b5d\" data-element_type=\"widget\" data-e-type=\"widget\" data-widget_type=\"heading.default\">\n\t\t\t\t<div class=\"elementor-widget-container\">\n\t\t\t\t\t<h3 class=\"elementor-heading-title elementor-size-default\">Eliminaci\u00f3n de amalgamas - tratamiento<\/h3>\t\t\t\t<\/div>\n\t\t\t\t<\/div>\n\t\t\t\t<div class=\"elementor-element elementor-element-7728286 lesmarg elementor-widget elementor-widget-heading\" data-id=\"7728286\" data-element_type=\"widget\" data-e-type=\"widget\" data-widget_type=\"heading.default\">\n\t\t\t\t<div class=\"elementor-widget-container\">\n\t\t\t\t\t<h3 class=\"elementor-heading-title elementor-size-default\">C\u00f3mo funciona la eliminaci\u00f3n<br>  y eliminaci\u00f3n de amalgama?<\/h3>\t\t\t\t<\/div>\n\t\t\t\t<\/div>\n\t\t\t\t<div class=\"elementor-element elementor-element-0f2df50 elementor-widget-divider--view-line elementor-widget elementor-widget-divider\" data-id=\"0f2df50\" data-element_type=\"widget\" data-e-type=\"widget\" data-widget_type=\"divider.default\">\n\t\t\t\t<div class=\"elementor-widget-container\">\n\t\t\t\t\t\t\t<div class=\"elementor-divider\">\n\t\t\t<span class=\"elementor-divider-separator\">\n\t\t\t\t\t\t<\/span>\n\t\t<\/div>\n\t\t\t\t\t\t<\/div>\n\t\t\t\t<\/div>\n\t\t\t\t<div class=\"elementor-element elementor-element-e98bf48 elementor-widget elementor-widget-text-editor\" data-id=\"e98bf48\" data-element_type=\"widget\" data-e-type=\"widget\" data-widget_type=\"text-editor.default\">\n\t\t\t\t<div class=\"elementor-widget-container\">\n\t\t\t\t\t\t\t\t\t<p style=\"text-align: left; margin-bottom: 10px;\">Es importante que el cuerpo est\u00e9 preparado profesionalmente para la eliminaci\u00f3n de las amalgamas. Esto se hace con la ayuda de un protocolo especial de eliminaci\u00f3n, que llevamos a cabo con el producto MerProtect. Contiene fitonutrientes y biomol\u00e9culas espec\u00edficos que, tomados entre dos d\u00edas antes y cuatro d\u00edas despu\u00e9s de la eliminaci\u00f3n de las amalgamas, tienen por objeto favorecer la desintoxicaci\u00f3n del organismo. Esto le permite interceptar y eliminar las sustancias indeseables que no pueden excluirse a pesar de las medidas de protecci\u00f3n.<\/p>\n<p style=\"text-align: left; margin-bottom: 10px;\">Tambi\u00e9n contamos con amplias medidas de protecci\u00f3n durante la propia extracci\u00f3n de la amalgama, para que nuestros pacientes tambi\u00e9n est\u00e9n protegidos del vapor de mercurio que se produce durante este proceso. Una de estas medidas de protecci\u00f3n es el llamado dique de goma, una l\u00e1mina de caucho que protege contra las astillas finas de amalgama u otros fragmentos. Tambi\u00e9n utilizamos la mascarilla de oro Prophy Dent, dise\u00f1ada para atrapar los vapores de mercurio. Este proceso se apoya en el uso de los filtros de ambiente IQ Air y el aspirador Clean-Up. Esto permite la extracci\u00f3n directa y fiable del vapor de mercurio y, por tanto, completa de forma \u00f3ptima las medidas de protecci\u00f3n. Tambi\u00e9n ofrecemos la opci\u00f3n de un preparado con altas dosis de vitamina C, que puede ayudar al propio proceso de desintoxicaci\u00f3n del organismo.<\/p>\n<p style=\"text-align: left; margin-bottom: 0;\">En los procedimientos t\u00e9cnicos de extracci\u00f3n de amalgama tambi\u00e9n se tiene en cuenta el m\u00e1ximo nivel posible de protecci\u00f3n del paciente: Para reducir al m\u00ednimo los vapores de mercurio, la perforaci\u00f3n se realiza con mucho cuidado y a baja velocidad. Los dientes afectados se restauran inmediatamente con un material de obturaci\u00f3n de alta calidad o con una restauraci\u00f3n provisional, en funci\u00f3n de la opci\u00f3n que se haya acordado previamente como mejor soluci\u00f3n para la situaci\u00f3n en cuesti\u00f3n.<\/p>\t\t\t\t\t\t\t\t<\/div>\n\t\t\t\t<\/div>\n\t\t\t\t\t<\/div>\n\t\t<\/div>\n\t\t\t\t<div class=\"elementor-column elementor-col-50 elementor-top-column elementor-element elementor-element-c2899d5\" data-id=\"c2899d5\" data-element_type=\"column\" data-e-type=\"column\">\n\t\t\t<div class=\"elementor-widget-wrap elementor-element-populated\">\n\t\t\t\t\t\t<div class=\"elementor-element elementor-element-e2b6569 elementor-widget elementor-widget-image\" data-id=\"e2b6569\" data-element_type=\"widget\" data-e-type=\"widget\" data-widget_type=\"image.default\">\n\t\t\t\t<div class=\"elementor-widget-container\">\n\t\t\t\t\t\t\t\t\t\t\t\t\t\t\t<img decoding=\"async\" width=\"718\" height=\"722\" src=\"https:\/\/zbz.lu\/wp-content\/uploads\/2020\/11\/fsdbvcc.jpg\" class=\"attachment-full size-full wp-image-2277\" alt=\"\" srcset=\"https:\/\/zbz.lu\/wp-content\/uploads\/2020\/11\/fsdbvcc.jpg 718w, https:\/\/zbz.lu\/wp-content\/uploads\/2020\/11\/fsdbvcc-298x300.jpg 298w, https:\/\/zbz.lu\/wp-content\/uploads\/2020\/11\/fsdbvcc-150x150.jpg 150w\" sizes=\"(max-width: 718px) 100vw, 718px\" \/>\t\t\t\t\t\t\t\t\t\t\t\t\t\t\t<\/div>\n\t\t\t\t<\/div>\n\t\t\t\t\t<\/div>\n\t\t<\/div>\n\t\t\t\t\t<\/div>\n\t\t<\/section>\n\t\t\t\t<\/div>\n\t\t","protected":false},"excerpt":{"rendered":"<p>Eliminaci\u00f3n de amalgamas Odontolog\u00eda biol\u00f3gica \u00bfQu\u00e9 es la amalgama y por qu\u00e9 puede ser problem\u00e1tica? La amalgama dental es una mezcla de metales. Est\u00e1 formado por mercurio y una aleaci\u00f3n de plata, esta\u00f1o y cobre. El mercurio puede liberarse en la boca y extenderse por todo el cuerpo. Sobre todo si hay otros empastes met\u00e1licos [&hellip;]<\/p>\n","protected":false},"author":1,"featured_media":0,"parent":0,"menu_order":0,"comment_status":"closed","ping_status":"closed","template":"elementor_header_footer","meta":{"ocean_post_layout":"","ocean_both_sidebars_style":"","ocean_both_sidebars_content_width":0,"ocean_both_sidebars_sidebars_width":0,"ocean_sidebar":"0","ocean_second_sidebar":"0","ocean_disable_margins":"enable","ocean_add_body_class":"","ocean_shortcode_before_top_bar":"","ocean_shortcode_after_top_bar":"","ocean_shortcode_before_header":"","ocean_shortcode_after_header":"","ocean_has_shortcode":"","ocean_shortcode_after_title":"","ocean_shortcode_before_footer_widgets":"","ocean_shortcode_after_footer_widgets":"","ocean_shortcode_before_footer_bottom":"","ocean_shortcode_after_footer_bottom":"","ocean_display_top_bar":"default","ocean_display_header":"default","ocean_header_style":"","ocean_center_header_left_menu":"0","ocean_custom_header_template":"0","ocean_custom_logo":0,"ocean_custom_retina_logo":0,"ocean_custom_logo_max_width":0,"ocean_custom_logo_tablet_max_width":0,"ocean_custom_logo_mobile_max_width":0,"ocean_custom_logo_max_height":0,"ocean_custom_logo_tablet_max_height":0,"ocean_custom_logo_mobile_max_height":0,"ocean_header_custom_menu":"0","ocean_menu_typo_font_family":"0","ocean_menu_typo_font_subset":"","ocean_menu_typo_font_size":0,"ocean_menu_typo_font_size_tablet":0,"ocean_menu_typo_font_size_mobile":0,"ocean_menu_typo_font_size_unit":"px","ocean_menu_typo_font_weight":"","ocean_menu_typo_font_weight_tablet":"","ocean_menu_typo_font_weight_mobile":"","ocean_menu_typo_transform":"","ocean_menu_typo_transform_tablet":"","ocean_menu_typo_transform_mobile":"","ocean_menu_typo_line_height":0,"ocean_menu_typo_line_height_tablet":0,"ocean_menu_typo_line_height_mobile":0,"ocean_menu_typo_line_height_unit":"","ocean_menu_typo_spacing":0,"ocean_menu_typo_spacing_tablet":0,"ocean_menu_typo_spacing_mobile":0,"ocean_menu_typo_spacing_unit":"","ocean_menu_link_color":"","ocean_menu_link_color_hover":"","ocean_menu_link_color_active":"","ocean_menu_link_background":"","ocean_menu_link_hover_background":"","ocean_menu_link_active_background":"","ocean_menu_social_links_bg":"","ocean_menu_social_hover_links_bg":"","ocean_menu_social_links_color":"","ocean_menu_social_hover_links_color":"","ocean_disable_title":"default","ocean_disable_heading":"default","ocean_post_title":"","ocean_post_subheading":"","ocean_post_title_style":"","ocean_post_title_background_color":"","ocean_post_title_background":0,"ocean_post_title_bg_image_position":"","ocean_post_title_bg_image_attachment":"","ocean_post_title_bg_image_repeat":"","ocean_post_title_bg_image_size":"","ocean_post_title_height":0,"ocean_post_title_bg_overlay":0.5,"ocean_post_title_bg_overlay_color":"","ocean_disable_breadcrumbs":"default","ocean_breadcrumbs_color":"","ocean_breadcrumbs_separator_color":"","ocean_breadcrumbs_links_color":"","ocean_breadcrumbs_links_hover_color":"","ocean_display_footer_widgets":"default","ocean_display_footer_bottom":"default","ocean_custom_footer_template":"0","footnotes":""},"class_list":["post-2273","page","type-page","status-publish","hentry","entry"],"yoast_head":"<!-- This site is optimized with the Yoast SEO plugin v27.3 - https:\/\/yoast.com\/product\/yoast-seo-wordpress\/ -->\n<title>Eliminaci\u00f3n de amalgamas en Lux Biohealth<\/title>\n<meta name=\"description\" content=\"La eliminaci\u00f3n de las amalgamas tiene por objeto detener o prevenir los posibles efectos negativos del material sobre el organismo. \u00a1Mira c\u00f3mo!\" \/>\n<meta name=\"robots\" content=\"index, follow, max-snippet:-1, max-image-preview:large, max-video-preview:-1\" \/>\n<link rel=\"canonical\" href=\"https:\/\/zbz.lu\/es\/eliminacion-de-amalgamas\/\" \/>\n<meta property=\"og:locale\" content=\"es_ES\" \/>\n<meta property=\"og:type\" content=\"article\" \/>\n<meta property=\"og:title\" content=\"Eliminaci\u00f3n de amalgamas en Lux Biohealth\" \/>\n<meta property=\"og:description\" content=\"La eliminaci\u00f3n de las amalgamas tiene por objeto detener o prevenir los posibles efectos negativos del material sobre el organismo. \u00a1Mira c\u00f3mo!\" \/>\n<meta property=\"og:url\" content=\"https:\/\/zbz.lu\/es\/eliminacion-de-amalgamas\/\" \/>\n<meta property=\"og:site_name\" content=\"Lux Biohealth\" \/>\n<meta property=\"article:modified_time\" content=\"2024-08-29T12:23:26+00:00\" \/>\n<meta property=\"og:image\" content=\"https:\/\/zbz.lu\/wp-content\/uploads\/2020\/10\/Untitled-2d.jpg\" \/>\n<meta name=\"twitter:card\" content=\"summary_large_image\" \/>\n<meta name=\"twitter:label1\" content=\"Tiempo de lectura\" \/>\n\t<meta name=\"twitter:data1\" content=\"3 minutos\" \/>\n<script type=\"application\/ld+json\" class=\"yoast-schema-graph\">{\"@context\":\"https:\\\/\\\/schema.org\",\"@graph\":[{\"@type\":\"WebPage\",\"@id\":\"https:\\\/\\\/zbz.lu\\\/es\\\/eliminacion-de-amalgamas\\\/\",\"url\":\"https:\\\/\\\/zbz.lu\\\/es\\\/eliminacion-de-amalgamas\\\/\",\"name\":\"Eliminaci\u00f3n de amalgamas en Lux Biohealth\",\"isPartOf\":{\"@id\":\"https:\\\/\\\/zbz.lu\\\/es\\\/#website\"},\"primaryImageOfPage\":{\"@id\":\"https:\\\/\\\/zbz.lu\\\/es\\\/eliminacion-de-amalgamas\\\/#primaryimage\"},\"image\":{\"@id\":\"https:\\\/\\\/zbz.lu\\\/es\\\/eliminacion-de-amalgamas\\\/#primaryimage\"},\"thumbnailUrl\":\"https:\\\/\\\/zbz.lu\\\/wp-content\\\/uploads\\\/2020\\\/10\\\/Untitled-2d.jpg\",\"datePublished\":\"2024-06-20T12:46:15+00:00\",\"dateModified\":\"2024-08-29T12:23:26+00:00\",\"description\":\"La eliminaci\u00f3n de las amalgamas tiene por objeto detener o prevenir los posibles efectos negativos del material sobre el organismo. \u00a1Mira c\u00f3mo!\",\"breadcrumb\":{\"@id\":\"https:\\\/\\\/zbz.lu\\\/es\\\/eliminacion-de-amalgamas\\\/#breadcrumb\"},\"inLanguage\":\"es\",\"potentialAction\":[{\"@type\":\"ReadAction\",\"target\":[\"https:\\\/\\\/zbz.lu\\\/es\\\/eliminacion-de-amalgamas\\\/\"]}]},{\"@type\":\"ImageObject\",\"inLanguage\":\"es\",\"@id\":\"https:\\\/\\\/zbz.lu\\\/es\\\/eliminacion-de-amalgamas\\\/#primaryimage\",\"url\":\"https:\\\/\\\/zbz.lu\\\/wp-content\\\/uploads\\\/2020\\\/10\\\/Untitled-2d.jpg\",\"contentUrl\":\"https:\\\/\\\/zbz.lu\\\/wp-content\\\/uploads\\\/2020\\\/10\\\/Untitled-2d.jpg\"},{\"@type\":\"BreadcrumbList\",\"@id\":\"https:\\\/\\\/zbz.lu\\\/es\\\/eliminacion-de-amalgamas\\\/#breadcrumb\",\"itemListElement\":[{\"@type\":\"ListItem\",\"position\":1,\"name\":\"Startseite\",\"item\":\"https:\\\/\\\/zbz.lu\\\/es\\\/pagina-de-inicio\\\/\"},{\"@type\":\"ListItem\",\"position\":2,\"name\":\"Eliminaci\u00f3n de amalgamas\"}]},{\"@type\":\"WebSite\",\"@id\":\"https:\\\/\\\/zbz.lu\\\/es\\\/#website\",\"url\":\"https:\\\/\\\/zbz.lu\\\/es\\\/\",\"name\":\"Lux Biohealth\",\"description\":\"Zentrum f\u00fcr biologische Zahnmedizin\",\"publisher\":{\"@id\":\"https:\\\/\\\/zbz.lu\\\/es\\\/#organization\"},\"potentialAction\":[{\"@type\":\"SearchAction\",\"target\":{\"@type\":\"EntryPoint\",\"urlTemplate\":\"https:\\\/\\\/zbz.lu\\\/es\\\/?s={search_term_string}\"},\"query-input\":{\"@type\":\"PropertyValueSpecification\",\"valueRequired\":true,\"valueName\":\"search_term_string\"}}],\"inLanguage\":\"es\"},{\"@type\":\"Organization\",\"@id\":\"https:\\\/\\\/zbz.lu\\\/es\\\/#organization\",\"name\":\"Lux Biohealth\",\"url\":\"https:\\\/\\\/zbz.lu\\\/es\\\/\",\"logo\":{\"@type\":\"ImageObject\",\"inLanguage\":\"es\",\"@id\":\"https:\\\/\\\/zbz.lu\\\/es\\\/#\\\/schema\\\/logo\\\/image\\\/\",\"url\":\"https:\\\/\\\/zbz.lu\\\/wp-content\\\/uploads\\\/2025\\\/11\\\/LuxBioHealth4.png\",\"contentUrl\":\"https:\\\/\\\/zbz.lu\\\/wp-content\\\/uploads\\\/2025\\\/11\\\/LuxBioHealth4.png\",\"width\":1432,\"height\":374,\"caption\":\"Lux Biohealth\"},\"image\":{\"@id\":\"https:\\\/\\\/zbz.lu\\\/es\\\/#\\\/schema\\\/logo\\\/image\\\/\"}}]}<\/script>\n<!-- \/ Yoast SEO plugin. -->","yoast_head_json":{"title":"Eliminaci\u00f3n de amalgamas en Lux Biohealth","description":"La eliminaci\u00f3n de las amalgamas tiene por objeto detener o prevenir los posibles efectos negativos del material sobre el organismo. \u00a1Mira c\u00f3mo!","robots":{"index":"index","follow":"follow","max-snippet":"max-snippet:-1","max-image-preview":"max-image-preview:large","max-video-preview":"max-video-preview:-1"},"canonical":"https:\/\/zbz.lu\/es\/eliminacion-de-amalgamas\/","og_locale":"es_ES","og_type":"article","og_title":"Eliminaci\u00f3n de amalgamas en Lux Biohealth","og_description":"La eliminaci\u00f3n de las amalgamas tiene por objeto detener o prevenir los posibles efectos negativos del material sobre el organismo. \u00a1Mira c\u00f3mo!","og_url":"https:\/\/zbz.lu\/es\/eliminacion-de-amalgamas\/","og_site_name":"Lux Biohealth","article_modified_time":"2024-08-29T12:23:26+00:00","og_image":[{"url":"https:\/\/zbz.lu\/wp-content\/uploads\/2020\/10\/Untitled-2d.jpg","type":"","width":"","height":""}],"twitter_card":"summary_large_image","twitter_misc":{"Tiempo de lectura":"3 minutos"},"schema":{"@context":"https:\/\/schema.org","@graph":[{"@type":"WebPage","@id":"https:\/\/zbz.lu\/es\/eliminacion-de-amalgamas\/","url":"https:\/\/zbz.lu\/es\/eliminacion-de-amalgamas\/","name":"Eliminaci\u00f3n de amalgamas en Lux Biohealth","isPartOf":{"@id":"https:\/\/zbz.lu\/es\/#website"},"primaryImageOfPage":{"@id":"https:\/\/zbz.lu\/es\/eliminacion-de-amalgamas\/#primaryimage"},"image":{"@id":"https:\/\/zbz.lu\/es\/eliminacion-de-amalgamas\/#primaryimage"},"thumbnailUrl":"https:\/\/zbz.lu\/wp-content\/uploads\/2020\/10\/Untitled-2d.jpg","datePublished":"2024-06-20T12:46:15+00:00","dateModified":"2024-08-29T12:23:26+00:00","description":"La eliminaci\u00f3n de las amalgamas tiene por objeto detener o prevenir los posibles efectos negativos del material sobre el organismo. \u00a1Mira c\u00f3mo!","breadcrumb":{"@id":"https:\/\/zbz.lu\/es\/eliminacion-de-amalgamas\/#breadcrumb"},"inLanguage":"es","potentialAction":[{"@type":"ReadAction","target":["https:\/\/zbz.lu\/es\/eliminacion-de-amalgamas\/"]}]},{"@type":"ImageObject","inLanguage":"es","@id":"https:\/\/zbz.lu\/es\/eliminacion-de-amalgamas\/#primaryimage","url":"https:\/\/zbz.lu\/wp-content\/uploads\/2020\/10\/Untitled-2d.jpg","contentUrl":"https:\/\/zbz.lu\/wp-content\/uploads\/2020\/10\/Untitled-2d.jpg"},{"@type":"BreadcrumbList","@id":"https:\/\/zbz.lu\/es\/eliminacion-de-amalgamas\/#breadcrumb","itemListElement":[{"@type":"ListItem","position":1,"name":"Startseite","item":"https:\/\/zbz.lu\/es\/pagina-de-inicio\/"},{"@type":"ListItem","position":2,"name":"Eliminaci\u00f3n de amalgamas"}]},{"@type":"WebSite","@id":"https:\/\/zbz.lu\/es\/#website","url":"https:\/\/zbz.lu\/es\/","name":"Lux Biohealth","description":"Zentrum f\u00fcr biologische Zahnmedizin","publisher":{"@id":"https:\/\/zbz.lu\/es\/#organization"},"potentialAction":[{"@type":"SearchAction","target":{"@type":"EntryPoint","urlTemplate":"https:\/\/zbz.lu\/es\/?s={search_term_string}"},"query-input":{"@type":"PropertyValueSpecification","valueRequired":true,"valueName":"search_term_string"}}],"inLanguage":"es"},{"@type":"Organization","@id":"https:\/\/zbz.lu\/es\/#organization","name":"Lux Biohealth","url":"https:\/\/zbz.lu\/es\/","logo":{"@type":"ImageObject","inLanguage":"es","@id":"https:\/\/zbz.lu\/es\/#\/schema\/logo\/image\/","url":"https:\/\/zbz.lu\/wp-content\/uploads\/2025\/11\/LuxBioHealth4.png","contentUrl":"https:\/\/zbz.lu\/wp-content\/uploads\/2025\/11\/LuxBioHealth4.png","width":1432,"height":374,"caption":"Lux Biohealth"},"image":{"@id":"https:\/\/zbz.lu\/es\/#\/schema\/logo\/image\/"}}]}},"_links":{"self":[{"href":"https:\/\/zbz.lu\/es\/wp-json\/wp\/v2\/pages\/2273","targetHints":{"allow":["GET"]}}],"collection":[{"href":"https:\/\/zbz.lu\/es\/wp-json\/wp\/v2\/pages"}],"about":[{"href":"https:\/\/zbz.lu\/es\/wp-json\/wp\/v2\/types\/page"}],"author":[{"embeddable":true,"href":"https:\/\/zbz.lu\/es\/wp-json\/wp\/v2\/users\/1"}],"replies":[{"embeddable":true,"href":"https:\/\/zbz.lu\/es\/wp-json\/wp\/v2\/comments?post=2273"}],"version-history":[{"count":3,"href":"https:\/\/zbz.lu\/es\/wp-json\/wp\/v2\/pages\/2273\/revisions"}],"predecessor-version":[{"id":3933,"href":"https:\/\/zbz.lu\/es\/wp-json\/wp\/v2\/pages\/2273\/revisions\/3933"}],"wp:attachment":[{"href":"https:\/\/zbz.lu\/es\/wp-json\/wp\/v2\/media?parent=2273"}],"curies":[{"name":"wp","href":"https:\/\/api.w.org\/{rel}","templated":true}]}}