{"id":3512,"date":"2020-10-21T08:52:56","date_gmt":"2020-10-21T08:52:56","guid":{"rendered":"https:\/\/zbz.lu\/amalgamentfernung\/"},"modified":"2024-08-29T12:23:10","modified_gmt":"2024-08-29T12:23:10","slug":"amalgamentfernung","status":"publish","type":"page","link":"https:\/\/zbz.lu\/de-ch\/amalgamentfernung\/","title":{"rendered":"Amalgamentfernung"},"content":{"rendered":"\t\t<div data-elementor-type=\"wp-page\" data-elementor-id=\"3512\" class=\"elementor elementor-3512 elementor-87\" data-elementor-settings=\"{&quot;ha_cmc_init_switcher&quot;:&quot;no&quot;}\">\n\t\t\t\t\t\t<section class=\"elementor-section elementor-top-section elementor-element elementor-element-27aef21c elementor-section-boxed elementor-section-height-default elementor-section-height-default\" data-id=\"27aef21c\" data-element_type=\"section\" data-e-type=\"section\" data-settings=\"{&quot;background_background&quot;:&quot;classic&quot;,&quot;shape_divider_bottom&quot;:&quot;waves&quot;,&quot;_ha_eqh_enable&quot;:false}\">\n\t\t\t\t\t\t\t<div class=\"elementor-background-overlay\"><\/div>\n\t\t\t\t\t\t<div class=\"elementor-shape elementor-shape-bottom\" aria-hidden=\"true\" data-negative=\"false\">\n\t\t\t<svg xmlns=\"http:\/\/www.w3.org\/2000\/svg\" viewBox=\"0 0 1000 100\" preserveAspectRatio=\"none\">\n\t<path class=\"elementor-shape-fill\" d=\"M421.9,6.5c22.6-2.5,51.5,0.4,75.5,5.3c23.6,4.9,70.9,23.5,100.5,35.7c75.8,32.2,133.7,44.5,192.6,49.7\n\tc23.6,2.1,48.7,3.5,103.4-2.5c54.7-6,106.2-25.6,106.2-25.6V0H0v30.3c0,0,72,32.6,158.4,30.5c39.2-0.7,92.8-6.7,134-22.4\n\tc21.2-8.1,52.2-18.2,79.7-24.2C399.3,7.9,411.6,7.5,421.9,6.5z\"\/>\n<\/svg>\t\t<\/div>\n\t\t\t\t\t<div class=\"elementor-container elementor-column-gap-default\">\n\t\t\t\t\t<div class=\"elementor-column elementor-col-100 elementor-top-column elementor-element elementor-element-6b000f4e\" data-id=\"6b000f4e\" data-element_type=\"column\" data-e-type=\"column\">\n\t\t\t<div class=\"elementor-widget-wrap elementor-element-populated\">\n\t\t\t\t\t\t<div class=\"elementor-element elementor-element-4f6d4518 lesmarg elementor-widget elementor-widget-heading\" data-id=\"4f6d4518\" data-element_type=\"widget\" data-e-type=\"widget\" data-widget_type=\"heading.default\">\n\t\t\t\t<div class=\"elementor-widget-container\">\n\t\t\t\t\t<h1 class=\"elementor-heading-title elementor-size-default\">Amalgamentfernung<br \/> biologische Zahnmedizin<\/h1>\t\t\t\t<\/div>\n\t\t\t\t<\/div>\n\t\t\t\t<div class=\"elementor-element elementor-element-50bf0c86 elementor-widget-divider--view-line elementor-widget elementor-widget-divider\" data-id=\"50bf0c86\" data-element_type=\"widget\" data-e-type=\"widget\" data-widget_type=\"divider.default\">\n\t\t\t\t<div class=\"elementor-widget-container\">\n\t\t\t\t\t\t\t<div class=\"elementor-divider\">\n\t\t\t<span class=\"elementor-divider-separator\">\n\t\t\t\t\t\t<\/span>\n\t\t<\/div>\n\t\t\t\t\t\t<\/div>\n\t\t\t\t<\/div>\n\t\t\t\t\t<\/div>\n\t\t<\/div>\n\t\t\t\t\t<\/div>\n\t\t<\/section>\n\t\t\t\t<section class=\"elementor-section elementor-top-section elementor-element elementor-element-9e760b3 elementor-section-boxed elementor-section-height-default elementor-section-height-default\" data-id=\"9e760b3\" data-element_type=\"section\" data-e-type=\"section\" data-settings=\"{&quot;_ha_eqh_enable&quot;:false}\">\n\t\t\t\t\t\t<div class=\"elementor-container elementor-column-gap-default\">\n\t\t\t\t\t<div class=\"elementor-column elementor-col-50 elementor-top-column elementor-element elementor-element-7d88172\" data-id=\"7d88172\" data-element_type=\"column\" data-e-type=\"column\">\n\t\t\t<div class=\"elementor-widget-wrap elementor-element-populated\">\n\t\t\t\t\t\t<div class=\"elementor-element elementor-element-eddf5fa elementor-widget elementor-widget-image\" data-id=\"eddf5fa\" data-element_type=\"widget\" data-e-type=\"widget\" data-widget_type=\"image.default\">\n\t\t\t\t<div class=\"elementor-widget-container\">\n\t\t\t\t\t\t\t\t\t\t\t\t\t\t\t<img fetchpriority=\"high\" decoding=\"async\" width=\"700\" height=\"487\" src=\"https:\/\/zbz.lu\/wp-content\/uploads\/2020\/10\/Untitled-2d.jpg\" class=\"attachment-full size-full wp-image-3544\" alt=\"\" srcset=\"https:\/\/zbz.lu\/wp-content\/uploads\/2020\/10\/Untitled-2d.jpg 700w, https:\/\/zbz.lu\/wp-content\/uploads\/2020\/10\/Untitled-2d-300x209.jpg 300w\" sizes=\"(max-width: 700px) 100vw, 700px\" \/>\t\t\t\t\t\t\t\t\t\t\t\t\t\t\t<\/div>\n\t\t\t\t<\/div>\n\t\t\t\t\t<\/div>\n\t\t<\/div>\n\t\t\t\t<div class=\"elementor-column elementor-col-50 elementor-top-column elementor-element elementor-element-1e47ceba\" data-id=\"1e47ceba\" data-element_type=\"column\" data-e-type=\"column\">\n\t\t\t<div class=\"elementor-widget-wrap elementor-element-populated\">\n\t\t\t\t\t\t<div class=\"elementor-element elementor-element-2fb8a8b4 lesmarg elementor-widget elementor-widget-heading\" data-id=\"2fb8a8b4\" data-element_type=\"widget\" data-e-type=\"widget\" data-widget_type=\"heading.default\">\n\t\t\t\t<div class=\"elementor-widget-container\">\n\t\t\t\t\t<h3 class=\"elementor-heading-title elementor-size-default\">Was ist Amalgam und warum kann es problematisch sein?<\/h3>\t\t\t\t<\/div>\n\t\t\t\t<\/div>\n\t\t\t\t<div class=\"elementor-element elementor-element-32e3caf9 elementor-widget-divider--view-line elementor-widget elementor-widget-divider\" data-id=\"32e3caf9\" data-element_type=\"widget\" data-e-type=\"widget\" data-widget_type=\"divider.default\">\n\t\t\t\t<div class=\"elementor-widget-container\">\n\t\t\t\t\t\t\t<div class=\"elementor-divider\">\n\t\t\t<span class=\"elementor-divider-separator\">\n\t\t\t\t\t\t<\/span>\n\t\t<\/div>\n\t\t\t\t\t\t<\/div>\n\t\t\t\t<\/div>\n\t\t\t\t<div class=\"elementor-element elementor-element-62ef06c1 elementor-widget elementor-widget-text-editor\" data-id=\"62ef06c1\" data-element_type=\"widget\" data-e-type=\"widget\" data-widget_type=\"text-editor.default\">\n\t\t\t\t<div class=\"elementor-widget-container\">\n\t\t\t\t\t\t\t\t\t<p style=\"text-align: left; margin-bottom: 10px;\">Bei Dentalamalgam handelt es sich um ein Metallgemisch. Es besteht aus Quecksilber und einer Silber-Zinn-Kupfer-Legierung. Das Quecksilber kann sich im Mundraum freisetzen und im K\u00f6rper verteilen. Dies ist insbesondere dann der Fall, wenn noch andere F\u00fcllungen aus Metall (etwa Gold) vorliegen. Das Quecksilber ist hochtoxisch und ist potenziell sch\u00e4dlich f\u00fcr das Nervensystem und den Darm. Wenn es den Darmzellverbund sch\u00e4digt, kann dies wiederum die Aufnahme in andere Organe f\u00f6rdern. Die m\u00f6glichen Folgen reichen von Verdauungsbeschwerden \u00fcber M\u00fcdigkeit bis hin zu neurologischen Beschwerden oder Gelenk- und Muskelproblemen.<\/p>\n<p style=\"text-align: left;\">Im Sinne der Bio-Zahnmedizin hat eine Amalgamentfernung daher das Ziel, die m\u00f6glichen negativen Auswirkungen des Materials auf den Organismus zu stoppen oder prophylaktisch zu verhindern. Im Vordergrund dieser Ausleitung steht die biologische Wechselwirkung der verschiedenen Materialien mit dem menschlichen K\u00f6rper, vor allem des Quecksilbers.<\/p>\n\t\t\t\t\t\t\t\t<\/div>\n\t\t\t\t<\/div>\n\t\t\t\t\t<\/div>\n\t\t<\/div>\n\t\t\t\t\t<\/div>\n\t\t<\/section>\n\t\t\t\t<section class=\"elementor-section elementor-top-section elementor-element elementor-element-7d319b0 elementor-reverse-mobile elementor-section-boxed elementor-section-height-default elementor-section-height-default\" data-id=\"7d319b0\" data-element_type=\"section\" data-e-type=\"section\" data-settings=\"{&quot;background_background&quot;:&quot;gradient&quot;,&quot;shape_divider_top&quot;:&quot;waves&quot;,&quot;_ha_eqh_enable&quot;:false}\">\n\t\t\t\t\t<div class=\"elementor-shape elementor-shape-top\" aria-hidden=\"true\" data-negative=\"false\">\n\t\t\t<svg xmlns=\"http:\/\/www.w3.org\/2000\/svg\" viewBox=\"0 0 1000 100\" preserveAspectRatio=\"none\">\n\t<path class=\"elementor-shape-fill\" d=\"M421.9,6.5c22.6-2.5,51.5,0.4,75.5,5.3c23.6,4.9,70.9,23.5,100.5,35.7c75.8,32.2,133.7,44.5,192.6,49.7\n\tc23.6,2.1,48.7,3.5,103.4-2.5c54.7-6,106.2-25.6,106.2-25.6V0H0v30.3c0,0,72,32.6,158.4,30.5c39.2-0.7,92.8-6.7,134-22.4\n\tc21.2-8.1,52.2-18.2,79.7-24.2C399.3,7.9,411.6,7.5,421.9,6.5z\"\/>\n<\/svg>\t\t<\/div>\n\t\t\t\t\t<div class=\"elementor-container elementor-column-gap-default\">\n\t\t\t\t\t<div class=\"elementor-column elementor-col-50 elementor-top-column elementor-element elementor-element-581b413\" data-id=\"581b413\" data-element_type=\"column\" data-e-type=\"column\">\n\t\t\t<div class=\"elementor-widget-wrap elementor-element-populated\">\n\t\t\t\t\t\t<div class=\"elementor-element elementor-element-0164b5d lesmarg elementor-widget elementor-widget-heading\" data-id=\"0164b5d\" data-element_type=\"widget\" data-e-type=\"widget\" data-widget_type=\"heading.default\">\n\t\t\t\t<div class=\"elementor-widget-container\">\n\t\t\t\t\t<h3 class=\"elementor-heading-title elementor-size-default\">Amalgamentfernung \u2013 Behandlung<\/h3>\t\t\t\t<\/div>\n\t\t\t\t<\/div>\n\t\t\t\t<div class=\"elementor-element elementor-element-7728286 lesmarg elementor-widget elementor-widget-heading\" data-id=\"7728286\" data-element_type=\"widget\" data-e-type=\"widget\" data-widget_type=\"heading.default\">\n\t\t\t\t<div class=\"elementor-widget-container\">\n\t\t\t\t\t<h3 class=\"elementor-heading-title elementor-size-default\">Wie funktioniert die Entfernung<br \/> und Ausleitung von Amalgam?<\/h3>\t\t\t\t<\/div>\n\t\t\t\t<\/div>\n\t\t\t\t<div class=\"elementor-element elementor-element-0f2df50 elementor-widget-divider--view-line elementor-widget elementor-widget-divider\" data-id=\"0f2df50\" data-element_type=\"widget\" data-e-type=\"widget\" data-widget_type=\"divider.default\">\n\t\t\t\t<div class=\"elementor-widget-container\">\n\t\t\t\t\t\t\t<div class=\"elementor-divider\">\n\t\t\t<span class=\"elementor-divider-separator\">\n\t\t\t\t\t\t<\/span>\n\t\t<\/div>\n\t\t\t\t\t\t<\/div>\n\t\t\t\t<\/div>\n\t\t\t\t<div class=\"elementor-element elementor-element-e98bf48 elementor-widget elementor-widget-text-editor\" data-id=\"e98bf48\" data-element_type=\"widget\" data-e-type=\"widget\" data-widget_type=\"text-editor.default\">\n\t\t\t\t<div class=\"elementor-widget-container\">\n\t\t\t\t\t\t\t\t\t<p style=\"text-align: left; margin-bottom: 10px;\">Wichtig ist, dass der Organismus professionell auf die Amalgamentfernung vorbereitet wird. Dies geschieht mithilfe eines speziellen Ausleitungsprotokolls, welches wir mit dem Produkt MerProtect durchf\u00fchren. Dieses enth\u00e4lt gezielte Phyton\u00e4hrstoffe und Biomolek\u00fcle, die bei einer Einnahme zwei Tage vor bis vier Tage nach der Entfernung des Amalgams die Entgiftung des K\u00f6rpers f\u00f6rdern soll. Dieser ist so in der Lage, unerw\u00fcnschte Substanzen, die trotz Schutzma\u00dfnahmen nicht ausgeschlossen werden k\u00f6nnen, abzufangen und auszuscheiden.<\/p>\n<p style=\"text-align: left; margin-bottom: 10px;\">Wir setzen dar\u00fcber hinaus auf umfangreiche Schutzma\u00dfnahmen w\u00e4hrend der eigentlichen Entfernung des Amalgams, sodass unsere Patienten auch vor dem Quecksilberdampf gesch\u00fctzt sind, der hierbei entsteht. Eine dieser Schutzma\u00dfnahmen stellt der sogenannte Kofferdam dar, ein Gummispanntuch, das vor feinen Amalgamsp\u00e4nen oder anderen Fragmenten sch\u00fctzt. Zum Einsatz kommt in unseren R\u00e4umlichkeiten au\u00dferdem die Prophy Dent Goldmaske, die Quecksilberd\u00e4mpfe abfangen soll. Unterst\u00fctzt wird dieser Prozess durch die Verwendung von IQ Air Raumfilter und den Clean-Up-Sauger. Dieser erm\u00f6glicht das direkte und zuverl\u00e4ssige Absaugen des Quecksilberdampfs und rundet somit die Schutzma\u00dfnahmen optimal ab. Optional bieten wir die Versorgung mit einem hochdosierten Vitamin-C-Pr\u00e4parat an, welche die k\u00f6rpereigene Entgiftung unterst\u00fctzen kann.<\/p>\n<p style=\"text-align: left; margin-bottom: 0;\">Und auch bei den technischen Vorg\u00e4ngen der Amalgamentfernung wird auf einen h\u00f6chstm\u00f6glichen Schutz der Patienten geachtet: Um die Quecksilberd\u00e4mpfe gering zu halten, wird sehr vorsichtig mit einer niedrigen Drehzahl gebohrt. Die betroffenen Z\u00e4hne werden sogleich mit einem hochwertigen F\u00fcllungsmaterial oder einem Provisorium versorgt \u2013 je nachdem, welche Option vorher als beste L\u00f6sung f\u00fcr die jeweilige Situation vereinbart wurde.<\/p>\t\t\t\t\t\t\t\t<\/div>\n\t\t\t\t<\/div>\n\t\t\t\t\t<\/div>\n\t\t<\/div>\n\t\t\t\t<div class=\"elementor-column elementor-col-50 elementor-top-column elementor-element elementor-element-c2899d5\" data-id=\"c2899d5\" data-element_type=\"column\" data-e-type=\"column\">\n\t\t\t<div class=\"elementor-widget-wrap elementor-element-populated\">\n\t\t\t\t\t\t<div class=\"elementor-element elementor-element-e2b6569 elementor-widget elementor-widget-image\" data-id=\"e2b6569\" data-element_type=\"widget\" data-e-type=\"widget\" data-widget_type=\"image.default\">\n\t\t\t\t<div class=\"elementor-widget-container\">\n\t\t\t\t\t\t\t\t\t\t\t\t\t\t\t<img decoding=\"async\" width=\"718\" height=\"722\" src=\"https:\/\/zbz.lu\/wp-content\/uploads\/2020\/11\/fsdbvcc.jpg\" class=\"attachment-full size-full wp-image-3526\" alt=\"\" srcset=\"https:\/\/zbz.lu\/wp-content\/uploads\/2020\/11\/fsdbvcc.jpg 718w, https:\/\/zbz.lu\/wp-content\/uploads\/2020\/11\/fsdbvcc-298x300.jpg 298w, https:\/\/zbz.lu\/wp-content\/uploads\/2020\/11\/fsdbvcc-150x150.jpg 150w\" sizes=\"(max-width: 718px) 100vw, 718px\" \/>\t\t\t\t\t\t\t\t\t\t\t\t\t\t\t<\/div>\n\t\t\t\t<\/div>\n\t\t\t\t\t<\/div>\n\t\t<\/div>\n\t\t\t\t\t<\/div>\n\t\t<\/section>\n\t\t\t\t<\/div>\n\t\t","protected":false},"excerpt":{"rendered":"<p>Amalgamentfernung biologische Zahnmedizin Was ist Amalgam und warum kann es problematisch sein? Bei Dentalamalgam handelt es sich um ein Metallgemisch. Es besteht aus Quecksilber und einer Silber-Zinn-Kupfer-Legierung. Das Quecksilber kann sich im Mundraum freisetzen und im K\u00f6rper verteilen. Dies ist insbesondere dann der Fall, wenn noch andere F\u00fcllungen aus Metall (etwa Gold) vorliegen. Das Quecksilber [&hellip;]<\/p>\n","protected":false},"author":1,"featured_media":0,"parent":0,"menu_order":0,"comment_status":"closed","ping_status":"closed","template":"elementor_header_footer","meta":{"ocean_post_layout":"","ocean_both_sidebars_style":"","ocean_both_sidebars_content_width":0,"ocean_both_sidebars_sidebars_width":0,"ocean_sidebar":"0","ocean_second_sidebar":"0","ocean_disable_margins":"enable","ocean_add_body_class":"","ocean_shortcode_before_top_bar":"","ocean_shortcode_after_top_bar":"","ocean_shortcode_before_header":"","ocean_shortcode_after_header":"","ocean_has_shortcode":"","ocean_shortcode_after_title":"","ocean_shortcode_before_footer_widgets":"","ocean_shortcode_after_footer_widgets":"","ocean_shortcode_before_footer_bottom":"","ocean_shortcode_after_footer_bottom":"","ocean_display_top_bar":"default","ocean_display_header":"default","ocean_header_style":"","ocean_center_header_left_menu":"0","ocean_custom_header_template":"0","ocean_custom_logo":0,"ocean_custom_retina_logo":0,"ocean_custom_logo_max_width":0,"ocean_custom_logo_tablet_max_width":0,"ocean_custom_logo_mobile_max_width":0,"ocean_custom_logo_max_height":0,"ocean_custom_logo_tablet_max_height":0,"ocean_custom_logo_mobile_max_height":0,"ocean_header_custom_menu":"0","ocean_menu_typo_font_family":"0","ocean_menu_typo_font_subset":"","ocean_menu_typo_font_size":0,"ocean_menu_typo_font_size_tablet":0,"ocean_menu_typo_font_size_mobile":0,"ocean_menu_typo_font_size_unit":"px","ocean_menu_typo_font_weight":"","ocean_menu_typo_font_weight_tablet":"","ocean_menu_typo_font_weight_mobile":"","ocean_menu_typo_transform":"","ocean_menu_typo_transform_tablet":"","ocean_menu_typo_transform_mobile":"","ocean_menu_typo_line_height":0,"ocean_menu_typo_line_height_tablet":0,"ocean_menu_typo_line_height_mobile":0,"ocean_menu_typo_line_height_unit":"","ocean_menu_typo_spacing":0,"ocean_menu_typo_spacing_tablet":0,"ocean_menu_typo_spacing_mobile":0,"ocean_menu_typo_spacing_unit":"","ocean_menu_link_color":"","ocean_menu_link_color_hover":"","ocean_menu_link_color_active":"","ocean_menu_link_background":"","ocean_menu_link_hover_background":"","ocean_menu_link_active_background":"","ocean_menu_social_links_bg":"","ocean_menu_social_hover_links_bg":"","ocean_menu_social_links_color":"","ocean_menu_social_hover_links_color":"","ocean_disable_title":"default","ocean_disable_heading":"default","ocean_post_title":"","ocean_post_subheading":"","ocean_post_title_style":"","ocean_post_title_background_color":"","ocean_post_title_background":0,"ocean_post_title_bg_image_position":"","ocean_post_title_bg_image_attachment":"","ocean_post_title_bg_image_repeat":"","ocean_post_title_bg_image_size":"","ocean_post_title_height":0,"ocean_post_title_bg_overlay":0.5,"ocean_post_title_bg_overlay_color":"","ocean_disable_breadcrumbs":"default","ocean_breadcrumbs_color":"","ocean_breadcrumbs_separator_color":"","ocean_breadcrumbs_links_color":"","ocean_breadcrumbs_links_hover_color":"","ocean_display_footer_widgets":"default","ocean_display_footer_bottom":"default","ocean_custom_footer_template":"0","footnotes":""},"class_list":["post-3512","page","type-page","status-publish","hentry","entry"],"yoast_head":"<!-- This site is optimized with the Yoast SEO plugin v27.5 - https:\/\/yoast.com\/product\/yoast-seo-wordpress\/ -->\n<title>Amalgamentfernung in der biologische Zahnmedizin - Lux Biohealth<\/title>\n<meta name=\"description\" content=\"Die Amalgamentfernung soll m\u00f6glichen negativen Auswirkungen des Materials auf den Organismus stoppen oder verhindern. Sehen Sie, wie!\" \/>\n<meta name=\"robots\" content=\"index, follow, max-snippet:-1, max-image-preview:large, max-video-preview:-1\" \/>\n<link rel=\"canonical\" href=\"https:\/\/zbz.lu\/de-ch\/amalgamentfernung\/\" \/>\n<meta property=\"og:locale\" content=\"de_DE\" \/>\n<meta property=\"og:type\" content=\"article\" \/>\n<meta property=\"og:title\" content=\"Amalgamentfernung in der biologische Zahnmedizin - Lux Biohealth\" \/>\n<meta property=\"og:description\" content=\"Die Amalgamentfernung soll m\u00f6glichen negativen Auswirkungen des Materials auf den Organismus stoppen oder verhindern. Sehen Sie, wie!\" \/>\n<meta property=\"og:url\" content=\"https:\/\/zbz.lu\/de-ch\/amalgamentfernung\/\" \/>\n<meta property=\"og:site_name\" content=\"Lux Biohealth\" \/>\n<meta property=\"article:modified_time\" content=\"2024-08-29T12:23:10+00:00\" \/>\n<meta property=\"og:image\" content=\"https:\/\/zbz.lu\/wp-content\/uploads\/2020\/10\/Untitled-2d.jpg\" \/>\n<meta name=\"twitter:card\" content=\"summary_large_image\" \/>\n<meta name=\"twitter:label1\" content=\"Gesch\u00e4tzte Lesezeit\" \/>\n\t<meta name=\"twitter:data1\" content=\"3\u00a0Minuten\" \/>\n<script type=\"application\/ld+json\" class=\"yoast-schema-graph\">{\"@context\":\"https:\\\/\\\/schema.org\",\"@graph\":[{\"@type\":\"WebPage\",\"@id\":\"https:\\\/\\\/zbz.lu\\\/de-ch\\\/amalgamentfernung\\\/\",\"url\":\"https:\\\/\\\/zbz.lu\\\/de-ch\\\/amalgamentfernung\\\/\",\"name\":\"Amalgamentfernung in der biologische Zahnmedizin - Lux Biohealth\",\"isPartOf\":{\"@id\":\"https:\\\/\\\/zbz.lu\\\/de-ch\\\/#website\"},\"primaryImageOfPage\":{\"@id\":\"https:\\\/\\\/zbz.lu\\\/de-ch\\\/amalgamentfernung\\\/#primaryimage\"},\"image\":{\"@id\":\"https:\\\/\\\/zbz.lu\\\/de-ch\\\/amalgamentfernung\\\/#primaryimage\"},\"thumbnailUrl\":\"https:\\\/\\\/zbz.lu\\\/wp-content\\\/uploads\\\/2020\\\/10\\\/Untitled-2d.jpg\",\"datePublished\":\"2020-10-21T08:52:56+00:00\",\"dateModified\":\"2024-08-29T12:23:10+00:00\",\"description\":\"Die Amalgamentfernung soll m\u00f6glichen negativen Auswirkungen des Materials auf den Organismus stoppen oder verhindern. Sehen Sie, wie!\",\"breadcrumb\":{\"@id\":\"https:\\\/\\\/zbz.lu\\\/de-ch\\\/amalgamentfernung\\\/#breadcrumb\"},\"inLanguage\":\"de-CH\",\"potentialAction\":[{\"@type\":\"ReadAction\",\"target\":[\"https:\\\/\\\/zbz.lu\\\/de-ch\\\/amalgamentfernung\\\/\"]}]},{\"@type\":\"ImageObject\",\"inLanguage\":\"de-CH\",\"@id\":\"https:\\\/\\\/zbz.lu\\\/de-ch\\\/amalgamentfernung\\\/#primaryimage\",\"url\":\"https:\\\/\\\/zbz.lu\\\/wp-content\\\/uploads\\\/2020\\\/10\\\/Untitled-2d.jpg\",\"contentUrl\":\"https:\\\/\\\/zbz.lu\\\/wp-content\\\/uploads\\\/2020\\\/10\\\/Untitled-2d.jpg\"},{\"@type\":\"BreadcrumbList\",\"@id\":\"https:\\\/\\\/zbz.lu\\\/de-ch\\\/amalgamentfernung\\\/#breadcrumb\",\"itemListElement\":[{\"@type\":\"ListItem\",\"position\":1,\"name\":\"Startseite\",\"item\":\"https:\\\/\\\/zbz.lu\\\/de-ch\\\/homepage\\\/\"},{\"@type\":\"ListItem\",\"position\":2,\"name\":\"Amalgamentfernung\"}]},{\"@type\":\"WebSite\",\"@id\":\"https:\\\/\\\/zbz.lu\\\/de-ch\\\/#website\",\"url\":\"https:\\\/\\\/zbz.lu\\\/de-ch\\\/\",\"name\":\"Lux Biohealth\",\"description\":\"Zentrum f\u00fcr biologische Zahnmedizin\",\"publisher\":{\"@id\":\"https:\\\/\\\/zbz.lu\\\/de-ch\\\/#organization\"},\"potentialAction\":[{\"@type\":\"SearchAction\",\"target\":{\"@type\":\"EntryPoint\",\"urlTemplate\":\"https:\\\/\\\/zbz.lu\\\/de-ch\\\/?s={search_term_string}\"},\"query-input\":{\"@type\":\"PropertyValueSpecification\",\"valueRequired\":true,\"valueName\":\"search_term_string\"}}],\"inLanguage\":\"de-CH\"},{\"@type\":\"Organization\",\"@id\":\"https:\\\/\\\/zbz.lu\\\/de-ch\\\/#organization\",\"name\":\"Lux Biohealth\",\"url\":\"https:\\\/\\\/zbz.lu\\\/de-ch\\\/\",\"logo\":{\"@type\":\"ImageObject\",\"inLanguage\":\"de-CH\",\"@id\":\"https:\\\/\\\/zbz.lu\\\/de-ch\\\/#\\\/schema\\\/logo\\\/image\\\/\",\"url\":\"https:\\\/\\\/zbz.lu\\\/wp-content\\\/uploads\\\/2025\\\/11\\\/LuxBioHealth4.png\",\"contentUrl\":\"https:\\\/\\\/zbz.lu\\\/wp-content\\\/uploads\\\/2025\\\/11\\\/LuxBioHealth4.png\",\"width\":1432,\"height\":374,\"caption\":\"Lux Biohealth\"},\"image\":{\"@id\":\"https:\\\/\\\/zbz.lu\\\/de-ch\\\/#\\\/schema\\\/logo\\\/image\\\/\"}}]}<\/script>\n<!-- \/ Yoast SEO plugin. -->","yoast_head_json":{"title":"Amalgamentfernung in der biologische Zahnmedizin - Lux Biohealth","description":"Die Amalgamentfernung soll m\u00f6glichen negativen Auswirkungen des Materials auf den Organismus stoppen oder verhindern. Sehen Sie, wie!","robots":{"index":"index","follow":"follow","max-snippet":"max-snippet:-1","max-image-preview":"max-image-preview:large","max-video-preview":"max-video-preview:-1"},"canonical":"https:\/\/zbz.lu\/de-ch\/amalgamentfernung\/","og_locale":"de_DE","og_type":"article","og_title":"Amalgamentfernung in der biologische Zahnmedizin - Lux Biohealth","og_description":"Die Amalgamentfernung soll m\u00f6glichen negativen Auswirkungen des Materials auf den Organismus stoppen oder verhindern. Sehen Sie, wie!","og_url":"https:\/\/zbz.lu\/de-ch\/amalgamentfernung\/","og_site_name":"Lux Biohealth","article_modified_time":"2024-08-29T12:23:10+00:00","og_image":[{"url":"https:\/\/zbz.lu\/wp-content\/uploads\/2020\/10\/Untitled-2d.jpg","type":"","width":"","height":""}],"twitter_card":"summary_large_image","twitter_misc":{"Gesch\u00e4tzte Lesezeit":"3\u00a0Minuten"},"schema":{"@context":"https:\/\/schema.org","@graph":[{"@type":"WebPage","@id":"https:\/\/zbz.lu\/de-ch\/amalgamentfernung\/","url":"https:\/\/zbz.lu\/de-ch\/amalgamentfernung\/","name":"Amalgamentfernung in der biologische Zahnmedizin - Lux Biohealth","isPartOf":{"@id":"https:\/\/zbz.lu\/de-ch\/#website"},"primaryImageOfPage":{"@id":"https:\/\/zbz.lu\/de-ch\/amalgamentfernung\/#primaryimage"},"image":{"@id":"https:\/\/zbz.lu\/de-ch\/amalgamentfernung\/#primaryimage"},"thumbnailUrl":"https:\/\/zbz.lu\/wp-content\/uploads\/2020\/10\/Untitled-2d.jpg","datePublished":"2020-10-21T08:52:56+00:00","dateModified":"2024-08-29T12:23:10+00:00","description":"Die Amalgamentfernung soll m\u00f6glichen negativen Auswirkungen des Materials auf den Organismus stoppen oder verhindern. Sehen Sie, wie!","breadcrumb":{"@id":"https:\/\/zbz.lu\/de-ch\/amalgamentfernung\/#breadcrumb"},"inLanguage":"de-CH","potentialAction":[{"@type":"ReadAction","target":["https:\/\/zbz.lu\/de-ch\/amalgamentfernung\/"]}]},{"@type":"ImageObject","inLanguage":"de-CH","@id":"https:\/\/zbz.lu\/de-ch\/amalgamentfernung\/#primaryimage","url":"https:\/\/zbz.lu\/wp-content\/uploads\/2020\/10\/Untitled-2d.jpg","contentUrl":"https:\/\/zbz.lu\/wp-content\/uploads\/2020\/10\/Untitled-2d.jpg"},{"@type":"BreadcrumbList","@id":"https:\/\/zbz.lu\/de-ch\/amalgamentfernung\/#breadcrumb","itemListElement":[{"@type":"ListItem","position":1,"name":"Startseite","item":"https:\/\/zbz.lu\/de-ch\/homepage\/"},{"@type":"ListItem","position":2,"name":"Amalgamentfernung"}]},{"@type":"WebSite","@id":"https:\/\/zbz.lu\/de-ch\/#website","url":"https:\/\/zbz.lu\/de-ch\/","name":"Lux Biohealth","description":"Zentrum f\u00fcr biologische Zahnmedizin","publisher":{"@id":"https:\/\/zbz.lu\/de-ch\/#organization"},"potentialAction":[{"@type":"SearchAction","target":{"@type":"EntryPoint","urlTemplate":"https:\/\/zbz.lu\/de-ch\/?s={search_term_string}"},"query-input":{"@type":"PropertyValueSpecification","valueRequired":true,"valueName":"search_term_string"}}],"inLanguage":"de-CH"},{"@type":"Organization","@id":"https:\/\/zbz.lu\/de-ch\/#organization","name":"Lux Biohealth","url":"https:\/\/zbz.lu\/de-ch\/","logo":{"@type":"ImageObject","inLanguage":"de-CH","@id":"https:\/\/zbz.lu\/de-ch\/#\/schema\/logo\/image\/","url":"https:\/\/zbz.lu\/wp-content\/uploads\/2025\/11\/LuxBioHealth4.png","contentUrl":"https:\/\/zbz.lu\/wp-content\/uploads\/2025\/11\/LuxBioHealth4.png","width":1432,"height":374,"caption":"Lux Biohealth"},"image":{"@id":"https:\/\/zbz.lu\/de-ch\/#\/schema\/logo\/image\/"}}]}},"_links":{"self":[{"href":"https:\/\/zbz.lu\/de-ch\/wp-json\/wp\/v2\/pages\/3512","targetHints":{"allow":["GET"]}}],"collection":[{"href":"https:\/\/zbz.lu\/de-ch\/wp-json\/wp\/v2\/pages"}],"about":[{"href":"https:\/\/zbz.lu\/de-ch\/wp-json\/wp\/v2\/types\/page"}],"author":[{"embeddable":true,"href":"https:\/\/zbz.lu\/de-ch\/wp-json\/wp\/v2\/users\/1"}],"replies":[{"embeddable":true,"href":"https:\/\/zbz.lu\/de-ch\/wp-json\/wp\/v2\/comments?post=3512"}],"version-history":[{"count":3,"href":"https:\/\/zbz.lu\/de-ch\/wp-json\/wp\/v2\/pages\/3512\/revisions"}],"predecessor-version":[{"id":3929,"href":"https:\/\/zbz.lu\/de-ch\/wp-json\/wp\/v2\/pages\/3512\/revisions\/3929"}],"wp:attachment":[{"href":"https:\/\/zbz.lu\/de-ch\/wp-json\/wp\/v2\/media?parent=3512"}],"curies":[{"name":"wp","href":"https:\/\/api.w.org\/{rel}","templated":true}]}}